{"id":10931,"date":"2024-09-28T12:49:15","date_gmt":"2024-09-28T10:49:15","guid":{"rendered":"https:\/\/pikadigital.eu\/?page_id=10931"},"modified":"2024-10-02T00:38:48","modified_gmt":"2024-10-01T22:38:48","slug":"profil","status":"publish","type":"page","link":"https:\/\/pikadigital.eu\/hr\/profil\/","title":{"rendered":"Profil"},"content":{"rendered":"<div data-elementor-type=\"wp-page\" data-elementor-id=\"10931\" class=\"elementor elementor-10931\" data-elementor-post-type=\"page\">\n\t\t\t\t<div class=\"elementor-element elementor-element-f366936 e-flex e-con-boxed e-con e-parent\" data-id=\"f366936\" data-element_type=\"container\" data-settings=\"{&quot;jet_parallax_layout_list&quot;:[]}\">\n\t\t\t\t\t<div class=\"e-con-inner\">\n\t\t\t\t<div class=\"elementor-element elementor-element-82af836 e-my-account-tabs-horizontal elementor-widget__width-inherit profil elementor-widget elementor-widget-woocommerce-my-account\" data-id=\"82af836\" data-element_type=\"widget\" data-widget_type=\"woocommerce-my-account.default\">\n\t\t\t\t<div class=\"elementor-widget-container\">\n\t\t\t\t\t<div class=\"e-my-account-tab e-my-account-tab__\">\t\t\t<div class=\"woocommerce\"><\/div>\t\t<\/div>\n\t\t\t\t\t\t<\/div>\n\t\t\t\t<\/div>\n\t\t\t\t\t<\/div>\n\t\t\t\t<\/div>\n\t\t\t\t<\/div>","protected":false},"excerpt":{"rendered":"<p>Splo\u0161no Naro\u010dila Naslov Moji podatki Odjava Splo\u0161no Naro\u010dila Naslov Moji podatki Odjava Splo\u0161no Naro\u010dila Naslov Moji podatki Odjava Splo\u0161no Naro\u010dila Naslov Moji podatki Odjava Hello Zana (not Zana? Log out) From your account dashboard you can view your recent orders, manage your billing address, and edit your password and account details.<\/p>","protected":false},"author":11,"featured_media":0,"parent":0,"menu_order":0,"comment_status":"closed","ping_status":"closed","template":"","meta":{"footnotes":""},"class_list":["post-10931","page","type-page","status-publish","hentry"],"jetpack_sharing_enabled":true,"_links":{"self":[{"href":"https:\/\/pikadigital.eu\/hr\/wp-json\/wp\/v2\/pages\/10931","targetHints":{"allow":["GET"]}}],"collection":[{"href":"https:\/\/pikadigital.eu\/hr\/wp-json\/wp\/v2\/pages"}],"about":[{"href":"https:\/\/pikadigital.eu\/hr\/wp-json\/wp\/v2\/types\/page"}],"author":[{"embeddable":true,"href":"https:\/\/pikadigital.eu\/hr\/wp-json\/wp\/v2\/users\/11"}],"replies":[{"embeddable":true,"href":"https:\/\/pikadigital.eu\/hr\/wp-json\/wp\/v2\/comments?post=10931"}],"version-history":[{"count":0,"href":"https:\/\/pikadigital.eu\/hr\/wp-json\/wp\/v2\/pages\/10931\/revisions"}],"wp:attachment":[{"href":"https:\/\/pikadigital.eu\/hr\/wp-json\/wp\/v2\/media?parent=10931"}],"curies":[{"name":"wp","href":"https:\/\/api.w.org\/{rel}","templated":true}]}}