{"id":1578,"date":"2023-05-23T19:28:39","date_gmt":"2023-05-23T19:28:39","guid":{"rendered":"https:\/\/pika360.si\/?page_id=1578"},"modified":"2024-08-24T15:23:46","modified_gmt":"2024-08-24T13:23:46","slug":"cs-modibodi","status":"publish","type":"page","link":"https:\/\/pikadigital.eu\/hr\/cs-modibodi\/","title":{"rendered":"CS Modibodi"},"content":{"rendered":"<div data-elementor-type=\"wp-page\" data-elementor-id=\"1578\" class=\"elementor elementor-1578\" data-elementor-post-type=\"page\">\n\t\t\t\t<div class=\"elementor-element elementor-element-73405cd e-flex e-con-boxed e-con e-parent\" data-id=\"73405cd\" data-element_type=\"container\" data-settings=\"{&quot;jet_parallax_layout_list&quot;:[],&quot;background_background&quot;:&quot;classic&quot;}\">\n\t\t\t\t\t<div class=\"e-con-inner\">\n\t\t<div class=\"elementor-element elementor-element-246de48 e-con-full e-flex e-con e-child\" data-id=\"246de48\" data-element_type=\"container\" data-settings=\"{&quot;jet_parallax_layout_list&quot;:[]}\">\n\t\t\t\t<div class=\"elementor-element elementor-element-eed1677 elementor-widget-mobile__width-initial elementor-widget elementor-widget-text-editor\" data-id=\"eed1677\" data-element_type=\"widget\" data-widget_type=\"text-editor.default\">\n\t\t\t\t<div class=\"elementor-widget-container\">\n\t\t\t\t\t\t\t\t\t<div class=\"text\"><div class=\"text text\">Studija slu\u010daja<\/div><\/div>\t\t\t\t\t\t\t\t<\/div>\n\t\t\t\t<\/div>\n\t\t\t\t<div class=\"elementor-element elementor-element-925b9eb elementor-widget-mobile__width-initial elementor-widget elementor-widget-heading\" data-id=\"925b9eb\" data-element_type=\"widget\" data-widget_type=\"heading.default\">\n\t\t\t\t<div class=\"elementor-widget-container\">\n\t\t\t\t\t<h1 class=\"elementor-heading-title elementor-size-default translation-block\">Implementacijom strate\u0161kih popusta do <b>200% ve\u0107e prodaje<\/b><\/h1>\t\t\t\t<\/div>\n\t\t\t\t<\/div>\n\t\t\t\t<\/div>\n\t\t\t\t\t<\/div>\n\t\t\t\t<\/div>\n\t\t<div class=\"elementor-element elementor-element-26e0496 e-flex e-con-boxed e-con e-parent\" data-id=\"26e0496\" data-element_type=\"container\" data-settings=\"{&quot;jet_parallax_layout_list&quot;:[]}\">\n\t\t\t\t\t<div class=\"e-con-inner\">\n\t\t<div class=\"elementor-element elementor-element-5b44494 e-con-full e-flex e-con e-child\" data-id=\"5b44494\" data-element_type=\"container\" data-settings=\"{&quot;jet_parallax_layout_list&quot;:[]}\">\n\t\t\t\t<div class=\"elementor-element elementor-element-bb88977 elementor-widget elementor-widget-text-editor\" data-id=\"bb88977\" data-element_type=\"widget\" data-widget_type=\"text-editor.default\">\n\t\t\t\t<div class=\"elementor-widget-container\">\n\t\t\t\t\t\t\t\t\t<p class=\"translation-block\"><span>Modibodi Slovenija tvrtka je koja te\u017ei <b>odr\u017eivom pristupu.<\/b> Svako vlakno utkano u njihove visokokvalitetne proizvode pru\u017ea podr\u0161ku tijekom menstruacije i inkontinencije, dokaz je njihove nepopustljive predanosti. <\/span><\/p><p>Tvrtku smo kontaktirali 2023. godine, kada je klijent tra\u017eio <b>pouzdanog partnera<\/b> koji bi im pomogao da ostvare <b>ve\u0107u prodaju.<\/b><\/p>\t\t\t\t\t\t\t\t<\/div>\n\t\t\t\t<\/div>\n\t\t\t\t<\/div>\n\t\t<div class=\"elementor-element elementor-element-54bfe54 e-con-full e-flex e-con e-child\" data-id=\"54bfe54\" data-element_type=\"container\" data-settings=\"{&quot;jet_parallax_layout_list&quot;:[]}\">\n\t\t\t\t<div class=\"elementor-element elementor-element-22dcf3b elementor-invisible elementor-widget elementor-widget-button\" data-id=\"22dcf3b\" data-element_type=\"widget\" data-settings=\"{&quot;_animation&quot;:&quot;fadeInRight&quot;,&quot;_animation_delay&quot;:350}\" data-widget_type=\"button.default\">\n\t\t\t\t<div class=\"elementor-widget-container\">\n\t\t\t\t\t\t\t\t\t<div class=\"elementor-button-wrapper\">\n\t\t\t\t\t<a class=\"elementor-button elementor-button-link elementor-size-sm\" href=\"#cre\">\n\t\t\t\t\t\t<span class=\"elementor-button-content-wrapper\">\n\t\t\t\t\t\t\t\t\t<span class=\"elementor-button-text\">Kreativni pristup<\/span>\n\t\t\t\t\t<\/span>\n\t\t\t\t\t<\/a>\n\t\t\t\t<\/div>\n\t\t\t\t\t\t\t\t<\/div>\n\t\t\t\t<\/div>\n\t\t\t\t<div class=\"elementor-element elementor-element-9b5138f elementor-invisible elementor-widget elementor-widget-button\" data-id=\"9b5138f\" data-element_type=\"widget\" data-settings=\"{&quot;_animation&quot;:&quot;fadeInRight&quot;,&quot;_animation_delay&quot;:650}\" data-widget_type=\"button.default\">\n\t\t\t\t<div class=\"elementor-widget-container\">\n\t\t\t\t\t\t\t\t\t<div class=\"elementor-button-wrapper\">\n\t\t\t\t\t<a class=\"elementor-button elementor-button-link elementor-size-sm\" href=\"#dis\">\n\t\t\t\t\t\t<span class=\"elementor-button-content-wrapper\">\n\t\t\t\t\t\t\t\t\t<span class=\"elementor-button-text\">Strategija popusta<\/span>\n\t\t\t\t\t<\/span>\n\t\t\t\t\t<\/a>\n\t\t\t\t<\/div>\n\t\t\t\t\t\t\t\t<\/div>\n\t\t\t\t<\/div>\n\t\t\t\t<div class=\"elementor-element elementor-element-070d82a elementor-invisible elementor-widget elementor-widget-button\" data-id=\"070d82a\" data-element_type=\"widget\" data-settings=\"{&quot;_animation&quot;:&quot;fadeInRight&quot;,&quot;_animation_delay&quot;:950}\" data-widget_type=\"button.default\">\n\t\t\t\t<div class=\"elementor-widget-container\">\n\t\t\t\t\t\t\t\t\t<div class=\"elementor-button-wrapper\">\n\t\t\t\t\t<a class=\"elementor-button elementor-button-link elementor-size-sm\" href=\"#key\">\n\t\t\t\t\t\t<span class=\"elementor-button-content-wrapper\">\n\t\t\t\t\t\t\t\t\t<span class=\"elementor-button-text\">Klju\u010dne metrike i rezultati<\/span>\n\t\t\t\t\t<\/span>\n\t\t\t\t\t<\/a>\n\t\t\t\t<\/div>\n\t\t\t\t\t\t\t\t<\/div>\n\t\t\t\t<\/div>\n\t\t\t\t<\/div>\n\t\t\t\t\t<\/div>\n\t\t\t\t<\/div>\n\t\t<div class=\"elementor-element elementor-element-bfe17a3 e-flex e-con-boxed e-con e-parent\" data-id=\"bfe17a3\" data-element_type=\"container\" data-settings=\"{&quot;jet_parallax_layout_list&quot;:[]}\">\n\t\t\t\t\t<div class=\"e-con-inner\">\n\t\t<div class=\"elementor-element elementor-element-dac2f77 e-con-full e-flex e-con e-child\" data-id=\"dac2f77\" data-element_type=\"container\" data-settings=\"{&quot;jet_parallax_layout_list&quot;:[]}\">\n\t\t\t\t<div class=\"elementor-element elementor-element-0df320d elementor-widget elementor-widget-heading\" data-id=\"0df320d\" data-element_type=\"widget\" data-widget_type=\"heading.default\">\n\t\t\t\t<div class=\"elementor-widget-container\">\n\t\t\t\t\t<h5 class=\"elementor-heading-title elementor-size-default\">Ciljevi na\u0161e kampanje<\/h5>\t\t\t\t<\/div>\n\t\t\t\t<\/div>\n\t\t\t\t<div class=\"elementor-element elementor-element-15c60f8 elementor-widget-mobile__width-initial elementor-widget__width-initial elementor-widget elementor-widget-heading\" data-id=\"15c60f8\" data-element_type=\"widget\" data-widget_type=\"heading.default\">\n\t\t\t\t<div class=\"elementor-widget-container\">\n\t\t\t\t\t<h2 class=\"elementor-heading-title elementor-size-default translation-block\">Sretni smo \u0161to smo s Modibodijem stvorili supje\u0161nu kampanju.<\/h2>\t\t\t\t<\/div>\n\t\t\t\t<\/div>\n\t\t\t\t<\/div>\n\t\t\t\t\t<\/div>\n\t\t\t\t<\/div>\n\t\t<div class=\"elementor-element elementor-element-eaea68a animated-slow e-flex e-con-boxed elementor-invisible e-con e-parent\" data-id=\"eaea68a\" data-element_type=\"container\" data-settings=\"{&quot;jet_parallax_layout_list&quot;:[],&quot;animation&quot;:&quot;fadeIn&quot;,&quot;animation_delay&quot;:350}\">\n\t\t\t\t\t<div class=\"e-con-inner\">\n\t\t<div class=\"elementor-element elementor-element-0a87f89 e-con-full e-flex e-con e-child\" data-id=\"0a87f89\" data-element_type=\"container\" data-settings=\"{&quot;jet_parallax_layout_list&quot;:[]}\">\n\t\t\t\t<div class=\"elementor-element elementor-element-8808d8c elementor-widget elementor-widget-heading\" data-id=\"8808d8c\" data-element_type=\"widget\" data-widget_type=\"heading.default\">\n\t\t\t\t<div class=\"elementor-widget-container\">\n\t\t\t\t\t<h2 class=\"elementor-heading-title elementor-size-default translation-block\">Kreative koje <b>privla\u010de<\/b> pozornost publike<\/h2>\t\t\t\t<\/div>\n\t\t\t\t<\/div>\n\t\t\t\t<div class=\"elementor-element elementor-element-312db55 elementor-widget elementor-widget-heading\" data-id=\"312db55\" data-element_type=\"widget\" data-widget_type=\"heading.default\">\n\t\t\t\t<div class=\"elementor-widget-container\">\n\t\t\t\t\t<h2 class=\"elementor-heading-title elementor-size-default translation-block\">Ostvarite <b>visoki povrat ulaganja<\/b> u ogla\u0161avanje<\/h2>\t\t\t\t<\/div>\n\t\t\t\t<\/div>\n\t\t\t\t<div class=\"elementor-element elementor-element-a28b8e7 elementor-widget elementor-widget-heading\" data-id=\"a28b8e7\" data-element_type=\"widget\" data-widget_type=\"heading.default\">\n\t\t\t\t<div class=\"elementor-widget-container\">\n\t\t\t\t\t<h2 class=\"elementor-heading-title elementor-size-default\">Pove\u0107anje broja narud\u017ebi<\/h2>\t\t\t\t<\/div>\n\t\t\t\t<\/div>\n\t\t\t\t<div class=\"elementor-element elementor-element-ddc7717 elementor-widget elementor-widget-heading\" data-id=\"ddc7717\" data-element_type=\"widget\" data-widget_type=\"heading.default\">\n\t\t\t\t<div class=\"elementor-widget-container\">\n\t\t\t\t\t<h2 class=\"elementor-heading-title elementor-size-default translation-block\">Stvoriti novu, druga\u010diju <b>strategiju popusta<\/b><\/h2>\t\t\t\t<\/div>\n\t\t\t\t<\/div>\n\t\t\t\t<\/div>\n\t\t<div class=\"elementor-element elementor-element-c22e8fc e-con-full e-flex e-con e-child\" data-id=\"c22e8fc\" data-element_type=\"container\" data-settings=\"{&quot;jet_parallax_layout_list&quot;:[]}\">\n\t\t\t\t<div class=\"elementor-element elementor-element-69cbb04 elementor-widget elementor-widget-text-editor\" data-id=\"69cbb04\" data-element_type=\"widget\" data-widget_type=\"text-editor.default\">\n\t\t\t\t<div class=\"elementor-widget-container\">\n\t\t\t\t\t\t\t\t\t<p class=\"translation-block\"><span>Da bismo postigli cilj, pribjegli smo <b>marketin\u0161koj kampanji<\/b>, \u010dija je svrha bila pove\u0107ati broj narud\u017ebi i ostvariti visok povrat ulaganja u ogla\u0161avanje za tvrtku s <b>manjim prora\u010dunom.<\/b><\/span><\/p>\n<p class=\"translation-block\"><span>Strate\u0161ki osmi\u0161ljena kampanja ostvarila je impresivno visok <b>ROAS od 49,49!<\/b><\/span><\/p>\t\t\t\t\t\t\t\t<\/div>\n\t\t\t\t<\/div>\n\t\t\t\t<div class=\"elementor-element elementor-element-c60625e elementor-widget elementor-widget-button\" data-id=\"c60625e\" data-element_type=\"widget\" data-widget_type=\"button.default\">\n\t\t\t\t<div class=\"elementor-widget-container\">\n\t\t\t\t\t\t\t\t\t<div class=\"elementor-button-wrapper\">\n\t\t\t\t\t<a class=\"elementor-button elementor-button-link elementor-size-sm\" href=\"#key\">\n\t\t\t\t\t\t<span class=\"elementor-button-content-wrapper\">\n\t\t\t\t\t\t\t\t\t<span class=\"elementor-button-text\">Vi\u0161e<\/span>\n\t\t\t\t\t<\/span>\n\t\t\t\t\t<\/a>\n\t\t\t\t<\/div>\n\t\t\t\t\t\t\t\t<\/div>\n\t\t\t\t<\/div>\n\t\t\t\t<\/div>\n\t\t\t\t\t<\/div>\n\t\t\t\t<\/div>\n\t\t<div class=\"elementor-element elementor-element-77beef3 e-flex e-con-boxed e-con e-parent\" data-id=\"77beef3\" data-element_type=\"container\" id=\"cre\" data-settings=\"{&quot;jet_parallax_layout_list&quot;:[]}\">\n\t\t\t\t\t<div class=\"e-con-inner\">\n\t\t<div class=\"elementor-element elementor-element-99e3a7a e-con-full e-flex e-con e-child\" data-id=\"99e3a7a\" data-element_type=\"container\" data-settings=\"{&quot;jet_parallax_layout_list&quot;:[]}\">\n\t\t\t\t<div class=\"elementor-element elementor-element-b2d2cf3 elementor-widget elementor-widget-text-editor\" data-id=\"b2d2cf3\" data-element_type=\"widget\" data-widget_type=\"text-editor.default\">\n\t\t\t\t<div class=\"elementor-widget-container\">\n\t\t\t\t\t\t\t\t\t<p>Kreativni pristup<\/p>\t\t\t\t\t\t\t\t<\/div>\n\t\t\t\t<\/div>\n\t\t\t\t<div class=\"elementor-element elementor-element-3067046 elementor-widget__width-initial elementor-widget elementor-widget-text-editor\" data-id=\"3067046\" data-element_type=\"widget\" data-widget_type=\"text-editor.default\">\n\t\t\t\t<div class=\"elementor-widget-container\">\n\t\t\t\t\t\t\t\t\t<p><span style=\"font-weight: 400;\">Kampanju smo osmislili s istaknutim animiranim rkeativama i tekstom koji su tvrtki pomogli da zaokupe pozornost ciljane publike i na kreativan na\u010din je istaknu od konkurencije.<\/span><\/p>\n<p><span style=\"font-weight: 400;\">Animirani oglasi bili su vizualno privla\u010dni i uskla\u0111eni s identitetom branda. Cilj takvog pristupa bio je pove\u0107ati omjer pojavljivanja i klikova te te klikove pretvoriti u konverzije.<\/span><\/p>\t\t\t\t\t\t\t\t<\/div>\n\t\t\t\t<\/div>\n\t\t\t\t<\/div>\n\t\t<div class=\"elementor-element elementor-element-72ae520 e-con-full e-flex e-con e-child\" data-id=\"72ae520\" data-element_type=\"container\" data-settings=\"{&quot;jet_parallax_layout_list&quot;:[]}\">\n\t\t\t\t<div class=\"elementor-element elementor-element-3919506 animated-slow elementor-invisible elementor-widget elementor-widget-image\" data-id=\"3919506\" data-element_type=\"widget\" data-settings=\"{&quot;_animation&quot;:&quot;fadeInUp&quot;}\" data-widget_type=\"image.default\">\n\t\t\t\t<div class=\"elementor-widget-container\">\n\t\t\t\t\t\t\t\t\t\t\t\t\t\t\t<img fetchpriority=\"high\" decoding=\"async\" width=\"476\" height=\"640\" src=\"https:\/\/pikadigital.eu\/wp-content\/uploads\/2023\/05\/modibodics1-3.png\" class=\"attachment-large size-large wp-image-1587\" alt=\"Serija objav za stranko Modibodi\" srcset=\"https:\/\/pikadigital.eu\/wp-content\/uploads\/2023\/05\/modibodics1-3.png 476w, https:\/\/pikadigital.eu\/wp-content\/uploads\/2023\/05\/modibodics1-3-223x300.png 223w, https:\/\/pikadigital.eu\/wp-content\/uploads\/2023\/05\/modibodics1-3-9x12.png 9w\" sizes=\"(max-width: 476px) 100vw, 476px\" \/>\t\t\t\t\t\t\t\t\t\t\t\t\t\t\t<\/div>\n\t\t\t\t<\/div>\n\t\t\t\t<\/div>\n\t\t\t\t\t<\/div>\n\t\t\t\t<\/div>\n\t\t<div class=\"elementor-element elementor-element-7d79a0b e-flex e-con-boxed e-con e-parent\" data-id=\"7d79a0b\" data-element_type=\"container\" id=\"dis\" data-settings=\"{&quot;jet_parallax_layout_list&quot;:[]}\">\n\t\t\t\t\t<div class=\"e-con-inner\">\n\t\t<div class=\"elementor-element elementor-element-747f0e8 e-con-full e-flex e-con e-child\" data-id=\"747f0e8\" data-element_type=\"container\" data-settings=\"{&quot;jet_parallax_layout_list&quot;:[]}\">\n\t\t\t\t<div class=\"elementor-element elementor-element-d0f9252 elementor-invisible elementor-widget elementor-widget-image\" data-id=\"d0f9252\" data-element_type=\"widget\" data-settings=\"{&quot;_animation&quot;:&quot;fadeInUp&quot;}\" data-widget_type=\"image.default\">\n\t\t\t\t<div class=\"elementor-widget-container\">\n\t\t\t\t\t\t\t\t\t\t\t\t\t\t\t<img decoding=\"async\" width=\"551\" height=\"576\" src=\"https:\/\/pikadigital.eu\/wp-content\/uploads\/2023\/05\/mbcs2.png\" class=\"attachment-large size-large wp-image-1588\" alt=\"Kolekcija Modibodi sensual - objava\" srcset=\"https:\/\/pikadigital.eu\/wp-content\/uploads\/2023\/05\/mbcs2.png 551w, https:\/\/pikadigital.eu\/wp-content\/uploads\/2023\/05\/mbcs2-287x300.png 287w, https:\/\/pikadigital.eu\/wp-content\/uploads\/2023\/05\/mbcs2-11x12.png 11w\" sizes=\"(max-width: 551px) 100vw, 551px\" \/>\t\t\t\t\t\t\t\t\t\t\t\t\t\t\t<\/div>\n\t\t\t\t<\/div>\n\t\t\t\t<\/div>\n\t\t<div class=\"elementor-element elementor-element-5dc8cc2 e-con-full e-flex e-con e-child\" data-id=\"5dc8cc2\" data-element_type=\"container\" data-settings=\"{&quot;jet_parallax_layout_list&quot;:[]}\">\n\t\t\t\t<div class=\"elementor-element elementor-element-071cd04 elementor-widget elementor-widget-text-editor\" data-id=\"071cd04\" data-element_type=\"widget\" data-widget_type=\"text-editor.default\">\n\t\t\t\t<div class=\"elementor-widget-container\">\n\t\t\t\t\t\t\t\t\t<p>Strategija popusta<\/p>\t\t\t\t\t\t\t\t<\/div>\n\t\t\t\t<\/div>\n\t\t\t\t<div class=\"elementor-element elementor-element-3115e2d elementor-widget__width-initial elementor-widget elementor-widget-text-editor\" data-id=\"3115e2d\" data-element_type=\"widget\" data-widget_type=\"text-editor.default\">\n\t\t\t\t<div class=\"elementor-widget-container\">\n\t\t\t\t\t\t\t\t\t<p class=\"translation-block\">Tijekom kampanje svim kupcima ponudili smo popust pri kupnji. Budu\u0107i da smo bili svjesni da ovo nije tehnika koju tvrtka Modibodi jo\u0161 nije probala, popust smo podijelili u dvije razine.<br><br>Kupcima koji su platili do 70\u20ac ponudili smo standardni popust od 20% za njihovu narud\u017ebu. Oni kupci koji su napunili online ko\u0161aricu za vi\u0161e od 70 \u20ac nagra\u0111eni su ne\u0161to ve\u0107im popustom.<\/p><p>Odlu\u010dili smo se za dvostupanjsku razinu popusta kako bismo pove\u0107ali vrijednost online ko\u0161arice, \u0161to je utjecalo i na vi\u0161u prosje\u010dnu vrijednost narud\u017ebe (AOV).<\/p>\t\t\t\t\t\t\t\t<\/div>\n\t\t\t\t<\/div>\n\t\t\t\t<\/div>\n\t\t\t\t\t<\/div>\n\t\t\t\t<\/div>\n\t\t<div class=\"elementor-element elementor-element-2c9d00a e-flex e-con-boxed elementor-invisible e-con e-parent\" data-id=\"2c9d00a\" data-element_type=\"container\" data-settings=\"{&quot;jet_parallax_layout_list&quot;:[],&quot;animation&quot;:&quot;fadeIn&quot;,&quot;animation_delay&quot;:350}\">\n\t\t\t\t\t<div class=\"e-con-inner\">\n\t\t<div class=\"elementor-element elementor-element-624d210 e-con-full e-flex e-con e-child\" data-id=\"624d210\" data-element_type=\"container\" data-settings=\"{&quot;jet_parallax_layout_list&quot;:[]}\">\n\t\t\t\t<div class=\"elementor-element elementor-element-c6d749a elementor-widget elementor-widget-heading\" data-id=\"c6d749a\" data-element_type=\"widget\" data-widget_type=\"heading.default\">\n\t\t\t\t<div class=\"elementor-widget-container\">\n\t\t\t\t\t<h5 class=\"elementor-heading-title elementor-size-default\">FOMO<\/h5>\t\t\t\t<\/div>\n\t\t\t\t<\/div>\n\t\t\t\t<div class=\"elementor-element elementor-element-69c2099 elementor-widget-mobile__width-initial elementor-widget__width-initial elementor-widget elementor-widget-heading\" data-id=\"69c2099\" data-element_type=\"widget\" data-widget_type=\"heading.default\">\n\t\t\t\t<div class=\"elementor-widget-container\">\n\t\t\t\t\t<h2 class=\"elementor-heading-title elementor-size-default\">Strah od propu\u0161tanja<\/h2>\t\t\t\t<\/div>\n\t\t\t\t<\/div>\n\t\t\t\t<div class=\"elementor-element elementor-element-665c4a7 elementor-widget__width-initial elementor-widget elementor-widget-text-editor\" data-id=\"665c4a7\" data-element_type=\"widget\" data-widget_type=\"text-editor.default\">\n\t\t\t\t<div class=\"elementor-widget-container\">\n\t\t\t\t\t\t\t\t\t<p class=\"translation-block\">Na\u0161 marketin\u0161ki pristup pokazao se <b>izuzetno u\u010dinkovitim<\/b> jer smo pritisnuli sna\u017ean marketin\u0161ki okida\u010d postavljanjem kampanje u ograni\u010denom <b>trodnevnom vremenskom okviru.<\/b><\/p>\t\t\t\t\t\t\t\t<\/div>\n\t\t\t\t<\/div>\n\t\t\t\t<\/div>\n\t\t\t\t\t<\/div>\n\t\t\t\t<\/div>\n\t\t<div class=\"elementor-element elementor-element-5b7ecf6 e-flex e-con-boxed e-con e-parent\" data-id=\"5b7ecf6\" data-element_type=\"container\" id=\"key\" data-settings=\"{&quot;jet_parallax_layout_list&quot;:[]}\">\n\t\t\t\t\t<div class=\"e-con-inner\">\n\t\t<div class=\"elementor-element elementor-element-06e1281 e-con-full e-flex elementor-invisible e-con e-child\" data-id=\"06e1281\" data-element_type=\"container\" data-settings=\"{&quot;jet_parallax_layout_list&quot;:[],&quot;animation&quot;:&quot;fadeIn&quot;,&quot;animation_delay&quot;:350}\">\n\t\t\t\t<div class=\"elementor-element elementor-element-2d9c86c elementor-widget elementor-widget-heading\" data-id=\"2d9c86c\" data-element_type=\"widget\" data-widget_type=\"heading.default\">\n\t\t\t\t<div class=\"elementor-widget-container\">\n\t\t\t\t\t<h5 class=\"elementor-heading-title elementor-size-default\">Klju\u010dne metrike i rezultati<\/h5>\t\t\t\t<\/div>\n\t\t\t\t<\/div>\n\t\t\t\t<div class=\"elementor-element elementor-element-61b833e elementor-widget__width-initial elementor-widget elementor-widget-heading\" data-id=\"61b833e\" data-element_type=\"widget\" data-widget_type=\"heading.default\">\n\t\t\t\t<div class=\"elementor-widget-container\">\n\t\t\t\t\t<h2 class=\"elementor-heading-title elementor-size-default translation-block\">Rezultati su <b>nadma\u0161ili<\/b>sva o\u010dekivanja<\/h2>\t\t\t\t<\/div>\n\t\t\t\t<\/div>\n\t\t\t\t<div class=\"elementor-element elementor-element-45cb644 elementor-widget__width-initial elementor-widget elementor-widget-text-editor\" data-id=\"45cb644\" data-element_type=\"widget\" data-widget_type=\"text-editor.default\">\n\t\t\t\t<div class=\"elementor-widget-container\">\n\t\t\t\t\t\t\t\t\t<p class=\"translation-block\"><span>Razboritim kori\u0161tenjem izvrsnih animiranih kreativa i tekstova, dobro promi\u0161ljenom strategijom popusta i implementacijom kroz vremenski ograni\u010denu kampanju, <b>uspje\u0161no smo postigli ciljeve<\/b> koje smo postavili na po\u010detku marketin\u0161ke kampanje.<\/span><\/p>\t\t\t\t\t\t\t\t<\/div>\n\t\t\t\t<\/div>\n\t\t\t\t<\/div>\n\t\t<div class=\"elementor-element elementor-element-eee8350 e-con-full e-flex e-con e-child\" data-id=\"eee8350\" data-element_type=\"container\" data-settings=\"{&quot;jet_parallax_layout_list&quot;:[]}\">\n\t\t\t\t<div class=\"elementor-element elementor-element-34f348c elementor-invisible elementor-widget elementor-widget-heading\" data-id=\"34f348c\" data-element_type=\"widget\" data-settings=\"{&quot;_animation&quot;:&quot;fadeInLeft&quot;,&quot;_animation_delay&quot;:350}\" data-widget_type=\"heading.default\">\n\t\t\t\t<div class=\"elementor-widget-container\">\n\t\t\t\t\t<h2 class=\"elementor-heading-title elementor-size-default\"><b>+200%<\/b><\/h2>\t\t\t\t<\/div>\n\t\t\t\t<\/div>\n\t\t\t\t<div class=\"elementor-element elementor-element-7340fbc elementor-invisible elementor-widget elementor-widget-heading\" data-id=\"7340fbc\" data-element_type=\"widget\" data-settings=\"{&quot;_animation&quot;:&quot;fadeInLeft&quot;,&quot;_animation_delay&quot;:350}\" data-widget_type=\"heading.default\">\n\t\t\t\t<div class=\"elementor-widget-container\">\n\t\t\t\t\t<h2 class=\"elementor-heading-title elementor-size-default\">narud\u017ebi<\/h2>\t\t\t\t<\/div>\n\t\t\t\t<\/div>\n\t\t\t\t<div class=\"elementor-element elementor-element-049456f elementor-invisible elementor-widget elementor-widget-heading\" data-id=\"049456f\" data-element_type=\"widget\" data-settings=\"{&quot;_animation&quot;:&quot;fadeInLeft&quot;,&quot;_animation_delay&quot;:650}\" data-widget_type=\"heading.default\">\n\t\t\t\t<div class=\"elementor-widget-container\">\n\t\t\t\t\t<h2 class=\"elementor-heading-title elementor-size-default\"><b>49.49<\/b><\/h2>\t\t\t\t<\/div>\n\t\t\t\t<\/div>\n\t\t\t\t<div class=\"elementor-element elementor-element-d161895 elementor-invisible elementor-widget elementor-widget-heading\" data-id=\"d161895\" data-element_type=\"widget\" data-settings=\"{&quot;_animation&quot;:&quot;fadeInLeft&quot;,&quot;_animation_delay&quot;:650}\" data-widget_type=\"heading.default\">\n\t\t\t\t<div class=\"elementor-widget-container\">\n\t\t\t\t\t<h2 class=\"elementor-heading-title elementor-size-default\">ROAS<\/h2>\t\t\t\t<\/div>\n\t\t\t\t<\/div>\n\t\t\t\t<div class=\"elementor-element elementor-element-5c8f48f elementor-invisible elementor-widget elementor-widget-heading\" data-id=\"5c8f48f\" data-element_type=\"widget\" data-settings=\"{&quot;_animation&quot;:&quot;fadeInLeft&quot;,&quot;_animation_delay&quot;:950}\" data-widget_type=\"heading.default\">\n\t\t\t\t<div class=\"elementor-widget-container\">\n\t\t\t\t\t<h2 class=\"elementor-heading-title elementor-size-default\"><b>1.39\u20ac<\/b><\/h2>\t\t\t\t<\/div>\n\t\t\t\t<\/div>\n\t\t\t\t<div class=\"elementor-element elementor-element-9d01682 elementor-invisible elementor-widget elementor-widget-heading\" data-id=\"9d01682\" data-element_type=\"widget\" data-settings=\"{&quot;_animation&quot;:&quot;fadeInLeft&quot;,&quot;_animation_delay&quot;:950}\" data-widget_type=\"heading.default\">\n\t\t\t\t<div class=\"elementor-widget-container\">\n\t\t\t\t\t<h2 class=\"elementor-heading-title elementor-size-default\">CPA<\/h2>\t\t\t\t<\/div>\n\t\t\t\t<\/div>\n\t\t\t\t<\/div>\n\t\t\t\t\t<\/div>\n\t\t\t\t<\/div>\n\t\t<div class=\"elementor-element elementor-element-0e191e1 e-flex e-con-boxed e-con e-parent\" data-id=\"0e191e1\" data-element_type=\"container\" data-settings=\"{&quot;jet_parallax_layout_list&quot;:[]}\">\n\t\t\t\t\t<div class=\"e-con-inner\">\n\t\t\t\t<div class=\"elementor-element elementor-element-74476c0 elementor-widget__width-inherit elementor-widget elementor-widget-heading\" data-id=\"74476c0\" data-element_type=\"widget\" data-widget_type=\"heading.default\">\n\t\t\t\t<div class=\"elementor-widget-container\">\n\t\t\t\t\t<h2 class=\"elementor-heading-title elementor-size-default translation-block\"><b>Pro\u010ditajte vi\u0161e<\/b> <br>studija slu\u010daja<\/h2>\t\t\t\t<\/div>\n\t\t\t\t<\/div>\n\t\t\t\t<div class=\"elementor-element elementor-element-2e9a1ea elementor-align-center elementor-widget elementor-widget-button\" data-id=\"2e9a1ea\" data-element_type=\"widget\" data-widget_type=\"button.default\">\n\t\t\t\t<div class=\"elementor-widget-container\">\n\t\t\t\t\t\t\t\t\t<div class=\"elementor-button-wrapper\">\n\t\t\t\t\t<a class=\"elementor-button elementor-button-link elementor-size-lg\" href=\"https:\/\/pikadigital.eu\/hr\/resources\/\">\n\t\t\t\t\t\t<span class=\"elementor-button-content-wrapper\">\n\t\t\t\t\t\t\t\t\t<span class=\"elementor-button-text\">Vratite se na resurse<\/span>\n\t\t\t\t\t<\/span>\n\t\t\t\t\t<\/a>\n\t\t\t\t<\/div>\n\t\t\t\t\t\t\t\t<\/div>\n\t\t\t\t<\/div>\n\t\t\t\t\t<\/div>\n\t\t\t\t<\/div>\n\t\t\t\t<\/div>","protected":false},"excerpt":{"rendered":"<p>Case study By implementing strategic discounts up to 200% higher sales Modibodi Slovenia is a company that strives for a sustainable approach. Every fiber woven into their high-quality products that provide support during menstruation and incontinence, is a testament to their unyielding commitment. We contacted the company in 2023, when the client was looking for [&hellip;]<\/p>","protected":false},"author":3,"featured_media":0,"parent":0,"menu_order":0,"comment_status":"closed","ping_status":"closed","template":"","meta":{"footnotes":""},"class_list":["post-1578","page","type-page","status-publish","hentry"],"jetpack_sharing_enabled":true,"_links":{"self":[{"href":"https:\/\/pikadigital.eu\/hr\/wp-json\/wp\/v2\/pages\/1578","targetHints":{"allow":["GET"]}}],"collection":[{"href":"https:\/\/pikadigital.eu\/hr\/wp-json\/wp\/v2\/pages"}],"about":[{"href":"https:\/\/pikadigital.eu\/hr\/wp-json\/wp\/v2\/types\/page"}],"author":[{"embeddable":true,"href":"https:\/\/pikadigital.eu\/hr\/wp-json\/wp\/v2\/users\/3"}],"replies":[{"embeddable":true,"href":"https:\/\/pikadigital.eu\/hr\/wp-json\/wp\/v2\/comments?post=1578"}],"version-history":[{"count":0,"href":"https:\/\/pikadigital.eu\/hr\/wp-json\/wp\/v2\/pages\/1578\/revisions"}],"wp:attachment":[{"href":"https:\/\/pikadigital.eu\/hr\/wp-json\/wp\/v2\/media?parent=1578"}],"curies":[{"name":"wp","href":"https:\/\/api.w.org\/{rel}","templated":true}]}}