{"id":1755,"date":"2023-06-15T18:01:33","date_gmt":"2023-06-15T16:01:33","guid":{"rendered":"https:\/\/pikadigital.eu\/?page_id=1755"},"modified":"2023-10-24T19:45:19","modified_gmt":"2023-10-24T17:45:19","slug":"cs-lanuma","status":"publish","type":"page","link":"https:\/\/pikadigital.eu\/hr\/cs-lanuma\/","title":{"rendered":"CS Lanuma"},"content":{"rendered":"<div data-elementor-type=\"wp-page\" data-elementor-id=\"1755\" class=\"elementor elementor-1755\" data-elementor-post-type=\"page\">\n\t\t\t\t<div class=\"elementor-element elementor-element-7a43704 e-flex e-con-boxed e-con e-parent\" data-id=\"7a43704\" data-element_type=\"container\" data-settings=\"{&quot;jet_parallax_layout_list&quot;:[],&quot;background_background&quot;:&quot;classic&quot;}\">\n\t\t\t\t\t<div class=\"e-con-inner\">\n\t\t<div class=\"elementor-element elementor-element-f17e2ad e-con-full e-flex e-con e-child\" data-id=\"f17e2ad\" data-element_type=\"container\" data-settings=\"{&quot;jet_parallax_layout_list&quot;:[]}\">\n\t\t\t\t<div class=\"elementor-element elementor-element-c54e009 elementor-widget-mobile__width-initial elementor-widget elementor-widget-text-editor\" data-id=\"c54e009\" data-element_type=\"widget\" data-widget_type=\"text-editor.default\">\n\t\t\t\t<div class=\"elementor-widget-container\">\n\t\t\t\t\t\t\t\t\t<div class=\"text\"><div class=\"text text\">Studija slu\u010daja<\/div><\/div>\t\t\t\t\t\t\t\t<\/div>\n\t\t\t\t<\/div>\n\t\t\t\t<div class=\"elementor-element elementor-element-7675748 elementor-widget-mobile__width-initial elementor-widget elementor-widget-heading\" data-id=\"7675748\" data-element_type=\"widget\" data-widget_type=\"heading.default\">\n\t\t\t\t<div class=\"elementor-widget-container\">\n\t\t\t\t\t<h1 class=\"elementor-heading-title elementor-size-default translation-block\"><b>Impresivni rast<\/b> i <b>\u0161irenje<\/b> na \u010de\u0161kom, ma\u0111arskom i slova\u010dkom tr\u017ei\u0161tu<\/h1>\t\t\t\t<\/div>\n\t\t\t\t<\/div>\n\t\t\t\t<\/div>\n\t\t\t\t\t<\/div>\n\t\t\t\t<\/div>\n\t\t<div class=\"elementor-element elementor-element-b50e929 e-flex e-con-boxed e-con e-parent\" data-id=\"b50e929\" data-element_type=\"container\" data-settings=\"{&quot;jet_parallax_layout_list&quot;:[]}\">\n\t\t\t\t\t<div class=\"e-con-inner\">\n\t\t<div class=\"elementor-element elementor-element-4ebdc66 e-con-full e-flex e-con e-child\" data-id=\"4ebdc66\" data-element_type=\"container\" data-settings=\"{&quot;jet_parallax_layout_list&quot;:[]}\">\n\t\t\t\t<div class=\"elementor-element elementor-element-60b9353 elementor-widget elementor-widget-text-editor\" data-id=\"60b9353\" data-element_type=\"widget\" data-widget_type=\"text-editor.default\">\n\t\t\t\t<div class=\"elementor-widget-container\">\n\t\t\t\t\t\t\t\t\t<p class=\"translation-block\"><span style=\"font-weight: 400\">Nebeska udobnost koju nude Lanuma mekane i udobne tajice predstavljena je na <\/span><b>slovenskom i \u010de\u0161kom tr\u017ei\u0161tu u o\u017eujku 2023.<\/b><span style=\"font-weight: 400\">\u00a0\u00a0<\/span><\/p><p class=\"translation-block\"><span style=\"font-weight: 400\">Na\u0161a je kampanja imala za cilj <\/span><b>pove\u0107ati povrat ulaganja u ogla\u0161avanje (ROAS)<\/b><span style=\"font-weight: 400\"> i <\/span><b>smanjenje tro\u0161ka za akviziciju (CPA).<\/b><\/p><p class=\"translation-block\"><span style=\"font-weight: 400\">Na\u0161oj agenciji stoga je povjereno <\/span><b>optimiziranje marketin\u0161kih kampanja<\/b><span style=\"font-weight: 400\"> na slovenskom i \u010de\u0161kom tr\u017ei\u0161tu, s fokusom na pobolj\u0161anje ROAS-a i smanjenje CPA-a. <\/span><\/p>\t\t\t\t\t\t\t\t<\/div>\n\t\t\t\t<\/div>\n\t\t\t\t<\/div>\n\t\t<div class=\"elementor-element elementor-element-0be23e4 e-con-full e-flex e-con e-child\" data-id=\"0be23e4\" data-element_type=\"container\" data-settings=\"{&quot;jet_parallax_layout_list&quot;:[]}\">\n\t\t\t\t<div class=\"elementor-element elementor-element-b53e4bb elementor-invisible elementor-widget elementor-widget-button\" data-id=\"b53e4bb\" data-element_type=\"widget\" data-settings=\"{&quot;_animation&quot;:&quot;fadeInRight&quot;,&quot;_animation_delay&quot;:350}\" data-widget_type=\"button.default\">\n\t\t\t\t<div class=\"elementor-widget-container\">\n\t\t\t\t\t\t\t\t\t<div class=\"elementor-button-wrapper\">\n\t\t\t\t\t<a class=\"elementor-button elementor-button-link elementor-size-sm\" href=\"#cilji\">\n\t\t\t\t\t\t<span class=\"elementor-button-content-wrapper\">\n\t\t\t\t\t\t\t\t\t<span class=\"elementor-button-text\">Ciljevi<\/span>\n\t\t\t\t\t<\/span>\n\t\t\t\t\t<\/a>\n\t\t\t\t<\/div>\n\t\t\t\t\t\t\t\t<\/div>\n\t\t\t\t<\/div>\n\t\t\t\t<div class=\"elementor-element elementor-element-394144b elementor-invisible elementor-widget elementor-widget-button\" data-id=\"394144b\" data-element_type=\"widget\" data-settings=\"{&quot;_animation&quot;:&quot;fadeInRight&quot;,&quot;_animation_delay&quot;:950}\" data-widget_type=\"button.default\">\n\t\t\t\t<div class=\"elementor-widget-container\">\n\t\t\t\t\t\t\t\t\t<div class=\"elementor-button-wrapper\">\n\t\t\t\t\t<a class=\"elementor-button elementor-button-link elementor-size-sm\" href=\"#rez\">\n\t\t\t\t\t\t<span class=\"elementor-button-content-wrapper\">\n\t\t\t\t\t\t\t\t\t<span class=\"elementor-button-text\">Klju\u010dne metrike i rezultati<\/span>\n\t\t\t\t\t<\/span>\n\t\t\t\t\t<\/a>\n\t\t\t\t<\/div>\n\t\t\t\t\t\t\t\t<\/div>\n\t\t\t\t<\/div>\n\t\t\t\t<\/div>\n\t\t\t\t\t<\/div>\n\t\t\t\t<\/div>\n\t\t<div class=\"elementor-element elementor-element-d932497 e-flex e-con-boxed e-con e-parent\" data-id=\"d932497\" data-element_type=\"container\" data-settings=\"{&quot;jet_parallax_layout_list&quot;:[]}\">\n\t\t\t\t\t<div class=\"e-con-inner\">\n\t\t<div class=\"elementor-element elementor-element-aa46295 e-con-full e-flex e-con e-child\" data-id=\"aa46295\" data-element_type=\"container\" data-settings=\"{&quot;jet_parallax_layout_list&quot;:[]}\">\n\t\t\t\t<div class=\"elementor-element elementor-element-9d6e6b4 elementor-widget elementor-widget-text-editor\" data-id=\"9d6e6b4\" data-element_type=\"widget\" data-widget_type=\"text-editor.default\">\n\t\t\t\t<div class=\"elementor-widget-container\">\n\t\t\t\t\t\t\t\t\t<p class=\"translation-block\"><span style=\"font-weight: 400\">Video za jo\u0161 <\/span><b>bolje rezultate<\/b><\/p>\t\t\t\t\t\t\t\t<\/div>\n\t\t\t\t<\/div>\n\t\t\t\t<div class=\"elementor-element elementor-element-c2ab5be elementor-widget__width-initial elementor-widget elementor-widget-text-editor\" data-id=\"c2ab5be\" data-element_type=\"widget\" data-widget_type=\"text-editor.default\">\n\t\t\t\t<div class=\"elementor-widget-container\">\n\t\t\t\t\t\t\t\t\t<p class=\"translation-block\"><span style=\"font-weight: 400\">Nakon<\/span><b> prvog mjeseca suradnje,<\/b><span style=\"font-weight: 400\"> namjenska video produkcija pomogla je pobolj\u0161anju rezutata. Rezultati su dodatno potvrdili izuzetnu profesionalnost i <\/span><b>obostranu u\u010dinkovitost<\/b> suradnje.<\/p>\t\t\t\t\t\t\t\t<\/div>\n\t\t\t\t<\/div>\n\t\t\t\t<div class=\"elementor-element elementor-element-c4d7846 elementor-widget elementor-widget-button\" data-id=\"c4d7846\" data-element_type=\"widget\" data-widget_type=\"button.default\">\n\t\t\t\t<div class=\"elementor-widget-container\">\n\t\t\t\t\t\t\t\t\t<div class=\"elementor-button-wrapper\">\n\t\t\t\t\t<a class=\"elementor-button elementor-button-link elementor-size-sm\" href=\"#rez\">\n\t\t\t\t\t\t<span class=\"elementor-button-content-wrapper\">\n\t\t\t\t\t\t\t\t\t<span class=\"elementor-button-text\">Klju\u010dne metrike<\/span>\n\t\t\t\t\t<\/span>\n\t\t\t\t\t<\/a>\n\t\t\t\t<\/div>\n\t\t\t\t\t\t\t\t<\/div>\n\t\t\t\t<\/div>\n\t\t\t\t<\/div>\n\t\t<div class=\"elementor-element elementor-element-9639532 e-con-full e-flex e-con e-child\" data-id=\"9639532\" data-element_type=\"container\" data-settings=\"{&quot;jet_parallax_layout_list&quot;:[]}\">\n\t\t\t\t<div class=\"elementor-element elementor-element-8d91486 elementor-widget elementor-widget-video\" data-id=\"8d91486\" data-element_type=\"widget\" data-settings=\"{&quot;video_type&quot;:&quot;hosted&quot;,&quot;autoplay&quot;:&quot;yes&quot;,&quot;play_on_mobile&quot;:&quot;yes&quot;,&quot;mute&quot;:&quot;yes&quot;,&quot;loop&quot;:&quot;yes&quot;}\" data-widget_type=\"video.default\">\n\t\t\t\t<div class=\"elementor-widget-container\">\n\t\t\t\t\t\t\t<div class=\"e-hosted-video elementor-wrapper elementor-open-inline\">\n\t\t\t\t\t<video class=\"elementor-video\" src=\"https:\/\/pikadigital.eu\/wp-content\/uploads\/2023\/06\/lanuma.mp4\" autoplay=\"\" loop=\"\" muted=\"muted\" playsinline=\"\" controlslist=\"nodownload\"><\/video>\n\t\t\t\t<\/div>\n\t\t\t\t\t\t<\/div>\n\t\t\t\t<\/div>\n\t\t\t\t<\/div>\n\t\t\t\t\t<\/div>\n\t\t\t\t<\/div>\n\t\t<div class=\"elementor-element elementor-element-35cc55c e-flex e-con-boxed e-con e-parent\" data-id=\"35cc55c\" data-element_type=\"container\" id=\"cilji\" data-settings=\"{&quot;jet_parallax_layout_list&quot;:[]}\">\n\t\t\t\t\t<div class=\"e-con-inner\">\n\t\t<div class=\"elementor-element elementor-element-9749b75 e-con-full e-flex e-con e-child\" data-id=\"9749b75\" data-element_type=\"container\" data-settings=\"{&quot;jet_parallax_layout_list&quot;:[]}\">\n\t\t\t\t<div class=\"elementor-element elementor-element-5220ebe elementor-widget elementor-widget-heading\" data-id=\"5220ebe\" data-element_type=\"widget\" data-widget_type=\"heading.default\">\n\t\t\t\t<div class=\"elementor-widget-container\">\n\t\t\t\t\t<h5 class=\"elementor-heading-title elementor-size-default\">Ciljevi na\u0161e kampanje<\/h5>\t\t\t\t<\/div>\n\t\t\t\t<\/div>\n\t\t\t\t<div class=\"elementor-element elementor-element-a3be1ec elementor-widget-mobile__width-initial elementor-widget__width-initial elementor-widget elementor-widget-heading\" data-id=\"a3be1ec\" data-element_type=\"widget\" data-widget_type=\"heading.default\">\n\t\t\t\t<div class=\"elementor-widget-container\">\n\t\t\t\t\t<h2 class=\"elementor-heading-title elementor-size-default translation-block\"><b>Optimizacija<\/b> kampanja na slovenskom i \u010de\u0161kom tr\u017ei\u0161tu<\/h2>\t\t\t\t<\/div>\n\t\t\t\t<\/div>\n\t\t\t\t<\/div>\n\t\t\t\t\t<\/div>\n\t\t\t\t<\/div>\n\t\t<div class=\"elementor-element elementor-element-395e9ad animated-slow e-flex e-con-boxed elementor-invisible e-con e-parent\" data-id=\"395e9ad\" data-element_type=\"container\" data-settings=\"{&quot;jet_parallax_layout_list&quot;:[],&quot;animation&quot;:&quot;fadeIn&quot;,&quot;animation_delay&quot;:350}\">\n\t\t\t\t\t<div class=\"e-con-inner\">\n\t\t<div class=\"elementor-element elementor-element-f854d91 e-con-full e-flex e-con e-child\" data-id=\"f854d91\" data-element_type=\"container\" data-settings=\"{&quot;jet_parallax_layout_list&quot;:[]}\">\n\t\t\t\t<div class=\"elementor-element elementor-element-bf8162f elementor-widget elementor-widget-heading\" data-id=\"bf8162f\" data-element_type=\"widget\" data-widget_type=\"heading.default\">\n\t\t\t\t<div class=\"elementor-widget-container\">\n\t\t\t\t\t<h2 class=\"elementor-heading-title elementor-size-default translation-block\">Pove\u0107anje povrata ulaganja u ogla\u0161avanje <b>ROAS<\/b><\/h2>\t\t\t\t<\/div>\n\t\t\t\t<\/div>\n\t\t\t\t<div class=\"elementor-element elementor-element-a95345d elementor-widget elementor-widget-heading\" data-id=\"a95345d\" data-element_type=\"widget\" data-widget_type=\"heading.default\">\n\t\t\t\t<div class=\"elementor-widget-container\">\n\t\t\t\t\t<h2 class=\"elementor-heading-title elementor-size-default translation-block\">Smanjenje cijene za akviziciju <b>CPA<\/b><\/h2>\t\t\t\t<\/div>\n\t\t\t\t<\/div>\n\t\t\t\t<div class=\"elementor-element elementor-element-28f6407 elementor-widget elementor-widget-heading\" data-id=\"28f6407\" data-element_type=\"widget\" data-widget_type=\"heading.default\">\n\t\t\t\t<div class=\"elementor-widget-container\">\n\t\t\t\t\t<h2 class=\"elementor-heading-title elementor-size-default\">Segmentacija publike<\/h2>\t\t\t\t<\/div>\n\t\t\t\t<\/div>\n\t\t\t\t<div class=\"elementor-element elementor-element-f71f62e elementor-widget elementor-widget-heading\" data-id=\"f71f62e\" data-element_type=\"widget\" data-widget_type=\"heading.default\">\n\t\t\t\t<div class=\"elementor-widget-container\">\n\t\t\t\t\t<h2 class=\"elementor-heading-title elementor-size-default translation-block\">Kreativni i <b>zanimljivi oglasi<\/b><\/h2>\t\t\t\t<\/div>\n\t\t\t\t<\/div>\n\t\t\t\t<\/div>\n\t\t<div class=\"elementor-element elementor-element-93733c9 e-con-full e-flex e-con e-child\" data-id=\"93733c9\" data-element_type=\"container\" data-settings=\"{&quot;jet_parallax_layout_list&quot;:[]}\">\n\t\t\t\t<div class=\"elementor-element elementor-element-6103840 elementor-widget elementor-widget-text-editor\" data-id=\"6103840\" data-element_type=\"widget\" data-widget_type=\"text-editor.default\">\n\t\t\t\t<div class=\"elementor-widget-container\">\n\t\t\t\t\t\t\t\t\t<p class=\"translation-block\"><span style=\"font-weight: 400\">Podr\u017eali smo optimizaciju kampanja s boljom <\/span><b>segmentacijom publike,<\/b><span style=\"font-weight: 400\"> kreativnim i zanimljivo dizajniranim oglasima i \u010desto zaboravljenim, ali klju\u010dnim <\/span><b>marketingom putem e-po\u0161te.<\/b><\/p><p><span style=\"font-weight: 400;\">Tako\u0111er smo sna\u017eno naglasili kontinuirano pra\u0107enje i mogu\u0107u dodatnu optimizaciju.<\/span><\/p>\t\t\t\t\t\t\t\t<\/div>\n\t\t\t\t<\/div>\n\t\t\t\t<\/div>\n\t\t\t\t\t<\/div>\n\t\t\t\t<\/div>\n\t\t<div class=\"elementor-element elementor-element-d9905e8 e-flex e-con-boxed elementor-invisible e-con e-parent\" data-id=\"d9905e8\" data-element_type=\"container\" id=\"rez\" data-settings=\"{&quot;jet_parallax_layout_list&quot;:[],&quot;animation&quot;:&quot;fadeIn&quot;,&quot;animation_delay&quot;:350}\">\n\t\t\t\t\t<div class=\"e-con-inner\">\n\t\t<div class=\"elementor-element elementor-element-c75674a e-flex e-con-boxed e-con e-child\" data-id=\"c75674a\" data-element_type=\"container\" data-settings=\"{&quot;jet_parallax_layout_list&quot;:[]}\">\n\t\t\t\t\t<div class=\"e-con-inner\">\n\t\t<div class=\"elementor-element elementor-element-460b215 e-con-full e-flex elementor-invisible e-con e-child\" data-id=\"460b215\" data-element_type=\"container\" data-settings=\"{&quot;jet_parallax_layout_list&quot;:[],&quot;animation&quot;:&quot;fadeIn&quot;,&quot;animation_delay&quot;:350}\">\n\t\t\t\t<div class=\"elementor-element elementor-element-e61fe8c elementor-widget elementor-widget-heading\" data-id=\"e61fe8c\" data-element_type=\"widget\" data-widget_type=\"heading.default\">\n\t\t\t\t<div class=\"elementor-widget-container\">\n\t\t\t\t\t<h5 class=\"elementor-heading-title elementor-size-default\">Klju\u010dne metrike i rezultati<\/h5>\t\t\t\t<\/div>\n\t\t\t\t<\/div>\n\t\t\t\t<div class=\"elementor-element elementor-element-0343214 elementor-widget__width-initial elementor-widget elementor-widget-heading\" data-id=\"0343214\" data-element_type=\"widget\" data-widget_type=\"heading.default\">\n\t\t\t\t<div class=\"elementor-widget-container\">\n\t\t\t\t\t<h2 class=\"elementor-heading-title elementor-size-default translation-block\"><b>Izvanredni rezultati<\/b> za kratko vrijeme<\/h2>\t\t\t\t<\/div>\n\t\t\t\t<\/div>\n\t\t\t\t<div class=\"elementor-element elementor-element-00b853c elementor-widget__width-initial elementor-widget elementor-widget-text-editor\" data-id=\"00b853c\" data-element_type=\"widget\" data-widget_type=\"text-editor.default\">\n\t\t\t\t<div class=\"elementor-widget-container\">\n\t\t\t\t\t\t\t\t\t<p class=\"translation-block\"><span style=\"font-weight: 400\">Optimizirane kampanje dale su izvanredne<\/span><b>rezultate u prvom mjesecu<\/b><span style=\"font-weight: 400\"> na\u0161e suradnje.<\/span><\/p><p class=\"translation-block\"><span style=\"font-weight: 400\">Statistika online platforme Meta pokazala je <\/span><b>pove\u0107anje povrata ogla\u0161avanja (ROAS) od 43,39%<\/b><span> u odnosu na po\u010detnu vrijednost u o\u017eujku kada smo zapo\u010deli suradnju. Tako\u0111er smo smanjili cijenu za akviziciju <\/span><b>(CPA) za 29,06%!<\/b><\/p><p class=\"translation-block\"><span style=\"font-weight: 400\">Vidjeli smo sli\u010dno pobolj\u0161anje na \u010de\u0161kom tr\u017ei\u0161tu, gdje je <\/span><b>ROAS porastao za 26,8%<\/b><span style=\"font-weight : 400\">, a cijena za akviziciju <\/span><b>smanjila se za 13%.<\/b><\/p>\t\t\t\t\t\t\t\t<\/div>\n\t\t\t\t<\/div>\n\t\t\t\t<\/div>\n\t\t<div class=\"elementor-element elementor-element-9ba0753 e-con-full e-flex e-con e-child\" data-id=\"9ba0753\" data-element_type=\"container\" data-settings=\"{&quot;jet_parallax_layout_list&quot;:[]}\">\n\t\t\t\t<div class=\"elementor-element elementor-element-021b9f3 elementor-invisible elementor-widget elementor-widget-heading\" data-id=\"021b9f3\" data-element_type=\"widget\" data-settings=\"{&quot;_animation&quot;:&quot;fadeInLeft&quot;,&quot;_animation_delay&quot;:350}\" data-widget_type=\"heading.default\">\n\t\t\t\t<div class=\"elementor-widget-container\">\n\t\t\t\t\t<h2 class=\"elementor-heading-title elementor-size-default\"><b>+43,39%<\/b><\/h2>\t\t\t\t<\/div>\n\t\t\t\t<\/div>\n\t\t\t\t<div class=\"elementor-element elementor-element-e81510e elementor-invisible elementor-widget elementor-widget-heading\" data-id=\"e81510e\" data-element_type=\"widget\" data-settings=\"{&quot;_animation&quot;:&quot;fadeInLeft&quot;,&quot;_animation_delay&quot;:350}\" data-widget_type=\"heading.default\">\n\t\t\t\t<div class=\"elementor-widget-container\">\n\t\t\t\t\t<h2 class=\"elementor-heading-title elementor-size-default\">ROAS na slovenskom tr\u017ei\u0161tu<\/h2>\t\t\t\t<\/div>\n\t\t\t\t<\/div>\n\t\t\t\t<div class=\"elementor-element elementor-element-39f2e1a elementor-invisible elementor-widget elementor-widget-heading\" data-id=\"39f2e1a\" data-element_type=\"widget\" data-settings=\"{&quot;_animation&quot;:&quot;fadeInLeft&quot;,&quot;_animation_delay&quot;:650}\" data-widget_type=\"heading.default\">\n\t\t\t\t<div class=\"elementor-widget-container\">\n\t\t\t\t\t<h2 class=\"elementor-heading-title elementor-size-default\"><b>-29,06%<\/b><\/h2>\t\t\t\t<\/div>\n\t\t\t\t<\/div>\n\t\t\t\t<div class=\"elementor-element elementor-element-8e0486b elementor-invisible elementor-widget elementor-widget-heading\" data-id=\"8e0486b\" data-element_type=\"widget\" data-settings=\"{&quot;_animation&quot;:&quot;fadeInLeft&quot;,&quot;_animation_delay&quot;:650}\" data-widget_type=\"heading.default\">\n\t\t\t\t<div class=\"elementor-widget-container\">\n\t\t\t\t\t<h2 class=\"elementor-heading-title elementor-size-default\">CPA u Sloveniji<\/h2>\t\t\t\t<\/div>\n\t\t\t\t<\/div>\n\t\t\t\t<div class=\"elementor-element elementor-element-8ef7187 elementor-invisible elementor-widget elementor-widget-heading\" data-id=\"8ef7187\" data-element_type=\"widget\" data-settings=\"{&quot;_animation&quot;:&quot;fadeInLeft&quot;,&quot;_animation_delay&quot;:950}\" data-widget_type=\"heading.default\">\n\t\t\t\t<div class=\"elementor-widget-container\">\n\t\t\t\t\t<h2 class=\"elementor-heading-title elementor-size-default\"><b>+26,8%<\/b><\/h2>\t\t\t\t<\/div>\n\t\t\t\t<\/div>\n\t\t\t\t<div class=\"elementor-element elementor-element-e0efa3c elementor-invisible elementor-widget elementor-widget-heading\" data-id=\"e0efa3c\" data-element_type=\"widget\" data-settings=\"{&quot;_animation&quot;:&quot;fadeInLeft&quot;,&quot;_animation_delay&quot;:950}\" data-widget_type=\"heading.default\">\n\t\t\t\t<div class=\"elementor-widget-container\">\n\t\t\t\t\t<h2 class=\"elementor-heading-title elementor-size-default\">ROAS na \u010de\u0161kom tr\u017ei\u0161tu<\/h2>\t\t\t\t<\/div>\n\t\t\t\t<\/div>\n\t\t\t\t<\/div>\n\t\t\t\t\t<\/div>\n\t\t\t\t<\/div>\n\t\t\t\t\t<\/div>\n\t\t\t\t<\/div>\n\t\t<div class=\"elementor-element elementor-element-9ac359a e-flex e-con-boxed e-con e-parent\" data-id=\"9ac359a\" data-element_type=\"container\" data-settings=\"{&quot;jet_parallax_layout_list&quot;:[]}\">\n\t\t\t\t\t<div class=\"e-con-inner\">\n\t\t<div class=\"elementor-element elementor-element-2e54ec9 e-con-full e-flex e-con e-child\" data-id=\"2e54ec9\" data-element_type=\"container\" data-settings=\"{&quot;jet_parallax_layout_list&quot;:[]}\">\n\t\t\t\t<div class=\"elementor-element elementor-element-6798ec0 elementor-widget-mobile__width-initial elementor-widget__width-initial elementor-widget elementor-widget-heading\" data-id=\"6798ec0\" data-element_type=\"widget\" data-widget_type=\"heading.default\">\n\t\t\t\t<div class=\"elementor-widget-container\">\n\t\t\t\t\t<h2 class=\"elementor-heading-title elementor-size-default translation-block\">Nadahnut <b>izvanrednim rezultatima<\/b> postignutim na slovenskom i \u010de\u0161kom tr\u017ei\u0161tu, klijent je <b>pro\u0161irio ulogu na\u0161e agencije<\/b> na digitalne marketin\u0161ke kampanje na ma\u0111arskom tr\u017ei\u0161tu.<\/h2>\t\t\t\t<\/div>\n\t\t\t\t<\/div>\n\t\t\t\t<div class=\"elementor-element elementor-element-427314c elementor-widget__width-initial elementor-widget elementor-widget-text-editor\" data-id=\"427314c\" data-element_type=\"widget\" data-widget_type=\"text-editor.default\">\n\t\t\t\t<div class=\"elementor-widget-container\">\n\t\t\t\t\t\t\t\t\t<p class=\"translation-block\"><span style=\"font-weight: 400\">Kampanja je pokrenuta u Ma\u0111arskoj s <\/span><b>izvrsnom po\u010detnom reakcijom,<\/b><span style=\"font-weight: 400\"> primili smo zavidan broj narud\u017ebi u prva <\/span><b>dva tjedna<\/b><span style=\"font-weight: 400\"> i doveli ROAS na 4,5.<\/span><\/p>\t\t\t\t\t\t\t\t<\/div>\n\t\t\t\t<\/div>\n\t\t\t\t<\/div>\n\t\t<div class=\"elementor-element elementor-element-8fd7a1e e-con-full e-flex e-con e-child\" data-id=\"8fd7a1e\" data-element_type=\"container\" data-settings=\"{&quot;jet_parallax_layout_list&quot;:[]}\">\n\t\t\t\t<div class=\"elementor-element elementor-element-0450486 elementor-widget elementor-widget-image\" data-id=\"0450486\" data-element_type=\"widget\" data-widget_type=\"image.default\">\n\t\t\t\t<div class=\"elementor-widget-container\">\n\t\t\t\t\t\t\t\t\t\t\t\t\t\t\t<img fetchpriority=\"high\" decoding=\"async\" width=\"756\" height=\"1024\" src=\"https:\/\/pikadigital.eu\/wp-content\/uploads\/2023\/06\/Group-4263-756x1024.png\" class=\"attachment-large size-large wp-image-1761\" alt=\"\" srcset=\"https:\/\/pikadigital.eu\/wp-content\/uploads\/2023\/06\/Group-4263-756x1024.png 756w, https:\/\/pikadigital.eu\/wp-content\/uploads\/2023\/06\/Group-4263-600x812.png 600w, https:\/\/pikadigital.eu\/wp-content\/uploads\/2023\/06\/Group-4263-222x300.png 222w, https:\/\/pikadigital.eu\/wp-content\/uploads\/2023\/06\/Group-4263-768x1040.png 768w, https:\/\/pikadigital.eu\/wp-content\/uploads\/2023\/06\/Group-4263-1134x1536.png 1134w, https:\/\/pikadigital.eu\/wp-content\/uploads\/2023\/06\/Group-4263-1512x2048.png 1512w, https:\/\/pikadigital.eu\/wp-content\/uploads\/2023\/06\/Group-4263-9x12.png 9w\" sizes=\"(max-width: 756px) 100vw, 756px\" \/>\t\t\t\t\t\t\t\t\t\t\t\t\t\t\t<\/div>\n\t\t\t\t<\/div>\n\t\t\t\t<\/div>\n\t\t\t\t\t<\/div>\n\t\t\t\t<\/div>\n\t\t<div class=\"elementor-element elementor-element-fd67d0d e-flex e-con-boxed e-con e-parent\" data-id=\"fd67d0d\" data-element_type=\"container\" data-settings=\"{&quot;jet_parallax_layout_list&quot;:[]}\">\n\t\t\t\t\t<div class=\"e-con-inner\">\n\t\t\t\t<div class=\"elementor-element elementor-element-f60b8d9 elementor-widget__width-inherit elementor-widget elementor-widget-heading\" data-id=\"f60b8d9\" data-element_type=\"widget\" data-widget_type=\"heading.default\">\n\t\t\t\t<div class=\"elementor-widget-container\">\n\t\t\t\t\t<h2 class=\"elementor-heading-title elementor-size-default translation-block\"><b>Pro\u010ditajte vi\u0161e<\/b> <br>studija slu\u010daja<\/h2>\t\t\t\t<\/div>\n\t\t\t\t<\/div>\n\t\t\t\t<div class=\"elementor-element elementor-element-19be6e2 elementor-align-center elementor-widget elementor-widget-button\" data-id=\"19be6e2\" data-element_type=\"widget\" data-widget_type=\"button.default\">\n\t\t\t\t<div class=\"elementor-widget-container\">\n\t\t\t\t\t\t\t\t\t<div class=\"elementor-button-wrapper\">\n\t\t\t\t\t<a class=\"elementor-button elementor-button-link elementor-size-lg\" href=\"https:\/\/pikadigital.eu\/hr\/resources\/\">\n\t\t\t\t\t\t<span class=\"elementor-button-content-wrapper\">\n\t\t\t\t\t\t\t\t\t<span class=\"elementor-button-text\">Vratite se na resurse<\/span>\n\t\t\t\t\t<\/span>\n\t\t\t\t\t<\/a>\n\t\t\t\t<\/div>\n\t\t\t\t\t\t\t\t<\/div>\n\t\t\t\t<\/div>\n\t\t\t\t\t<\/div>\n\t\t\t\t<\/div>\n\t\t\t\t<\/div>","protected":false},"excerpt":{"rendered":"<p>Case study Impressive growth and expansion in the Czech, Hungarian and Slovak markets The heavenly comfort offered by Lanuma&#8217;s soft and comfortable knitted tights was introduced to the Slovenian and Czech markets in March 2023.\u00a0\u00a0 Our campaign aimed to increase return on advertising spend (ROAS) and reduce cost per acquisition (CPA). Our agency was therefore [&hellip;]<\/p>","protected":false},"author":3,"featured_media":0,"parent":0,"menu_order":0,"comment_status":"closed","ping_status":"closed","template":"","meta":{"footnotes":""},"class_list":["post-1755","page","type-page","status-publish","hentry"],"jetpack_sharing_enabled":true,"_links":{"self":[{"href":"https:\/\/pikadigital.eu\/hr\/wp-json\/wp\/v2\/pages\/1755","targetHints":{"allow":["GET"]}}],"collection":[{"href":"https:\/\/pikadigital.eu\/hr\/wp-json\/wp\/v2\/pages"}],"about":[{"href":"https:\/\/pikadigital.eu\/hr\/wp-json\/wp\/v2\/types\/page"}],"author":[{"embeddable":true,"href":"https:\/\/pikadigital.eu\/hr\/wp-json\/wp\/v2\/users\/3"}],"replies":[{"embeddable":true,"href":"https:\/\/pikadigital.eu\/hr\/wp-json\/wp\/v2\/comments?post=1755"}],"version-history":[{"count":0,"href":"https:\/\/pikadigital.eu\/hr\/wp-json\/wp\/v2\/pages\/1755\/revisions"}],"wp:attachment":[{"href":"https:\/\/pikadigital.eu\/hr\/wp-json\/wp\/v2\/media?parent=1755"}],"curies":[{"name":"wp","href":"https:\/\/api.w.org\/{rel}","templated":true}]}}