{"id":1791,"date":"2023-06-15T21:25:07","date_gmt":"2023-06-15T19:25:07","guid":{"rendered":"https:\/\/pikadigital.eu\/?page_id=1791"},"modified":"2024-08-13T16:28:26","modified_gmt":"2024-08-13T14:28:26","slug":"cs-ahisa","status":"publish","type":"page","link":"https:\/\/pikadigital.eu\/hr\/cs-ahisa\/","title":{"rendered":"CS A+Hi\u0161a"},"content":{"rendered":"<div data-elementor-type=\"wp-page\" data-elementor-id=\"1791\" class=\"elementor elementor-1791\" data-elementor-post-type=\"page\">\n\t\t\t\t<div class=\"elementor-element elementor-element-d475d9f e-flex e-con-boxed e-con e-parent\" data-id=\"d475d9f\" data-element_type=\"container\" id=\"stra\" data-settings=\"{&quot;jet_parallax_layout_list&quot;:[]}\">\n\t\t\t\t\t<div class=\"e-con-inner\">\n\t\t<div class=\"elementor-element elementor-element-57d6eae e-con-full e-flex e-con e-child\" data-id=\"57d6eae\" data-element_type=\"container\" data-settings=\"{&quot;jet_parallax_layout_list&quot;:[]}\">\n\t\t\t\t<div class=\"elementor-element elementor-element-a054e95 elementor-widget-mobile__width-initial elementor-widget elementor-widget-text-editor\" data-id=\"a054e95\" data-element_type=\"widget\" data-widget_type=\"text-editor.default\">\n\t\t\t\t<div class=\"elementor-widget-container\">\n\t\t\t\t\t\t\t\t\t<div class=\"text\"><div class=\"text text\">Studija slu\u010daja<\/div><\/div>\t\t\t\t\t\t\t\t<\/div>\n\t\t\t\t<\/div>\n\t\t\t\t<div class=\"elementor-element elementor-element-5988afb elementor-widget elementor-widget-text-editor\" data-id=\"5988afb\" data-element_type=\"widget\" data-widget_type=\"text-editor.default\">\n\t\t\t\t<div class=\"elementor-widget-container\">\n\t\t\t\t\t\t\t\t\t<p class=\"translation-block\">Mo\u017eemo li  <b>prodati ku\u0107u<\/b> do kraja mjeseca?<\/p>\t\t\t\t\t\t\t\t<\/div>\n\t\t\t\t<\/div>\n\t\t\t\t<div class=\"elementor-element elementor-element-70b21e4 elementor-widget-mobile__width-initial elementor-widget elementor-widget-heading\" data-id=\"70b21e4\" data-element_type=\"widget\" data-widget_type=\"heading.default\">\n\t\t\t\t<div class=\"elementor-widget-container\">\n\t\t\t\t\t<h1 class=\"elementor-heading-title elementor-size-default\">Za\u0161to ne?<\/h1>\t\t\t\t<\/div>\n\t\t\t\t<\/div>\n\t\t\t\t<div class=\"elementor-element elementor-element-b591597 elementor-widget__width-initial elementor-widget elementor-widget-text-editor\" data-id=\"b591597\" data-element_type=\"widget\" data-widget_type=\"text-editor.default\">\n\t\t\t\t<div class=\"elementor-widget-container\">\n\t\t\t\t\t\t\t\t\t<p><span style=\"font-weight: 400;\">A+ Hi\u0161a nam je pristupila s 3 glavna cilja:<\/span><\/p><ul><li style=\"list-style-type: none;\"><ul><li style=\"font-weight: 400;\" aria-level=\"1\"><span style=\"font-weight: 400;\">Kako mo\u017eemo pove\u0107ati na\u0161u digitalnu prisutnost?<\/span><\/li><li style=\"font-weight: 400;\" aria-level=\"1\"><span style=\"font-weight: 400;\">Kako mo\u017eemo pomo\u0107i klijentima da nas prona\u0111u na internetu?<\/span><\/li><\/ul><\/li><\/ul><ul><li style=\"list-style-type: none;\"><ul><li aria-level=\"1\"><b><b>Kako prodati ku\u0107u do kraja mjeseca?<br \/><br \/><\/b><\/b><\/li><\/ul><\/li><\/ul><p><span style=\"font-weight: 400;\">Ali to nisu obi\u010dne ku\u0107e od cigle i betona. Rije\u010d je o ekolo\u0161ki osvije\u0161tenim pasivnim drvenim ku\u0107ama koje je projektirao i iz nule izgradio tim A+ hi\u0161e.\u00a0<\/span><\/p><p><span style=\"font-weight: 400;\">Kao mala obiteljska tvrtka oslanjaju se na stalan prihod od novih kupaca. Na \u017ealost, jedan od njihovih ve\u0107ih projekata otkazan je, stvaraju\u0107i tromjese\u010dnu prazninu koja je mogla biti pogubna za posao.\u00a0<\/span><\/p><p><span style=\"font-weight: 400;\">To nam nije ostavilo izbora.<\/span><\/p>\t\t\t\t\t\t\t\t<\/div>\n\t\t\t\t<\/div>\n\t\t\t\t<\/div>\n\t\t<div class=\"elementor-element elementor-element-7d3f152 e-con-full e-flex e-con e-child\" data-id=\"7d3f152\" data-element_type=\"container\" data-settings=\"{&quot;jet_parallax_layout_list&quot;:[]}\">\n\t\t\t\t<div class=\"elementor-element elementor-element-4838030 animated-slow elementor-invisible elementor-widget elementor-widget-image\" data-id=\"4838030\" data-element_type=\"widget\" data-settings=\"{&quot;_animation&quot;:&quot;fadeInUp&quot;}\" data-widget_type=\"image.default\">\n\t\t\t\t<div class=\"elementor-widget-container\">\n\t\t\t\t\t\t\t\t\t\t\t\t\t\t\t<img fetchpriority=\"high\" decoding=\"async\" width=\"598\" height=\"1024\" src=\"https:\/\/pikadigital.eu\/wp-content\/uploads\/2023\/06\/Group-4340-598x1024.png\" class=\"attachment-large size-large wp-image-1797\" alt=\"Strategija komuniciranja na dru\u017ebenih omre\u017ejih A+Hi\u0161a\" srcset=\"https:\/\/pikadigital.eu\/wp-content\/uploads\/2023\/06\/Group-4340-598x1024.png 598w, https:\/\/pikadigital.eu\/wp-content\/uploads\/2023\/06\/Group-4340-600x1028.png 600w, https:\/\/pikadigital.eu\/wp-content\/uploads\/2023\/06\/Group-4340-175x300.png 175w, https:\/\/pikadigital.eu\/wp-content\/uploads\/2023\/06\/Group-4340-768x1316.png 768w, https:\/\/pikadigital.eu\/wp-content\/uploads\/2023\/06\/Group-4340-896x1536.png 896w, https:\/\/pikadigital.eu\/wp-content\/uploads\/2023\/06\/Group-4340-1195x2048.png 1195w, https:\/\/pikadigital.eu\/wp-content\/uploads\/2023\/06\/Group-4340-7x12.png 7w, https:\/\/pikadigital.eu\/wp-content\/uploads\/2023\/06\/Group-4340.png 1759w\" sizes=\"(max-width: 598px) 100vw, 598px\" \/>\t\t\t\t\t\t\t\t\t\t\t\t\t\t\t<\/div>\n\t\t\t\t<\/div>\n\t\t\t\t<\/div>\n\t\t\t\t\t<\/div>\n\t\t\t\t<\/div>\n\t\t<div class=\"elementor-element elementor-element-b14d848 e-flex e-con-boxed e-con e-parent\" data-id=\"b14d848\" data-element_type=\"container\" id=\"pris\" data-settings=\"{&quot;jet_parallax_layout_list&quot;:[]}\">\n\t\t\t\t\t<div class=\"e-con-inner\">\n\t\t<div class=\"elementor-element elementor-element-267edb8 e-con-full e-flex e-con e-child\" data-id=\"267edb8\" data-element_type=\"container\" data-settings=\"{&quot;jet_parallax_layout_list&quot;:[]}\">\n\t\t\t\t<div class=\"elementor-element elementor-element-c58942a elementor-invisible elementor-widget elementor-widget-image\" data-id=\"c58942a\" data-element_type=\"widget\" data-settings=\"{&quot;_animation&quot;:&quot;fadeInUp&quot;}\" data-widget_type=\"image.default\">\n\t\t\t\t<div class=\"elementor-widget-container\">\n\t\t\t\t\t\t\t\t\t\t\t\t\t\t\t<img decoding=\"async\" width=\"800\" height=\"905\" src=\"https:\/\/pikadigital.eu\/wp-content\/uploads\/2023\/06\/Rectangle-905x1024.png\" class=\"attachment-large size-large wp-image-1798\" alt=\"Gradnja na klju\u010d je gradnja brez stresa! CTA A+hi\u0161a Naro\u010di svojo hi\u0161o\" srcset=\"https:\/\/pikadigital.eu\/wp-content\/uploads\/2023\/06\/Rectangle-905x1024.png 905w, https:\/\/pikadigital.eu\/wp-content\/uploads\/2023\/06\/Rectangle-600x679.png 600w, https:\/\/pikadigital.eu\/wp-content\/uploads\/2023\/06\/Rectangle-265x300.png 265w, https:\/\/pikadigital.eu\/wp-content\/uploads\/2023\/06\/Rectangle-768x869.png 768w, https:\/\/pikadigital.eu\/wp-content\/uploads\/2023\/06\/Rectangle-1358x1536.png 1358w, https:\/\/pikadigital.eu\/wp-content\/uploads\/2023\/06\/Rectangle-11x12.png 11w, https:\/\/pikadigital.eu\/wp-content\/uploads\/2023\/06\/Rectangle.png 1411w\" sizes=\"(max-width: 800px) 100vw, 800px\" \/>\t\t\t\t\t\t\t\t\t\t\t\t\t\t\t<\/div>\n\t\t\t\t<\/div>\n\t\t\t\t<\/div>\n\t\t<div class=\"elementor-element elementor-element-2abc279 e-con-full e-flex e-con e-child\" data-id=\"2abc279\" data-element_type=\"container\" data-settings=\"{&quot;jet_parallax_layout_list&quot;:[]}\">\n\t\t\t\t<div class=\"elementor-element elementor-element-985926e elementor-widget elementor-widget-text-editor\" data-id=\"985926e\" data-element_type=\"widget\" data-widget_type=\"text-editor.default\">\n\t\t\t\t<div class=\"elementor-widget-container\">\n\t\t\t\t\t\t\t\t\t<p class=\"translation-block\"><span style=\"font-weight: 400\">Morali smo privu\u0107i potencijalne kupce kreativnom \u201c<\/span><b>flash rasprodajom<\/b><span style=\"font-weight: 400\">\u201d .<\/span><\/p>\t\t\t\t\t\t\t\t<\/div>\n\t\t\t\t<\/div>\n\t\t\t\t<div class=\"elementor-element elementor-element-c597620 elementor-widget-mobile__width-initial elementor-widget elementor-widget-heading\" data-id=\"c597620\" data-element_type=\"widget\" data-widget_type=\"heading.default\">\n\t\t\t\t<div class=\"elementor-widget-container\">\n\t\t\t\t\t<h1 class=\"elementor-heading-title elementor-size-default\">Ponuda?<\/h1>\t\t\t\t<\/div>\n\t\t\t\t<\/div>\n\t\t\t\t<div class=\"elementor-element elementor-element-4b17cdf elementor-widget__width-initial elementor-widget elementor-widget-text-editor\" data-id=\"4b17cdf\" data-element_type=\"widget\" data-widget_type=\"text-editor.default\">\n\t\t\t\t<div class=\"elementor-widget-container\">\n\t\t\t\t\t\t\t\t\t<p><span style=\"font-weight: 400;\">Kupite pasivnu ku\u0107u \u2013 i platit \u0107emo vam 5 godina grijanja. Traje do kraja mjeseca.\u00a0<br \/><br \/><\/span><span style=\"font-weight: 400;\">Identificiranje pravog kupca najva\u017enije je u izradi optimalne prodajne ponude. Uz rastu\u0107e cijene elektri\u010dne energije, neki budu\u0107i vlasnici razmi\u0161ljaju o pasivnim ku\u0107ama kao investiciji za smanjenje ukupnih \u017eivotnih tro\u0161kova. Odlu\u010dili smo ciljati na ovu demografsku skupinu dok smo tako\u0111er pro\u0161irili ekolo\u0161ku misiju tvrtke.<\/span><\/p>\t\t\t\t\t\t\t\t<\/div>\n\t\t\t\t<\/div>\n\t\t\t\t<\/div>\n\t\t\t\t\t<\/div>\n\t\t\t\t<\/div>\n\t\t<div class=\"elementor-element elementor-element-85ec77e e-flex e-con-boxed e-con e-parent\" data-id=\"85ec77e\" data-element_type=\"container\" id=\"cilji\" data-settings=\"{&quot;jet_parallax_layout_list&quot;:[]}\">\n\t\t\t\t\t<div class=\"e-con-inner\">\n\t\t<div class=\"elementor-element elementor-element-e20a706 e-con-full e-flex e-con e-child\" data-id=\"e20a706\" data-element_type=\"container\" data-settings=\"{&quot;jet_parallax_layout_list&quot;:[]}\">\n\t\t\t\t<div class=\"elementor-element elementor-element-2378028 elementor-widget elementor-widget-heading\" data-id=\"2378028\" data-element_type=\"widget\" data-widget_type=\"heading.default\">\n\t\t\t\t<div class=\"elementor-widget-container\">\n\t\t\t\t\t<h5 class=\"elementor-heading-title elementor-size-default\">Ciljevi na\u0161e kampanje<\/h5>\t\t\t\t<\/div>\n\t\t\t\t<\/div>\n\t\t\t\t<div class=\"elementor-element elementor-element-b1303ee elementor-widget-mobile__width-initial elementor-widget__width-initial elementor-widget elementor-widget-heading\" data-id=\"b1303ee\" data-element_type=\"widget\" data-widget_type=\"heading.default\">\n\t\t\t\t<div class=\"elementor-widget-container\">\n\t\t\t\t\t<h2 class=\"elementor-heading-title elementor-size-default\">Pa\u2026 prodali smo ku\u0107u, \u0161to je sljede\u0107e?<\/h2>\t\t\t\t<\/div>\n\t\t\t\t<\/div>\n\t\t\t\t<div class=\"elementor-element elementor-element-0397ba6 elementor-widget__width-initial elementor-widget elementor-widget-text-editor\" data-id=\"0397ba6\" data-element_type=\"widget\" data-widget_type=\"text-editor.default\">\n\t\t\t\t<div class=\"elementor-widget-container\">\n\t\t\t\t\t\t\t\t\t<p><span style=\"font-weight: 400;\">Prvo smo izradili nacrt opse\u017ene marketin\u0161ke strategije. To je uklju\u010divalo istra\u017eivanje jedinstvenih prednosti pasivnih ku\u0107a, uspostavljanje glasa robne marke i a\u017euriranje dizajna kako bi se signalizirala zelena odr\u017eivost i briga za okoli\u0161.<\/span><\/p><p>\u00a0<\/p><p><span style=\"font-weight: 400;\">Neke identificirane prednosti bile su:<\/span><\/p><ul><li style=\"font-weight: 400;\" aria-level=\"1\"><span style=\"font-weight: 400;\">Pasivne ku\u0107e su jeftinije za \u017eivot.<\/span><\/li><li style=\"font-weight: 400;\" aria-level=\"1\"><span style=\"font-weight: 400;\">Pasivne ku\u0107e su zdravije za \u017eivot.<\/span><\/li><li style=\"font-weight: 400;\" aria-level=\"1\"><span style=\"font-weight: 400;\">A+ hi\u0161a brine o svemu od po\u010detka do kraja \u2013 uz minimalno optere\u0107enje kupca.<\/span><\/li><li style=\"font-weight: 400;\" aria-level=\"1\"><span style=\"font-weight: 400;\">A+ hi\u0161a mo\u017ee izgraditi ku\u0107u u samo nekoliko mjeseci.<\/span><\/li><\/ul><p>\u00a0<\/p><p><span style=\"font-weight: 400;\">To nam je omogu\u0107ilo da preuredimo digitalnu prisutnost A+ hi\u0161e i pribli\u017eimo ih samom vrhu \u2013 figurativno i doslovno.<\/span><\/p><p>\u00a0<\/p><p><span style=\"font-weight: 400;\">Doslovno, jer sada je ve\u0107ina na\u0161ih napora posve\u0107ena SEO optimizaciji. Stalna pode\u0161avanja, \u010dlanci i kvalitetne povratne veze omogu\u0107uju A+ hi\u0161i organski rast u rezultatima pretra\u017eivanja. To zna\u010di da ih korisnici pronalaze, a da ne trebaju ulo\u017eiti gotovo ni\u0161ta novca na ogla\u0161avanje.<\/span><\/p><p>\u00a0<\/p><p><span style=\"font-weight: 400;\">Takav rezultat mogu\u0107 je samo kada se dosljedan trud susre\u0107e s dubokom suradnjom. Vi\u0161e o projektu saznajte izravno od Romane Leljak, voditeljice projekta u A+ hi\u0161i.<\/span><\/p>\t\t\t\t\t\t\t\t<\/div>\n\t\t\t\t<\/div>\n\t\t\t\t<\/div>\n\t\t\t\t\t<\/div>\n\t\t\t\t<\/div>\n\t\t<div class=\"elementor-element elementor-element-724e585 e-flex e-con-boxed e-con e-parent\" data-id=\"724e585\" data-element_type=\"container\" data-settings=\"{&quot;jet_parallax_layout_list&quot;:[]}\">\n\t\t\t\t\t<div class=\"e-con-inner\">\n\t\t\t\t<div class=\"elementor-element elementor-element-673fd3f elementor-widget elementor-widget-video\" data-id=\"673fd3f\" data-element_type=\"widget\" id=\"hisaslo\" data-settings=\"{&quot;video_type&quot;:&quot;hosted&quot;,&quot;controls&quot;:&quot;yes&quot;}\" data-widget_type=\"video.default\">\n\t\t\t\t<div class=\"elementor-widget-container\">\n\t\t\t\t\t\t\t<div class=\"e-hosted-video elementor-wrapper elementor-open-inline\">\n\t\t\t\t\t<video class=\"elementor-video\" src=\"https:\/\/pikadigital.eu\/wp-content\/uploads\/2024\/07\/Ahisa_Testimonial.mp4\" controls=\"\" preload=\"metadata\" controlslist=\"nodownload\" poster=\"https:\/\/pikadigital.eu\/wp-content\/uploads\/2024\/07\/Thumbnail_ahisa.jpg\"><\/video>\n\t\t\t\t<\/div>\n\t\t\t\t\t\t<\/div>\n\t\t\t\t<\/div>\n\t\t\t\t<div class=\"elementor-element elementor-element-a990517 elementor-widget elementor-widget-video\" data-id=\"a990517\" data-element_type=\"widget\" id=\"hisaeng\" data-settings=\"{&quot;video_type&quot;:&quot;hosted&quot;,&quot;controls&quot;:&quot;yes&quot;}\" data-widget_type=\"video.default\">\n\t\t\t\t<div class=\"elementor-widget-container\">\n\t\t\t\t\t\t\t<div class=\"e-hosted-video elementor-wrapper elementor-open-inline\">\n\t\t\t\t\t<video class=\"elementor-video\" src=\"https:\/\/pikadigital.eu\/wp-content\/uploads\/2024\/07\/Ahisa_EN_Testimonial.mp4\" controls=\"\" preload=\"metadata\" controlslist=\"nodownload\" poster=\"https:\/\/pikadigital.eu\/wp-content\/uploads\/2024\/07\/ThumbnailEN_ahisa.jpg\"><\/video>\n\t\t\t\t<\/div>\n\t\t\t\t\t\t<\/div>\n\t\t\t\t<\/div>\n\t\t\t\t<div class=\"elementor-element elementor-element-3da1245 elementor-widget elementor-widget-html\" data-id=\"3da1245\" data-element_type=\"widget\" data-widget_type=\"html.default\">\n\t\t\t\t<div class=\"elementor-widget-container\">\n\t\t\t\t\t<script>\ndocument.addEventListener(\"DOMContentLoaded\", function() {\n    if (window.location.pathname == '\/en\/cs-ahisa\/') {\n        document.getElementById('hisaeng').style.display = 'block';\n    }\n});\n<\/script>\n\n<script>\ndocument.addEventListener(\"DOMContentLoaded\", function() {\n    if (window.location.pathname == '\/sl\/cs-ahisa\/') {\n        document.getElementById('hisaslo').style.display = 'block';\n    }\n});\n<\/script>\n\n<script>\ndocument.addEventListener(\"DOMContentLoaded\", function() {\n    if (window.location.pathname == '\/hr\/cs-ahisa\/') {\n        document.getElementById('hisaeng').style.display = 'block';\n    }\n});\n<\/script>\t\t\t\t<\/div>\n\t\t\t\t<\/div>\n\t\t\t\t\t<\/div>\n\t\t\t\t<\/div>\n\t\t<div class=\"elementor-element elementor-element-69d8d72 e-flex e-con-boxed e-con e-parent\" data-id=\"69d8d72\" data-element_type=\"container\" data-settings=\"{&quot;jet_parallax_layout_list&quot;:[]}\">\n\t\t\t\t\t<div class=\"e-con-inner\">\n\t\t\t\t<div class=\"elementor-element elementor-element-b76a276 elementor-widget__width-inherit elementor-widget elementor-widget-heading\" data-id=\"b76a276\" data-element_type=\"widget\" data-widget_type=\"heading.default\">\n\t\t\t\t<div class=\"elementor-widget-container\">\n\t\t\t\t\t<h2 class=\"elementor-heading-title elementor-size-default translation-block\">\u017delite li <b>vi<\/b> biti  sljede\u0107a pri\u010da o uspjehu?<\/h2>\t\t\t\t<\/div>\n\t\t\t\t<\/div>\n\t\t\t\t<div class=\"elementor-element elementor-element-ef4fb46 elementor-align-center elementor-widget elementor-widget-button\" data-id=\"ef4fb46\" data-element_type=\"widget\" data-widget_type=\"button.default\">\n\t\t\t\t<div class=\"elementor-widget-container\">\n\t\t\t\t\t\t\t\t\t<div class=\"elementor-button-wrapper\">\n\t\t\t\t\t<a class=\"elementor-button elementor-button-link elementor-size-lg\" href=\"https:\/\/pikadigital.eu\/hr\/contact\/\">\n\t\t\t\t\t\t<span class=\"elementor-button-content-wrapper\">\n\t\t\t\t\t\t\t\t\t<span class=\"elementor-button-text\">Kontaktirajte nas!<\/span>\n\t\t\t\t\t<\/span>\n\t\t\t\t\t<\/a>\n\t\t\t\t<\/div>\n\t\t\t\t\t\t\t\t<\/div>\n\t\t\t\t<\/div>\n\t\t\t\t\t<\/div>\n\t\t\t\t<\/div>\n\t\t\t\t<\/div>","protected":false},"excerpt":{"rendered":"<p>Case study Can we sell a house by the end of the month? Why not. A+ Hi\u0161a approached us with 3 main goals: How do we increase our digital presence? How can we help customers find us online? How do we sell a house before the end of the month? But these aren\u2019t regular brick-and-mortar [&hellip;]<\/p>","protected":false},"author":3,"featured_media":0,"parent":0,"menu_order":0,"comment_status":"closed","ping_status":"closed","template":"","meta":{"footnotes":""},"class_list":["post-1791","page","type-page","status-publish","hentry"],"jetpack_sharing_enabled":true,"_links":{"self":[{"href":"https:\/\/pikadigital.eu\/hr\/wp-json\/wp\/v2\/pages\/1791","targetHints":{"allow":["GET"]}}],"collection":[{"href":"https:\/\/pikadigital.eu\/hr\/wp-json\/wp\/v2\/pages"}],"about":[{"href":"https:\/\/pikadigital.eu\/hr\/wp-json\/wp\/v2\/types\/page"}],"author":[{"embeddable":true,"href":"https:\/\/pikadigital.eu\/hr\/wp-json\/wp\/v2\/users\/3"}],"replies":[{"embeddable":true,"href":"https:\/\/pikadigital.eu\/hr\/wp-json\/wp\/v2\/comments?post=1791"}],"version-history":[{"count":0,"href":"https:\/\/pikadigital.eu\/hr\/wp-json\/wp\/v2\/pages\/1791\/revisions"}],"wp:attachment":[{"href":"https:\/\/pikadigital.eu\/hr\/wp-json\/wp\/v2\/media?parent=1791"}],"curies":[{"name":"wp","href":"https:\/\/api.w.org\/{rel}","templated":true}]}}