{"id":2423,"date":"2023-08-10T12:01:35","date_gmt":"2023-08-10T10:01:35","guid":{"rendered":"https:\/\/pikadigital.eu\/?page_id=2423"},"modified":"2023-10-24T19:45:57","modified_gmt":"2023-10-24T17:45:57","slug":"cs-natashaspace","status":"publish","type":"page","link":"https:\/\/pikadigital.eu\/hr\/cs-natashaspace\/","title":{"rendered":"CS NatashaSPAce"},"content":{"rendered":"<div data-elementor-type=\"wp-page\" data-elementor-id=\"2423\" class=\"elementor elementor-2423\" data-elementor-post-type=\"page\">\n\t\t\t\t<div class=\"elementor-element elementor-element-e2e9842 e-flex e-con-boxed e-con e-parent\" data-id=\"e2e9842\" data-element_type=\"container\" data-settings=\"{&quot;jet_parallax_layout_list&quot;:[],&quot;background_background&quot;:&quot;classic&quot;}\">\n\t\t\t\t\t<div class=\"e-con-inner\">\n\t\t<div class=\"elementor-element elementor-element-03802ec e-con-full e-flex e-con e-child\" data-id=\"03802ec\" data-element_type=\"container\" data-settings=\"{&quot;jet_parallax_layout_list&quot;:[]}\">\n\t\t\t\t<div class=\"elementor-element elementor-element-ac57c89 elementor-widget-mobile__width-initial elementor-widget elementor-widget-text-editor\" data-id=\"ac57c89\" data-element_type=\"widget\" data-widget_type=\"text-editor.default\">\n\t\t\t\t<div class=\"elementor-widget-container\">\n\t\t\t\t\t\t\t\t\t<div class=\"text\"><div class=\"text text\">Studija slu\u010daja<\/div><\/div>\t\t\t\t\t\t\t\t<\/div>\n\t\t\t\t<\/div>\n\t\t\t\t<div class=\"elementor-element elementor-element-6a335d8 elementor-widget-mobile__width-initial elementor-widget__width-initial elementor-widget elementor-widget-heading\" data-id=\"6a335d8\" data-element_type=\"widget\" data-widget_type=\"heading.default\">\n\t\t\t\t<div class=\"elementor-widget-container\">\n\t\t\t\t\t<h1 class=\"elementor-heading-title elementor-size-default translation-block\"><b>UGC oglasi<\/b> daju impresivne rezultate<\/h1>\t\t\t\t<\/div>\n\t\t\t\t<\/div>\n\t\t\t\t<\/div>\n\t\t\t\t\t<\/div>\n\t\t\t\t<\/div>\n\t\t<div class=\"elementor-element elementor-element-07bd77f e-flex e-con-boxed e-con e-parent\" data-id=\"07bd77f\" data-element_type=\"container\" data-settings=\"{&quot;jet_parallax_layout_list&quot;:[]}\">\n\t\t\t\t\t<div class=\"e-con-inner\">\n\t\t<div class=\"elementor-element elementor-element-4be6f81 e-con-full e-flex e-con e-child\" data-id=\"4be6f81\" data-element_type=\"container\" data-settings=\"{&quot;jet_parallax_layout_list&quot;:[]}\">\n\t\t\t\t<div class=\"elementor-element elementor-element-7920946 elementor-widget__width-initial elementor-widget elementor-widget-text-editor\" data-id=\"7920946\" data-element_type=\"widget\" data-widget_type=\"text-editor.default\">\n\t\t\t\t<div class=\"elementor-widget-container\">\n\t\t\t\t\t\t\t\t\t<p class=\"translation-block\"><span style=\"font-weight: 400\">Brand NatashaSPAce osnovan je 2000. godine kao mjesto za opu\u0161tanje i rituale ljepote. <\/span><b>Od tada se mnogo toga promijenilo.<\/b><span style=\"font-weight: 400\">\u00a0<\/span><\/p><p class=\"translation-block\"><span style=\"font-family: var( --e-global-typography-e35a5ee-font-family ), Sans-serif;font-size: var( --e-global-typography-e35a5ee-font-size );-e-global-color-primary )\">Sada u 20+ godina postojanja, tvrtka postupno stvara svoju pa\u017eljivo odabranu kolekciju <b>visokokvalitetnih dodataka za njegu ko\u017ee kod ku\u0107e,<\/b> kozmetike i dodataka prehrani.<\/span><\/p>\n<p class=\"translation-block\"><span style=\"font-weight: 400\">Tvrtka je \u017eeljela<\/span><b> predstaviti luksuzni ure\u0111aj za masa\u017eu<\/b><span style=\"font-weight: 400\"> s mikrostrujama, limfnom drena\u017eom i za lifting lica, vrata i podru\u010dja oko o\u010diju.<\/span><\/p>\n<p class=\"translation-block\"><span style=\"font-weight: 400\">Digitalna kampanja imala je za cilj<\/span><b> stvoriti svijest o proizvodu<\/b><span style=\"font-weight: 400\"> i proslaviti dvije stvari istovremeno \u2013 drugu godinu postojanja, a mo\u017ee se pohvaliti i sudjelovanje na presti\u017enom natjecanju <\/span><b>Grazia Beauty Awards 2023.<\/b><\/p>\t\t\t\t\t\t\t\t<\/div>\n\t\t\t\t<\/div>\n\t\t\t\t<\/div>\n\t\t\t\t\t<\/div>\n\t\t\t\t<\/div>\n\t\t<div class=\"elementor-element elementor-element-dc6a2e2 e-flex e-con-boxed e-con e-parent\" data-id=\"dc6a2e2\" data-element_type=\"container\" data-settings=\"{&quot;jet_parallax_layout_list&quot;:[]}\">\n\t\t\t\t\t<div class=\"e-con-inner\">\n\t\t<div class=\"elementor-element elementor-element-86133d3 e-con-full e-flex e-con e-child\" data-id=\"86133d3\" data-element_type=\"container\" data-settings=\"{&quot;jet_parallax_layout_list&quot;:[]}\">\n\t\t\t\t<div class=\"elementor-element elementor-element-b9bf1fc elementor-widget elementor-widget-heading\" data-id=\"b9bf1fc\" data-element_type=\"widget\" data-widget_type=\"heading.default\">\n\t\t\t\t<div class=\"elementor-widget-container\">\n\t\t\t\t\t<h5 class=\"elementor-heading-title elementor-size-default\">Strategija<\/h5>\t\t\t\t<\/div>\n\t\t\t\t<\/div>\n\t\t\t\t<div class=\"elementor-element elementor-element-42311cf elementor-widget-mobile__width-initial elementor-widget__width-initial elementor-widget elementor-widget-heading\" data-id=\"42311cf\" data-element_type=\"widget\" data-widget_type=\"heading.default\">\n\t\t\t\t<div class=\"elementor-widget-container\">\n\t\t\t\t\t<h2 class=\"elementor-heading-title elementor-size-default translation-block\"><b>Izazovi<\/b> s kojima smo se suo\u010dili prije pokretanja kampanje<\/h2>\t\t\t\t<\/div>\n\t\t\t\t<\/div>\n\t\t\t\t<\/div>\n\t\t\t\t\t<\/div>\n\t\t\t\t<\/div>\n\t\t<div class=\"elementor-element elementor-element-b2815c5 animated-slow e-flex e-con-boxed elementor-invisible e-con e-parent\" data-id=\"b2815c5\" data-element_type=\"container\" data-settings=\"{&quot;jet_parallax_layout_list&quot;:[],&quot;animation&quot;:&quot;fadeIn&quot;,&quot;animation_delay&quot;:350}\">\n\t\t\t\t\t<div class=\"e-con-inner\">\n\t\t<div class=\"elementor-element elementor-element-32f9504 e-con-full e-flex e-con e-child\" data-id=\"32f9504\" data-element_type=\"container\" data-settings=\"{&quot;jet_parallax_layout_list&quot;:[]}\">\n\t\t\t\t<div class=\"elementor-element elementor-element-3c1d5b7 elementor-widget elementor-widget-heading\" data-id=\"3c1d5b7\" data-element_type=\"widget\" data-widget_type=\"heading.default\">\n\t\t\t\t<div class=\"elementor-widget-container\">\n\t\t\t\t\t<h2 class=\"elementor-heading-title elementor-size-default translation-block\">UGC kampanje u <b>suradnji s influencerima<\/b><\/h2>\t\t\t\t<\/div>\n\t\t\t\t<\/div>\n\t\t\t\t<div class=\"elementor-element elementor-element-2edafa4 elementor-widget elementor-widget-heading\" data-id=\"2edafa4\" data-element_type=\"widget\" data-widget_type=\"heading.default\">\n\t\t\t\t<div class=\"elementor-widget-container\">\n\t\t\t\t\t<h2 class=\"elementor-heading-title elementor-size-default\">Informativni postovi<\/h2>\t\t\t\t<\/div>\n\t\t\t\t<\/div>\n\t\t\t\t<div class=\"elementor-element elementor-element-7058f4e elementor-widget__width-initial elementor-widget elementor-widget-heading\" data-id=\"7058f4e\" data-element_type=\"widget\" data-widget_type=\"heading.default\">\n\t\t\t\t<div class=\"elementor-widget-container\">\n\t\t\t\t\t<h2 class=\"elementor-heading-title elementor-size-default translation-block\"><b>Istaknuto sudjelovanje<\/b> na presti\u017enoj dodjeli nagrada Grazia Beauty Awards 2023. i <b>proslava<\/b> drugog ro\u0111endana zlatne Guashe.<\/h2>\t\t\t\t<\/div>\n\t\t\t\t<\/div>\n\t\t\t\t<\/div>\n\t\t<div class=\"elementor-element elementor-element-3d8bd4c e-con-full e-flex e-con e-child\" data-id=\"3d8bd4c\" data-element_type=\"container\" data-settings=\"{&quot;jet_parallax_layout_list&quot;:[]}\">\n\t\t\t\t<div class=\"elementor-element elementor-element-85ae0d9 elementor-widget elementor-widget-text-editor\" data-id=\"85ae0d9\" data-element_type=\"widget\" data-widget_type=\"text-editor.default\">\n\t\t\t\t<div class=\"elementor-widget-container\">\n\t\t\t\t\t\t\t\t\t<p class=\"translation-block\"><span style=\"font-weight: 400\"><strong>Predstavite proizvod.<\/strong> Mnogi potencijalni kupci nisu bili upoznati s konceptom kori\u0161tenja zlatne Guashe za njegu ko\u017ee, stoga je bilo bitno <strong>istaknuti njezine prednosti <\/strong> u kampanji.<\/span><\/p><p class=\"translation-block\"><span style=\"font-weight: 400\"><strong>Konkurencija na tr\u017ei\u0161tu.<\/strong> Postoji dosta proizvoda za uljep\u0161avanje i njegu ko\u017ee, \u0161to zna\u010di da je tr\u017ei\u0161te zasi\u0107eno, pa smo morali prona\u0107i pravi na\u010din da privu\u010demo pa\u017enju kupaca.<\/span><\/p>\t\t\t\t\t\t\t\t<\/div>\n\t\t\t\t<\/div>\n\t\t\t\t<\/div>\n\t\t\t\t\t<\/div>\n\t\t\t\t<\/div>\n\t\t<div class=\"elementor-element elementor-element-4f1bd31 e-flex e-con-boxed e-con e-parent\" data-id=\"4f1bd31\" data-element_type=\"container\" data-settings=\"{&quot;jet_parallax_layout_list&quot;:[]}\">\n\t\t\t\t\t<div class=\"e-con-inner\">\n\t\t<div class=\"elementor-element elementor-element-836fc69 e-con-full e-flex e-con e-child\" data-id=\"836fc69\" data-element_type=\"container\" data-settings=\"{&quot;jet_parallax_layout_list&quot;:[]}\">\n\t\t\t\t<div class=\"elementor-element elementor-element-c127c41 elementor-widget elementor-widget-text-editor\" data-id=\"c127c41\" data-element_type=\"widget\" data-widget_type=\"text-editor.default\">\n\t\t\t\t<div class=\"elementor-widget-container\">\n\t\t\t\t\t\t\t\t\t<p class=\"translation-block\"><b>UGC oglasi<\/b> postaju sve klju\u010dniji<\/p>\t\t\t\t\t\t\t\t<\/div>\n\t\t\t\t<\/div>\n\t\t\t\t<div class=\"elementor-element elementor-element-29588ad elementor-widget__width-initial elementor-widget elementor-widget-text-editor\" data-id=\"29588ad\" data-element_type=\"widget\" data-widget_type=\"text-editor.default\">\n\t\t\t\t<div class=\"elementor-widget-container\">\n\t\t\t\t\t\t\t\t\t<p class=\"translation-block\"><span style=\"font-weight: 400\">Dizajnirali smo vi\u0161estruku strategiju ogla\u0161avanja usmjerenu na <\/span><b>sadr\u017eaj koji stvaraju korisnici (UGC)<\/b><span style=\"font-weight: 400\"> i strate\u0161ki polo\u017eaji oglasa za rje\u0161avanje izazova i postizanje \u017eeljenih rezultata.<\/span><\/p><p class=\"translation-block\"><span style=\"font-weight: 400\">Sljede\u0107i korak bilo je <\/span><b>strate\u0161ko postavljanje oglasa.<\/b><span style=\"font-weight: 400\"> Na\u0161 tim stru\u010dnjaka identificirao je klju\u010dne platforme na kojima je ciljna publika klijenta najaktivnija te su te podatke upotrijebili za optimizaciju kampanje.<\/span><\/p><p class=\"translation-block\"><span style=\"font-weight: 400\">Za Purity soni\u010dnu silikonsku \u010detku za dubinsko \u010di\u0161\u0107enje, masa\u017eu o\u010diju i uklanjanje \u0161minke s o\u010diju, izgradili smo kampanju na sadr\u017eaju koji je kreirala <\/span><b>influencerica Lara Nastran.<\/b><\/p>\t\t\t\t\t\t\t\t<\/div>\n\t\t\t\t<\/div>\n\t\t\t\t<\/div>\n\t\t<div class=\"elementor-element elementor-element-3b8cf26 e-con-full e-flex e-con e-child\" data-id=\"3b8cf26\" data-element_type=\"container\" data-settings=\"{&quot;jet_parallax_layout_list&quot;:[]}\">\n\t\t\t\t<div class=\"elementor-element elementor-element-7aeef0e elementor-widget elementor-widget-image\" data-id=\"7aeef0e\" data-element_type=\"widget\" data-widget_type=\"image.default\">\n\t\t\t\t<div class=\"elementor-widget-container\">\n\t\t\t\t\t\t\t\t\t\t\t\t\t\t\t<img fetchpriority=\"high\" decoding=\"async\" width=\"684\" height=\"1024\" src=\"https:\/\/pikadigital.eu\/wp-content\/uploads\/2023\/08\/natasha.png\" class=\"attachment-large size-large wp-image-2425\" alt=\"\" srcset=\"https:\/\/pikadigital.eu\/wp-content\/uploads\/2023\/08\/natasha.png 684w, https:\/\/pikadigital.eu\/wp-content\/uploads\/2023\/08\/natasha-600x898.png 600w, https:\/\/pikadigital.eu\/wp-content\/uploads\/2023\/08\/natasha-200x300.png 200w, https:\/\/pikadigital.eu\/wp-content\/uploads\/2023\/08\/natasha-8x12.png 8w\" sizes=\"(max-width: 684px) 100vw, 684px\" \/>\t\t\t\t\t\t\t\t\t\t\t\t\t\t\t<\/div>\n\t\t\t\t<\/div>\n\t\t\t\t<\/div>\n\t\t\t\t\t<\/div>\n\t\t\t\t<\/div>\n\t\t<div class=\"elementor-element elementor-element-9a788b0 e-flex e-con-boxed e-con e-parent\" data-id=\"9a788b0\" data-element_type=\"container\" data-settings=\"{&quot;jet_parallax_layout_list&quot;:[]}\">\n\t\t\t\t\t<div class=\"e-con-inner\">\n\t\t<div class=\"elementor-element elementor-element-ad24001 e-con-full e-flex elementor-invisible e-con e-child\" data-id=\"ad24001\" data-element_type=\"container\" data-settings=\"{&quot;jet_parallax_layout_list&quot;:[],&quot;animation&quot;:&quot;fadeIn&quot;,&quot;animation_delay&quot;:350}\">\n\t\t\t\t<div class=\"elementor-element elementor-element-9cef39f elementor-widget elementor-widget-heading\" data-id=\"9cef39f\" data-element_type=\"widget\" data-widget_type=\"heading.default\">\n\t\t\t\t<div class=\"elementor-widget-container\">\n\t\t\t\t\t<h5 class=\"elementor-heading-title elementor-size-default\">A rezultati?<\/h5>\t\t\t\t<\/div>\n\t\t\t\t<\/div>\n\t\t\t\t<div class=\"elementor-element elementor-element-d052efc elementor-widget__width-inherit elementor-widget elementor-widget-heading\" data-id=\"d052efc\" data-element_type=\"widget\" data-widget_type=\"heading.default\">\n\t\t\t\t<div class=\"elementor-widget-container\">\n\t\t\t\t\t<h2 class=\"elementor-heading-title elementor-size-default translation-block\">ROAS 16 u <b>jednomjese\u010dnoj<\/b> kampanji<\/h2>\t\t\t\t<\/div>\n\t\t\t\t<\/div>\n\t\t\t\t<div class=\"elementor-element elementor-element-25f6dcd elementor-widget__width-initial elementor-widget elementor-widget-text-editor\" data-id=\"25f6dcd\" data-element_type=\"widget\" data-widget_type=\"text-editor.default\">\n\t\t\t\t<div class=\"elementor-widget-container\">\n\t\t\t\t\t\t\t\t\t<p class=\"translation-block\"><span style=\"font-weight: 400\">Postigli smo visok povrat utro\u0161enog prora\u010duna za ogla\u0161avanje (ROAS). Strate\u0161ka kombinacija UGC-a i ciljanog ogla\u0161avanja donijela je<\/span><b> impresivan ROAS od 16.<\/b><\/p>\n<p class=\"translation-block\"><span style=\"font-weight: 400\">Kampanja usmjerena na UGC zna\u010dajno je<\/span><b> pove\u0107ala svijest o robnoj marki<\/b><span style=\"font-weight: 400\"> dosegla \u0161iru publiku, generirala 'organski marketing' koji se predaje od usta do usta i <\/span><b>pove\u0107ala prodaju.<\/b><\/p>\n<p class=\"translation-block\"><span style=\"font-weight: 400\">Klijentova uspje\u0161na kampanja pokazala je <\/span><b>snagu sadr\u017eaja koji izra\u0111uju korisnici,<\/b><span style=\"font-weight: 400\"> strate\u0161ki polo\u017eaji oglasa i partnerstva s utjecajnim osobama za brzo postizanje iznimnih rezultata.<\/span><\/p>\n<p><span style=\"font-weight: 400;\">Drago nam je \u0161to smo bili dio jo\u0161 jedne uspje\u0161ne pri\u010de.<\/span><\/p>\t\t\t\t\t\t\t\t<\/div>\n\t\t\t\t<\/div>\n\t\t\t\t<\/div>\n\t\t\t\t\t<\/div>\n\t\t\t\t<\/div>\n\t\t<div class=\"elementor-element elementor-element-9a8ad39 e-flex e-con-boxed e-con e-parent\" data-id=\"9a8ad39\" data-element_type=\"container\" data-settings=\"{&quot;jet_parallax_layout_list&quot;:[]}\">\n\t\t\t\t\t<div class=\"e-con-inner\">\n\t\t\t\t<div class=\"elementor-element elementor-element-8256ca7 elementor-widget__width-inherit elementor-widget elementor-widget-heading\" data-id=\"8256ca7\" data-element_type=\"widget\" data-widget_type=\"heading.default\">\n\t\t\t\t<div class=\"elementor-widget-container\">\n\t\t\t\t\t<h2 class=\"elementor-heading-title elementor-size-default translation-block\"><b>Pro\u010ditajte vi\u0161e<\/b> <br>studija slu\u010daja<\/h2>\t\t\t\t<\/div>\n\t\t\t\t<\/div>\n\t\t\t\t<div class=\"elementor-element elementor-element-53d7369 elementor-align-center elementor-widget elementor-widget-button\" data-id=\"53d7369\" data-element_type=\"widget\" data-widget_type=\"button.default\">\n\t\t\t\t<div class=\"elementor-widget-container\">\n\t\t\t\t\t\t\t\t\t<div class=\"elementor-button-wrapper\">\n\t\t\t\t\t<a class=\"elementor-button elementor-button-link elementor-size-lg\" href=\"https:\/\/pikadigital.eu\/hr\/resources\/\">\n\t\t\t\t\t\t<span class=\"elementor-button-content-wrapper\">\n\t\t\t\t\t\t\t\t\t<span class=\"elementor-button-text\">Vratite se na resurse<\/span>\n\t\t\t\t\t<\/span>\n\t\t\t\t\t<\/a>\n\t\t\t\t<\/div>\n\t\t\t\t\t\t\t\t<\/div>\n\t\t\t\t<\/div>\n\t\t\t\t\t<\/div>\n\t\t\t\t<\/div>\n\t\t\t\t<\/div>","protected":false},"excerpt":{"rendered":"<p>Case study UGC ads deliver impressive results NatashaSPAce was established in 2000 as a home for relaxation and beauty rituals. Since then, a lot has changed.&nbsp;&nbsp; Now in its 23rd year, the company is gradually creating its carefully curated collection of high-quality home skincare tools, preparations and nutritional supplements. The company wanted to introduce a [&hellip;]<\/p>","protected":false},"author":3,"featured_media":0,"parent":0,"menu_order":0,"comment_status":"closed","ping_status":"closed","template":"","meta":{"footnotes":""},"class_list":["post-2423","page","type-page","status-publish","hentry"],"jetpack_sharing_enabled":true,"_links":{"self":[{"href":"https:\/\/pikadigital.eu\/hr\/wp-json\/wp\/v2\/pages\/2423","targetHints":{"allow":["GET"]}}],"collection":[{"href":"https:\/\/pikadigital.eu\/hr\/wp-json\/wp\/v2\/pages"}],"about":[{"href":"https:\/\/pikadigital.eu\/hr\/wp-json\/wp\/v2\/types\/page"}],"author":[{"embeddable":true,"href":"https:\/\/pikadigital.eu\/hr\/wp-json\/wp\/v2\/users\/3"}],"replies":[{"embeddable":true,"href":"https:\/\/pikadigital.eu\/hr\/wp-json\/wp\/v2\/comments?post=2423"}],"version-history":[{"count":0,"href":"https:\/\/pikadigital.eu\/hr\/wp-json\/wp\/v2\/pages\/2423\/revisions"}],"wp:attachment":[{"href":"https:\/\/pikadigital.eu\/hr\/wp-json\/wp\/v2\/media?parent=2423"}],"curies":[{"name":"wp","href":"https:\/\/api.w.org\/{rel}","templated":true}]}}