{"id":5595,"date":"2024-07-26T10:02:40","date_gmt":"2024-07-26T08:02:40","guid":{"rendered":"https:\/\/pikadigital.eu\/?page_id=5595"},"modified":"2024-09-15T13:23:10","modified_gmt":"2024-09-15T11:23:10","slug":"cs-abp-sport","status":"publish","type":"page","link":"https:\/\/pikadigital.eu\/hr\/cs-abp-sport\/","title":{"rendered":"CS ABP Sport"},"content":{"rendered":"<div data-elementor-type=\"wp-page\" data-elementor-id=\"5595\" class=\"elementor elementor-5595\" data-elementor-post-type=\"page\">\n\t\t\t\t<div class=\"elementor-element elementor-element-6096c04 e-flex e-con-boxed e-con e-parent\" data-id=\"6096c04\" data-element_type=\"container\" data-settings=\"{&quot;jet_parallax_layout_list&quot;:[]}\">\n\t\t\t\t\t<div class=\"e-con-inner\">\n\t\t\t\t<div class=\"elementor-element elementor-element-0714273 elementor-widget-mobile__width-initial elementor-widget elementor-widget-text-editor\" data-id=\"0714273\" data-element_type=\"widget\" data-widget_type=\"text-editor.default\">\n\t\t\t\t<div class=\"elementor-widget-container\">\n\t\t\t\t\t\t\t\t\t<div class=\"text\"><div class=\"text text\">Studija slu\u010daja<\/div><\/div>\t\t\t\t\t\t\t\t<\/div>\n\t\t\t\t<\/div>\n\t\t\t\t<div class=\"elementor-element elementor-element-956a790 elementor-widget elementor-widget-text-editor\" data-id=\"956a790\" data-element_type=\"widget\" data-widget_type=\"text-editor.default\">\n\t\t\t\t<div class=\"elementor-widget-container\">\n\t\t\t\t\t\t\t\t\t<p><strong>Travanj = Novi prosinac<\/strong><\/p>\t\t\t\t\t\t\t\t<\/div>\n\t\t\t\t<\/div>\n\t\t<div class=\"elementor-element elementor-element-9e7255a e-con-full e-flex e-con e-child\" data-id=\"9e7255a\" data-element_type=\"container\" data-settings=\"{&quot;jet_parallax_layout_list&quot;:[]}\">\n\t\t<div class=\"elementor-element elementor-element-45072e8 e-con-full e-flex e-con e-child\" data-id=\"45072e8\" data-element_type=\"container\" data-settings=\"{&quot;jet_parallax_layout_list&quot;:[]}\">\n\t\t\t\t<div class=\"elementor-element elementor-element-fb89945 elementor-widget elementor-widget-text-editor\" data-id=\"fb89945\" data-element_type=\"widget\" data-widget_type=\"text-editor.default\">\n\t\t\t\t<div class=\"elementor-widget-container\">\n\t\t\t\t\t\t\t\t\t<p class=\"translation-block\"><strong>Rekordna prodaja<\/strong> u mjesecu<\/p>\t\t\t\t\t\t\t\t<\/div>\n\t\t\t\t<\/div>\n\t\t\t\t<div class=\"elementor-element elementor-element-c49c5e6 elementor-widget elementor-widget-text-editor\" data-id=\"c49c5e6\" data-element_type=\"widget\" data-widget_type=\"text-editor.default\">\n\t\t\t\t<div class=\"elementor-widget-container\">\n\t\t\t\t\t\t\t\t\t<p>Najbolji mjesec za prodaju je...<\/p>\t\t\t\t\t\t\t\t<\/div>\n\t\t\t\t<\/div>\n\t\t\t\t<div class=\"elementor-element elementor-element-0cb67a0 elementor-widget elementor-widget-text-editor\" data-id=\"0cb67a0\" data-element_type=\"widget\" data-widget_type=\"text-editor.default\">\n\t\t\t\t<div class=\"elementor-widget-container\">\n\t\t\t\t\t\t\t\t\t<p>Prosinac<\/p><p>\u00a0<\/p><p>Ne!<\/p><p>\u00a0<\/p><p>TRAVANJ!<\/p>\t\t\t\t\t\t\t\t<\/div>\n\t\t\t\t<\/div>\n\t\t\t\t<div class=\"elementor-element elementor-element-1c0e00d elementor-widget elementor-widget-text-editor\" data-id=\"1c0e00d\" data-element_type=\"widget\" data-widget_type=\"text-editor.default\">\n\t\t\t\t<div class=\"elementor-widget-container\">\n\t\t\t\t\t\t\t\t\t<p>Za\u0161to travanj?<\/p>\t\t\t\t\t\t\t\t<\/div>\n\t\t\t\t<\/div>\n\t\t\t\t<div class=\"elementor-element elementor-element-4fdb918 elementor-widget elementor-widget-text-editor\" data-id=\"4fdb918\" data-element_type=\"widget\" data-widget_type=\"text-editor.default\">\n\t\t\t\t<div class=\"elementor-widget-container\">\n\t\t\t\t\t\t\t\t\t<p>ABP prosport prodaje dodatke sportskoj prehrani \u2013 proteine, vitamine itd.<\/p><p>\u00a0<\/p><p class=\"translation-block\"><span style=\"font-weight: 400\">Op\u0107enito, u prosincu je <\/span><b>prodaja ve\u0107a<\/b><span style=\"font-weight: 400\"> i <\/span> <b>brzo pada <\/b><span style=\"font-weight: 400\">nakon nove godine.<\/span><\/p><p>\u00a0<\/p><p class=\"translation-block\"><span style=\"font-weight: 400\">Ali ako znate \u0161to radite, mo\u017eete <\/span><b>promijeniti <\/b><span style=\"font-weight: 400\"> ovaj trend.<\/span><\/p>\t\t\t\t\t\t\t\t<\/div>\n\t\t\t\t<\/div>\n\t\t\t\t<\/div>\n\t\t<div class=\"elementor-element elementor-element-f4d3f06 e-con-full e-flex e-con e-child\" data-id=\"f4d3f06\" data-element_type=\"container\" data-settings=\"{&quot;jet_parallax_layout_list&quot;:[]}\">\n\t\t\t\t<div class=\"elementor-element elementor-element-c752693 elementor-widget elementor-widget-image\" data-id=\"c752693\" data-element_type=\"widget\" data-widget_type=\"image.default\">\n\t\t\t\t<div class=\"elementor-widget-container\">\n\t\t\t\t\t\t\t\t\t\t\t\t\t\t\t<img fetchpriority=\"high\" decoding=\"async\" width=\"478\" height=\"749\" src=\"https:\/\/pikadigital.eu\/wp-content\/uploads\/2024\/07\/Prva-slika-1.png\" class=\"attachment-large size-large wp-image-5597\" alt=\"\" srcset=\"https:\/\/pikadigital.eu\/wp-content\/uploads\/2024\/07\/Prva-slika-1.png 478w, https:\/\/pikadigital.eu\/wp-content\/uploads\/2024\/07\/Prva-slika-1-191x300.png 191w, https:\/\/pikadigital.eu\/wp-content\/uploads\/2024\/07\/Prva-slika-1-8x12.png 8w\" sizes=\"(max-width: 478px) 100vw, 478px\" \/>\t\t\t\t\t\t\t\t\t\t\t\t\t\t\t<\/div>\n\t\t\t\t<\/div>\n\t\t\t\t<\/div>\n\t\t\t\t<\/div>\n\t\t\t\t\t<\/div>\n\t\t\t\t<\/div>\n\t\t<div class=\"elementor-element elementor-element-978c7b4 e-flex e-con-boxed e-con e-parent\" data-id=\"978c7b4\" data-element_type=\"container\" data-settings=\"{&quot;jet_parallax_layout_list&quot;:[]}\">\n\t\t\t\t\t<div class=\"e-con-inner\">\n\t\t\t\t<div class=\"elementor-element elementor-element-3f04cea elementor-widget elementor-widget-image\" data-id=\"3f04cea\" data-element_type=\"widget\" id=\"grafslo\" data-widget_type=\"image.default\">\n\t\t\t\t<div class=\"elementor-widget-container\">\n\t\t\t\t\t\t\t\t\t\t\t\t\t\t\t<img decoding=\"async\" width=\"800\" height=\"274\" src=\"https:\/\/pikadigital.eu\/wp-content\/uploads\/2024\/07\/Group-4992-1024x351.png\" class=\"attachment-large size-large wp-image-5598\" alt=\"\" srcset=\"https:\/\/pikadigital.eu\/wp-content\/uploads\/2024\/07\/Group-4992-1024x351.png 1024w, https:\/\/pikadigital.eu\/wp-content\/uploads\/2024\/07\/Group-4992-600x206.png 600w, https:\/\/pikadigital.eu\/wp-content\/uploads\/2024\/07\/Group-4992-300x103.png 300w, https:\/\/pikadigital.eu\/wp-content\/uploads\/2024\/07\/Group-4992-768x264.png 768w, https:\/\/pikadigital.eu\/wp-content\/uploads\/2024\/07\/Group-4992-18x6.png 18w, https:\/\/pikadigital.eu\/wp-content\/uploads\/2024\/07\/Group-4992.png 1154w\" sizes=\"(max-width: 800px) 100vw, 800px\" \/>\t\t\t\t\t\t\t\t\t\t\t\t\t\t\t<\/div>\n\t\t\t\t<\/div>\n\t\t\t\t<div class=\"elementor-element elementor-element-32dc105 elementor-widget elementor-widget-image\" data-id=\"32dc105\" data-element_type=\"widget\" id=\"grafeng\" data-widget_type=\"image.default\">\n\t\t\t\t<div class=\"elementor-widget-container\">\n\t\t\t\t\t\t\t\t\t\t\t\t\t\t\t<img decoding=\"async\" width=\"800\" height=\"440\" src=\"https:\/\/pikadigital.eu\/wp-content\/uploads\/2024\/07\/EN_graf-1024x563.png\" class=\"attachment-large size-large wp-image-5629\" alt=\"\" srcset=\"\" sizes=\"(max-width: 800px) 100vw, 800px\" data-srcset=\"\" \/>\t\t\t\t\t\t\t\t\t\t\t\t\t\t\t<\/div>\n\t\t\t\t<\/div>\n\t\t\t\t<div class=\"elementor-element elementor-element-e7684d2 elementor-widget elementor-widget-html\" data-id=\"e7684d2\" data-element_type=\"widget\" data-widget_type=\"html.default\">\n\t\t\t\t<div class=\"elementor-widget-container\">\n\t\t\t\t\t<script>\ndocument.addEventListener(\"DOMContentLoaded\", function() {\n    if (window.location.pathname == '\/en\/cs-abp-sport\/') {\n        document.getElementById('grafeng').style.display = 'block';\n    }\n});\n<\/script>\n\n<script>\ndocument.addEventListener(\"DOMContentLoaded\", function() {\n    if (window.location.pathname == '\/sl\/cs-abp-sport\/') {\n        document.getElementById('grafslo').style.display = 'block';\n    }\n});\n<\/script>\n\n<script>\ndocument.addEventListener(\"DOMContentLoaded\", function() {\n    if (window.location.pathname == '\/hr\/cs-abp-sport\/') {\n        document.getElementById('grafeng').style.display = 'block';\n    }\n});\n<\/script>\t\t\t\t<\/div>\n\t\t\t\t<\/div>\n\t\t\t\t\t<\/div>\n\t\t\t\t<\/div>\n\t\t<div class=\"elementor-element elementor-element-3dd35be e-flex e-con-boxed e-con e-parent\" data-id=\"3dd35be\" data-element_type=\"container\" data-settings=\"{&quot;jet_parallax_layout_list&quot;:[]}\">\n\t\t\t\t\t<div class=\"e-con-inner\">\n\t\t\t\t<div class=\"elementor-element elementor-element-3e12e7e elementor-widget-mobile__width-initial elementor-widget elementor-widget-text-editor\" data-id=\"3e12e7e\" data-element_type=\"widget\" data-widget_type=\"text-editor.default\">\n\t\t\t\t<div class=\"elementor-widget-container\">\n\t\t\t\t\t\t\t\t\t<div class=\"text\"><div class=\"text text\">Kreativni pristup<\/div><\/div>\t\t\t\t\t\t\t\t<\/div>\n\t\t\t\t<\/div>\n\t\t\t\t<div class=\"elementor-element elementor-element-d26100f elementor-widget elementor-widget-text-editor\" data-id=\"d26100f\" data-element_type=\"widget\" data-widget_type=\"text-editor.default\">\n\t\t\t\t<div class=\"elementor-widget-container\">\n\t\t\t\t\t\t\t\t\t<p class=\"translation-block\">Kako smo postigli<b> ve\u0107u prodaju u travnju nego u prosincu?<\/b><\/p>\t\t\t\t\t\t\t\t<\/div>\n\t\t\t\t<\/div>\n\t\t<div class=\"elementor-element elementor-element-d9235cd e-con-full e-flex e-con e-child\" data-id=\"d9235cd\" data-element_type=\"container\" data-settings=\"{&quot;jet_parallax_layout_list&quot;:[]}\">\n\t\t\t\t<div class=\"elementor-element elementor-element-058ac3b elementor-widget elementor-widget-text-editor\" data-id=\"058ac3b\" data-element_type=\"widget\" data-widget_type=\"text-editor.default\">\n\t\t\t\t<div class=\"elementor-widget-container\">\n\t\t\t\t\t\t\t\t\t<p class=\"translation-block\">1. \u010cinjenica<b> \u2013 <\/b>svi vole poklone<\/p>\t\t\t\t\t\t\t\t<\/div>\n\t\t\t\t<\/div>\n\t\t\t\t<div class=\"elementor-element elementor-element-8271080 elementor-widget elementor-widget-text-editor\" data-id=\"8271080\" data-element_type=\"widget\" data-widget_type=\"text-editor.default\">\n\t\t\t\t<div class=\"elementor-widget-container\">\n\t\t\t\t\t\t\t\t\t<p class=\"translation-block\"><span style=\"font-weight: 400\">S obzirom na izbor, ve\u0107ina ljudi bi odabrala poklon umjesto popusta, <\/span><b>\u010dak i ako je vrijednost manja.<\/b><\/p><p class=\"translation-block\"><span style=\"font-weight: 400\">Zato smo se fokusirali na <\/span><b>popuste<\/b><span style=\"font-weight: 400\"> od kolovoza do velja\u010de.<\/raspon><\/p><p class=\"translation-block\"><span style=\"font-weight: 400\">I nudili <\/span><b>poklone <\/b><span style=\"font-weight: 400\">u o\u017eujku i travnju.<\/span><\/p><p><span style=\"font-weight: 400;\">Ali morali smo paziti na jednu va\u017enu stvar...<\/span><\/p>\t\t\t\t\t\t\t\t<\/div>\n\t\t\t\t<\/div>\n\t\t\t\t<div class=\"elementor-element elementor-element-0d47d64 elementor-widget elementor-widget-image\" data-id=\"0d47d64\" data-element_type=\"widget\" data-widget_type=\"image.default\">\n\t\t\t\t<div class=\"elementor-widget-container\">\n\t\t\t\t\t\t\t\t\t\t\t\t\t\t\t<img loading=\"lazy\" decoding=\"async\" width=\"792\" height=\"345\" src=\"https:\/\/pikadigital.eu\/wp-content\/uploads\/2024\/07\/akcije-1-1.png\" class=\"attachment-large size-large wp-image-5600\" alt=\"\" srcset=\"https:\/\/pikadigital.eu\/wp-content\/uploads\/2024\/07\/akcije-1-1.png 792w, https:\/\/pikadigital.eu\/wp-content\/uploads\/2024\/07\/akcije-1-1-600x261.png 600w, https:\/\/pikadigital.eu\/wp-content\/uploads\/2024\/07\/akcije-1-1-300x131.png 300w, https:\/\/pikadigital.eu\/wp-content\/uploads\/2024\/07\/akcije-1-1-768x335.png 768w, https:\/\/pikadigital.eu\/wp-content\/uploads\/2024\/07\/akcije-1-1-18x8.png 18w\" sizes=\"(max-width: 792px) 100vw, 792px\" \/>\t\t\t\t\t\t\t\t\t\t\t\t\t\t\t<\/div>\n\t\t\t\t<\/div>\n\t\t\t\t<\/div>\n\t\t<div class=\"elementor-element elementor-element-4934eaa e-con-full e-flex e-con e-child\" data-id=\"4934eaa\" data-element_type=\"container\" data-settings=\"{&quot;jet_parallax_layout_list&quot;:[]}\">\n\t\t\t\t<div class=\"elementor-element elementor-element-7b6b928 elementor-widget elementor-widget-text-editor\" data-id=\"7b6b928\" data-element_type=\"widget\" data-widget_type=\"text-editor.default\">\n\t\t\t\t<div class=\"elementor-widget-container\">\n\t\t\t\t\t\t\t\t\t<p>2. \u010cinjenica \u2013 kupci \u201cu\u010de\u201d prodaju<\/p>\t\t\t\t\t\t\t\t<\/div>\n\t\t\t\t<\/div>\n\t\t\t\t<div class=\"elementor-element elementor-element-0415f26 elementor-widget__width-initial elementor-widget elementor-widget-text-editor\" data-id=\"0415f26\" data-element_type=\"widget\" data-widget_type=\"text-editor.default\">\n\t\t\t\t<div class=\"elementor-widget-container\">\n\t\t\t\t\t\t\t\t\t<p class=\"translation-block\"><span style=\"font-weight: 400\">Ovo je posebno opasno ako prodajete artikle <\/span><b>koji se kupuju samo jednom.<\/b><\/p><p><strong>Ali ABP izbjegava ovu opasnost:<\/strong><\/p><ul><li>Dodaci se tro\u0161e i poti\u0107u ponovnu kupnju.<\/li><li>Razli\u010diti brandovi su sli\u010dni \u2013 kupci isprobavaju nove proizvode.<\/li><li style=\"font-weight: 400;\" aria-level=\"1\">Akcije smanjuju paralizu izbora.<\/li><\/ul>\t\t\t\t\t\t\t\t<\/div>\n\t\t\t\t<\/div>\n\t\t\t\t<div class=\"elementor-element elementor-element-1db9b9e elementor-widget elementor-widget-image\" data-id=\"1db9b9e\" data-element_type=\"widget\" data-widget_type=\"image.default\">\n\t\t\t\t<div class=\"elementor-widget-container\">\n\t\t\t\t\t\t\t\t\t\t\t\t\t\t\t<img loading=\"lazy\" decoding=\"async\" width=\"792\" height=\"345\" src=\"https:\/\/pikadigital.eu\/wp-content\/uploads\/2024\/07\/akcije-2-1.png\" class=\"attachment-large size-large wp-image-5601\" alt=\"\" srcset=\"https:\/\/pikadigital.eu\/wp-content\/uploads\/2024\/07\/akcije-2-1.png 792w, https:\/\/pikadigital.eu\/wp-content\/uploads\/2024\/07\/akcije-2-1-600x261.png 600w, https:\/\/pikadigital.eu\/wp-content\/uploads\/2024\/07\/akcije-2-1-300x131.png 300w, https:\/\/pikadigital.eu\/wp-content\/uploads\/2024\/07\/akcije-2-1-768x335.png 768w, https:\/\/pikadigital.eu\/wp-content\/uploads\/2024\/07\/akcije-2-1-18x8.png 18w\" sizes=\"(max-width: 792px) 100vw, 792px\" \/>\t\t\t\t\t\t\t\t\t\t\t\t\t\t\t<\/div>\n\t\t\t\t<\/div>\n\t\t\t\t<div class=\"elementor-element elementor-element-ac1b77e elementor-widget elementor-widget-text-editor\" data-id=\"ac1b77e\" data-element_type=\"widget\" data-widget_type=\"text-editor.default\">\n\t\t\t\t<div class=\"elementor-widget-container\">\n\t\t\t\t\t\t\t\t\t<p><span style=\"font-weight: 400;\">I \u0161to je najva\u017enije!<\/span><\/p>\t\t\t\t\t\t\t\t<\/div>\n\t\t\t\t<\/div>\n\t\t\t\t<\/div>\n\t\t<div class=\"elementor-element elementor-element-5aebb55 e-con-full e-flex e-con e-child\" data-id=\"5aebb55\" data-element_type=\"container\" data-settings=\"{&quot;jet_parallax_layout_list&quot;:[]}\">\n\t\t\t\t<div class=\"elementor-element elementor-element-2da83bb elementor-widget elementor-widget-text-editor\" data-id=\"2da83bb\" data-element_type=\"widget\" data-widget_type=\"text-editor.default\">\n\t\t\t\t<div class=\"elementor-widget-container\">\n\t\t\t\t\t\t\t\t\t<p>3. \u010cinjenica \u2013 prolje\u0107e je sezona za kretanje<\/p>\t\t\t\t\t\t\t\t<\/div>\n\t\t\t\t<\/div>\n\t\t\t\t<div class=\"elementor-element elementor-element-81d455e elementor-widget__width-initial elementor-widget elementor-widget-text-editor\" data-id=\"81d455e\" data-element_type=\"widget\" data-widget_type=\"text-editor.default\">\n\t\t\t\t<div class=\"elementor-widget-container\">\n\t\t\t\t\t\t\t\t\t<p><span style=\"font-weight: 400;\">Prvi val prodaje bio je u prosincu, \u0161to je uobi\u010dajeno.<\/span><\/p><p><b>Ono \u0161to je netipi\u010dno je drugi val kupnje u travnju.<\/b><\/p><p><span style=\"font-weight: 400;\">Razlog na\u0161eg uspjeha je:<\/span><\/p><ul><li><span style=\"font-weight: 400;\">Razumijevanje navika kupaca \u2013 vje\u017ebamo u prolje\u0107e<\/span><\/li><li style=\"font-weight: 400;\" aria-level=\"1\"><span style=\"font-weight: 400;\">Atraktivne promocije<\/span><\/li><li style=\"font-weight: 400;\" aria-level=\"1\"><span style=\"font-weight: 400;\">Ogla\u0161avanje na vi\u0161e kanala u isto vrijeme<\/span><\/li><\/ul>\t\t\t\t\t\t\t\t<\/div>\n\t\t\t\t<\/div>\n\t\t\t\t<div class=\"elementor-element elementor-element-c2f954d elementor-widget elementor-widget-image\" data-id=\"c2f954d\" data-element_type=\"widget\" data-widget_type=\"image.default\">\n\t\t\t\t<div class=\"elementor-widget-container\">\n\t\t\t\t\t\t\t\t\t\t\t\t\t\t\t<img loading=\"lazy\" decoding=\"async\" width=\"792\" height=\"345\" src=\"https:\/\/pikadigital.eu\/wp-content\/uploads\/2024\/07\/oglasi_od_aprila-1.png\" class=\"attachment-large size-large wp-image-5602\" alt=\"\" srcset=\"https:\/\/pikadigital.eu\/wp-content\/uploads\/2024\/07\/oglasi_od_aprila-1.png 792w, https:\/\/pikadigital.eu\/wp-content\/uploads\/2024\/07\/oglasi_od_aprila-1-600x261.png 600w, https:\/\/pikadigital.eu\/wp-content\/uploads\/2024\/07\/oglasi_od_aprila-1-300x131.png 300w, https:\/\/pikadigital.eu\/wp-content\/uploads\/2024\/07\/oglasi_od_aprila-1-768x335.png 768w, https:\/\/pikadigital.eu\/wp-content\/uploads\/2024\/07\/oglasi_od_aprila-1-18x8.png 18w\" sizes=\"(max-width: 792px) 100vw, 792px\" \/>\t\t\t\t\t\t\t\t\t\t\t\t\t\t\t<\/div>\n\t\t\t\t<\/div>\n\t\t\t\t<\/div>\n\t\t\t\t\t<\/div>\n\t\t\t\t<\/div>\n\t\t<div class=\"elementor-element elementor-element-8f86aa5 e-flex e-con-boxed e-con e-parent\" data-id=\"8f86aa5\" data-element_type=\"container\" data-settings=\"{&quot;jet_parallax_layout_list&quot;:[]}\">\n\t\t\t\t\t<div class=\"e-con-inner\">\n\t\t<div class=\"elementor-element elementor-element-0efbb35 e-con-full e-flex e-con e-child\" data-id=\"0efbb35\" data-element_type=\"container\" data-settings=\"{&quot;jet_parallax_layout_list&quot;:[]}\">\n\t\t\t\t<div class=\"elementor-element elementor-element-4753e89 elementor-widget__width-initial elementor-widget elementor-widget-text-editor\" data-id=\"4753e89\" data-element_type=\"widget\" data-widget_type=\"text-editor.default\">\n\t\t\t\t<div class=\"elementor-widget-container\">\n\t\t\t\t\t\t\t\t\t<p><span style=\"font-weight: 400;\">Prodavali smo putem e-mailova<\/span><\/p>\t\t\t\t\t\t\t\t<\/div>\n\t\t\t\t<\/div>\n\t\t\t\t<div class=\"elementor-element elementor-element-c5955d5 elementor-widget elementor-widget-image\" data-id=\"c5955d5\" data-element_type=\"widget\" data-widget_type=\"image.default\">\n\t\t\t\t<div class=\"elementor-widget-container\">\n\t\t\t\t\t\t\t\t\t\t\t\t\t\t\t<img loading=\"lazy\" decoding=\"async\" width=\"339\" height=\"583\" src=\"https:\/\/pikadigital.eu\/wp-content\/uploads\/2024\/07\/mail-1.png\" class=\"attachment-large size-large wp-image-5604\" alt=\"\" srcset=\"https:\/\/pikadigital.eu\/wp-content\/uploads\/2024\/07\/mail-1.png 339w, https:\/\/pikadigital.eu\/wp-content\/uploads\/2024\/07\/mail-1-174x300.png 174w, https:\/\/pikadigital.eu\/wp-content\/uploads\/2024\/07\/mail-1-7x12.png 7w\" sizes=\"(max-width: 339px) 100vw, 339px\" \/>\t\t\t\t\t\t\t\t\t\t\t\t\t\t\t<\/div>\n\t\t\t\t<\/div>\n\t\t\t\t<div class=\"elementor-element elementor-element-81f3334 elementor-widget elementor-widget-text-editor\" data-id=\"81f3334\" data-element_type=\"widget\" data-widget_type=\"text-editor.default\">\n\t\t\t\t<div class=\"elementor-widget-container\">\n\t\t\t\t\t\t\t\t\t<p><span style=\"font-weight: 400;\">i dru\u0161tvenih mre\u017ea.<\/span><\/p>\t\t\t\t\t\t\t\t<\/div>\n\t\t\t\t<\/div>\n\t\t\t\t<\/div>\n\t\t<div class=\"elementor-element elementor-element-5c56bda e-con-full e-flex e-con e-child\" data-id=\"5c56bda\" data-element_type=\"container\" data-settings=\"{&quot;jet_parallax_layout_list&quot;:[]}\">\n\t\t\t\t<div class=\"elementor-element elementor-element-40194a0 elementor-hidden-tablet elementor-hidden-mobile elementor-widget elementor-widget-text-editor\" data-id=\"40194a0\" data-element_type=\"widget\" data-widget_type=\"text-editor.default\">\n\t\t\t\t<div class=\"elementor-widget-container\">\n\t\t\t\t\t\t\t\t\t<p><span style=\"font-weight: 400;\">Meta oglasa<\/span><\/p>\t\t\t\t\t\t\t\t<\/div>\n\t\t\t\t<\/div>\n\t\t\t\t<div class=\"elementor-element elementor-element-1ee4b2c elementor-widget elementor-widget-image\" data-id=\"1ee4b2c\" data-element_type=\"widget\" data-widget_type=\"image.default\">\n\t\t\t\t<div class=\"elementor-widget-container\">\n\t\t\t\t\t\t\t\t\t\t\t\t\t\t\t<img loading=\"lazy\" decoding=\"async\" width=\"318\" height=\"523\" src=\"https:\/\/pikadigital.eu\/wp-content\/uploads\/2024\/07\/Meta_oglas-1.png\" class=\"attachment-large size-large wp-image-5605\" alt=\"\" srcset=\"https:\/\/pikadigital.eu\/wp-content\/uploads\/2024\/07\/Meta_oglas-1.png 318w, https:\/\/pikadigital.eu\/wp-content\/uploads\/2024\/07\/Meta_oglas-1-182x300.png 182w, https:\/\/pikadigital.eu\/wp-content\/uploads\/2024\/07\/Meta_oglas-1-7x12.png 7w\" sizes=\"(max-width: 318px) 100vw, 318px\" \/>\t\t\t\t\t\t\t\t\t\t\t\t\t\t\t<\/div>\n\t\t\t\t<\/div>\n\t\t\t\t<\/div>\n\t\t\t\t\t<\/div>\n\t\t\t\t<\/div>\n\t\t<div class=\"elementor-element elementor-element-cf471c8 e-flex e-con-boxed e-con e-child\" data-id=\"cf471c8\" data-element_type=\"container\" data-settings=\"{&quot;jet_parallax_layout_list&quot;:[]}\">\n\t\t\t\t\t<div class=\"e-con-inner\">\n\t\t<div class=\"elementor-element elementor-element-2740439 e-con-full e-flex e-con e-child\" data-id=\"2740439\" data-element_type=\"container\" data-settings=\"{&quot;jet_parallax_layout_list&quot;:[]}\">\n\t\t\t\t<div class=\"elementor-element elementor-element-c5a57aa elementor-widget elementor-widget-image\" data-id=\"c5a57aa\" data-element_type=\"widget\" data-widget_type=\"image.default\">\n\t\t\t\t<div class=\"elementor-widget-container\">\n\t\t\t\t\t\t\t\t\t\t\t\t\t\t\t<img loading=\"lazy\" decoding=\"async\" width=\"360\" height=\"544\" src=\"https:\/\/pikadigital.eu\/wp-content\/uploads\/2024\/07\/oglas2-1.png\" class=\"attachment-large size-large wp-image-5603\" alt=\"\" srcset=\"https:\/\/pikadigital.eu\/wp-content\/uploads\/2024\/07\/oglas2-1.png 360w, https:\/\/pikadigital.eu\/wp-content\/uploads\/2024\/07\/oglas2-1-199x300.png 199w, https:\/\/pikadigital.eu\/wp-content\/uploads\/2024\/07\/oglas2-1-8x12.png 8w\" sizes=\"(max-width: 360px) 100vw, 360px\" \/>\t\t\t\t\t\t\t\t\t\t\t\t\t\t\t<\/div>\n\t\t\t\t<\/div>\n\t\t\t\t<\/div>\n\t\t<div class=\"elementor-element elementor-element-3ea5a4f e-con-full e-flex e-con e-child\" data-id=\"3ea5a4f\" data-element_type=\"container\" data-settings=\"{&quot;jet_parallax_layout_list&quot;:[]}\">\n\t\t\t\t<div class=\"elementor-element elementor-element-068ff60 elementor-widget-mobile__width-initial elementor-widget elementor-widget-text-editor\" data-id=\"068ff60\" data-element_type=\"widget\" data-widget_type=\"text-editor.default\">\n\t\t\t\t<div class=\"elementor-widget-container\">\n\t\t\t\t\t\t\t\t\t<div class=\"text\"><div class=\"text text\">Cilj kampanje<\/div><\/div>\t\t\t\t\t\t\t\t<\/div>\n\t\t\t\t<\/div>\n\t\t\t\t<div class=\"elementor-element elementor-element-811db8b elementor-widget elementor-widget-text-editor\" data-id=\"811db8b\" data-element_type=\"widget\" data-widget_type=\"text-editor.default\">\n\t\t\t\t<div class=\"elementor-widget-container\">\n\t\t\t\t\t\t\t\t\t<p><b>Na\u0161a kampanja je uspjela, jer smo se prilagodili na\u0161im kupcima.<\/b><\/p>\t\t\t\t\t\t\t\t<\/div>\n\t\t\t\t<\/div>\n\t\t\t\t<div class=\"elementor-element elementor-element-2cc4b29 elementor-widget elementor-widget-text-editor\" data-id=\"2cc4b29\" data-element_type=\"widget\" data-widget_type=\"text-editor.default\">\n\t\t\t\t<div class=\"elementor-widget-container\">\n\t\t\t\t\t\t\t\t\t<p>Umjesto da se nadamo da \u0107e nekim \u010dudom otvoriti svoje nov\u010danike.<\/p><p class=\"translation-block\"><b>O\u010darali smo ih proljetnom kampanjom <\/b><span style=\"font-weight: 400\">koja<\/span> <span style=\"font-weight: 400\">je odgovarala njihovim navikama.<\/span><\/p>\t\t\t\t\t\t\t\t<\/div>\n\t\t\t\t<\/div>\n\t\t\t\t<div class=\"elementor-element elementor-element-a7754ca elementor-widget elementor-widget-text-editor\" data-id=\"a7754ca\" data-element_type=\"widget\" data-widget_type=\"text-editor.default\">\n\t\t\t\t<div class=\"elementor-widget-container\">\n\t\t\t\t\t\t\t\t\t<p class=\"translation-block\"><span style=\"font-weight: 400\">To je razlika izme\u0111u dobre i <\/span><b>odli\u010dne <\/b><span style=\"font-weight: 400\">kampanje.<\/raspon><\/p>\t\t\t\t\t\t\t\t<\/div>\n\t\t\t\t<\/div>\n\t\t\t\t<\/div>\n\t\t\t\t\t<\/div>\n\t\t\t\t<\/div>\n\t\t<div class=\"elementor-element elementor-element-384aac7 e-flex e-con-boxed e-con e-parent\" data-id=\"384aac7\" data-element_type=\"container\" data-settings=\"{&quot;jet_parallax_layout_list&quot;:[]}\">\n\t\t\t\t\t<div class=\"e-con-inner\">\n\t\t\t\t<div class=\"elementor-element elementor-element-f70b578 elementor-widget__width-inherit elementor-widget elementor-widget-heading\" data-id=\"f70b578\" data-element_type=\"widget\" data-widget_type=\"heading.default\">\n\t\t\t\t<div class=\"elementor-widget-container\">\n\t\t\t\t\t<h2 class=\"elementor-heading-title elementor-size-default translation-block\">\u017delite li <b>vi<\/b> biti  sljede\u0107a pri\u010da o uspjehu?<\/h2>\t\t\t\t<\/div>\n\t\t\t\t<\/div>\n\t\t\t\t<div class=\"elementor-element elementor-element-3d3ce7e elementor-align-center elementor-widget elementor-widget-button\" data-id=\"3d3ce7e\" data-element_type=\"widget\" data-widget_type=\"button.default\">\n\t\t\t\t<div class=\"elementor-widget-container\">\n\t\t\t\t\t\t\t\t\t<div class=\"elementor-button-wrapper\">\n\t\t\t\t\t<a class=\"elementor-button elementor-button-link elementor-size-lg\" href=\"https:\/\/pikadigital.eu\/hr\/contact\/\">\n\t\t\t\t\t\t<span class=\"elementor-button-content-wrapper\">\n\t\t\t\t\t\t\t\t\t<span class=\"elementor-button-text\">Kontaktirajte nas!<\/span>\n\t\t\t\t\t<\/span>\n\t\t\t\t\t<\/a>\n\t\t\t\t<\/div>\n\t\t\t\t\t\t\t\t<\/div>\n\t\t\t\t<\/div>\n\t\t\t\t\t<\/div>\n\t\t\t\t<\/div>\n\t\t\t\t<\/div>","protected":false},"excerpt":{"rendered":"<p>Case study April = The New December Record sales month The best month for sales is.. December \u00a0 No! \u00a0 APRIL! Why april? ABP prosport sells sport nutrition supplements &#8211; proteins, vitamins etc. \u00a0 Generally, in December, sales are higher and rapidly drop after new years. \u00a0 But if you know what you\u2019re doing, you [&hellip;]<\/p>","protected":false},"author":3,"featured_media":0,"parent":0,"menu_order":0,"comment_status":"closed","ping_status":"closed","template":"","meta":{"footnotes":""},"class_list":["post-5595","page","type-page","status-publish","hentry"],"jetpack_sharing_enabled":true,"_links":{"self":[{"href":"https:\/\/pikadigital.eu\/hr\/wp-json\/wp\/v2\/pages\/5595","targetHints":{"allow":["GET"]}}],"collection":[{"href":"https:\/\/pikadigital.eu\/hr\/wp-json\/wp\/v2\/pages"}],"about":[{"href":"https:\/\/pikadigital.eu\/hr\/wp-json\/wp\/v2\/types\/page"}],"author":[{"embeddable":true,"href":"https:\/\/pikadigital.eu\/hr\/wp-json\/wp\/v2\/users\/3"}],"replies":[{"embeddable":true,"href":"https:\/\/pikadigital.eu\/hr\/wp-json\/wp\/v2\/comments?post=5595"}],"version-history":[{"count":0,"href":"https:\/\/pikadigital.eu\/hr\/wp-json\/wp\/v2\/pages\/5595\/revisions"}],"wp:attachment":[{"href":"https:\/\/pikadigital.eu\/hr\/wp-json\/wp\/v2\/media?parent=5595"}],"curies":[{"name":"wp","href":"https:\/\/api.w.org\/{rel}","templated":true}]}}