{"id":11688,"date":"2024-10-03T20:23:37","date_gmt":"2024-10-03T18:23:37","guid":{"rendered":"https:\/\/pikadigital.eu\/?post_type=product&#038;p=11688"},"modified":"2024-11-21T13:34:22","modified_gmt":"2024-11-21T12:34:22","slug":"video-montaza","status":"publish","type":"product","link":"https:\/\/pikadigital.eu\/hr\/proizvod\/video-montaza\/","title":{"rendered":"Video monta\u017ea"},"content":{"rendered":"<p>Video vsebine so do 3x bolj u\u010dinkovite od stati\u010dnih pri ohranjanju pozornosti. Izkoristite jih za anga\u017eiranje svoje publike ali bolj u\u010dinkovito prodajo. Nudimo profesionalno video produkcijo, pisanje scenarijev in napredno video monta\u017eo.<\/p>\n<p>&nbsp;<\/p>\n<p><strong>Ustvarite privla\u010dnej\u0161e vsebine. Pove\u010dajte konverzije svojih oglasov. Postanite viralni.<\/strong><\/p>","protected":false},"excerpt":{"rendered":"<p>Video vsebine so do 3x bolj u\u010dinkovite od stati\u010dnih pri ohranjanju pozornosti. Izkoristite jih za anga\u017eiranje svoje publike ali bolj u\u010dinkovito prodajo. Nudimo profesionalno video produkcijo, pisanje scenarijev in napredno video monta\u017eo. &nbsp; Ustvarite privla\u010dnej\u0161e vsebine. Pove\u010dajte konverzije svojih oglasov. Postanite viralni.<\/p>","protected":false},"featured_media":9100,"comment_status":"open","ping_status":"closed","template":"","meta":[],"product_brand":[],"product_cat":[60],"product_tag":[],"class_list":{"0":"post-11688","1":"product","2":"type-product","3":"status-publish","4":"has-post-thumbnail","6":"product_cat-video","8":"first","9":"instock","10":"taxable","11":"shipping-taxable","12":"purchasable","13":"product-type-variable"},"jetpack_sharing_enabled":true,"_links":{"self":[{"href":"https:\/\/pikadigital.eu\/hr\/wp-json\/wp\/v2\/product\/11688","targetHints":{"allow":["GET"]}}],"collection":[{"href":"https:\/\/pikadigital.eu\/hr\/wp-json\/wp\/v2\/product"}],"about":[{"href":"https:\/\/pikadigital.eu\/hr\/wp-json\/wp\/v2\/types\/product"}],"replies":[{"embeddable":true,"href":"https:\/\/pikadigital.eu\/hr\/wp-json\/wp\/v2\/comments?post=11688"}],"wp:featuredmedia":[{"embeddable":true,"href":"https:\/\/pikadigital.eu\/hr\/wp-json\/wp\/v2\/media\/9100"}],"wp:attachment":[{"href":"https:\/\/pikadigital.eu\/hr\/wp-json\/wp\/v2\/media?parent=11688"}],"wp:term":[{"taxonomy":"product_brand","embeddable":true,"href":"https:\/\/pikadigital.eu\/hr\/wp-json\/wp\/v2\/product_brand?post=11688"},{"taxonomy":"product_cat","embeddable":true,"href":"https:\/\/pikadigital.eu\/hr\/wp-json\/wp\/v2\/product_cat?post=11688"},{"taxonomy":"product_tag","embeddable":true,"href":"https:\/\/pikadigital.eu\/hr\/wp-json\/wp\/v2\/product_tag?post=11688"}],"curies":[{"name":"wp","href":"https:\/\/api.w.org\/{rel}","templated":true}]}}