{"id":11689,"date":"2024-10-03T20:37:24","date_gmt":"2024-10-03T18:37:24","guid":{"rendered":"https:\/\/pikadigital.eu\/?post_type=product&#038;p=11689"},"modified":"2024-11-13T12:27:46","modified_gmt":"2024-11-13T11:27:46","slug":"prodajna-spletna-stran","status":"publish","type":"product","link":"https:\/\/pikadigital.eu\/hr\/proizvod\/prodajna-spletna-stran\/","title":{"rendered":"Spletna stran"},"content":{"rendered":"<p>Spletna stran je obleka va\u0161ega podjetja. Na podlagi tega si va\u0161i kupci ustvarijo prvi vtis &#8211; \u010de jim ni v\u0161e\u010d, ste stranko izgubili za vedno. Za vas pripravimo privla\u010dno spletno stran z grafiko, besedili in optimizirano uporabni\u0161ko izku\u0161njo.<\/p>\n<p>&nbsp;<\/p>\n<p><strong>Digitalno preobrazite svojo znamko. Pove\u010dajte svojo verodostojnost. Zadr\u017eite kupce dlje \u010dasa.<\/strong><\/p>","protected":false},"excerpt":{"rendered":"<h3>PRODAJNA STRAN:<\/h3>\n<ul>\n<li>Oblikovanje 1 prodajne strani <span>(landing page\/pristajalna stran)<\/span><\/li>\n<li>Pisanje besedila <span>(do 1000 besed)<\/span><\/li>\n<li>1x Figma mock-up <span>s kon\u010dnim videzom strani<\/span><\/li>\n<li>Implementacija <span>na izbrani domeni<\/span><\/li>\n<li>Izdelava v 21 dneh<\/li>\n<\/ul>","protected":false},"featured_media":9103,"comment_status":"open","ping_status":"closed","template":"","meta":[],"product_brand":[],"product_cat":[59],"product_tag":[],"class_list":{"0":"post-11689","1":"product","2":"type-product","3":"status-publish","4":"has-post-thumbnail","6":"product_cat-spletna","8":"first","9":"instock","10":"virtual","11":"taxable","12":"purchasable","13":"product-type-simple"},"jetpack_sharing_enabled":true,"_links":{"self":[{"href":"https:\/\/pikadigital.eu\/hr\/wp-json\/wp\/v2\/product\/11689","targetHints":{"allow":["GET"]}}],"collection":[{"href":"https:\/\/pikadigital.eu\/hr\/wp-json\/wp\/v2\/product"}],"about":[{"href":"https:\/\/pikadigital.eu\/hr\/wp-json\/wp\/v2\/types\/product"}],"replies":[{"embeddable":true,"href":"https:\/\/pikadigital.eu\/hr\/wp-json\/wp\/v2\/comments?post=11689"}],"wp:featuredmedia":[{"embeddable":true,"href":"https:\/\/pikadigital.eu\/hr\/wp-json\/wp\/v2\/media\/9103"}],"wp:attachment":[{"href":"https:\/\/pikadigital.eu\/hr\/wp-json\/wp\/v2\/media?parent=11689"}],"wp:term":[{"taxonomy":"product_brand","embeddable":true,"href":"https:\/\/pikadigital.eu\/hr\/wp-json\/wp\/v2\/product_brand?post=11689"},{"taxonomy":"product_cat","embeddable":true,"href":"https:\/\/pikadigital.eu\/hr\/wp-json\/wp\/v2\/product_cat?post=11689"},{"taxonomy":"product_tag","embeddable":true,"href":"https:\/\/pikadigital.eu\/hr\/wp-json\/wp\/v2\/product_tag?post=11689"}],"curies":[{"name":"wp","href":"https:\/\/api.w.org\/{rel}","templated":true}]}}