{"id":11692,"date":"2024-10-03T20:39:35","date_gmt":"2024-10-03T18:39:35","guid":{"rendered":"https:\/\/pikadigital.eu\/?post_type=product&#038;p=11692"},"modified":"2024-11-21T13:22:05","modified_gmt":"2024-11-21T12:22:05","slug":"google-oglasevanje","status":"publish","type":"product","link":"https:\/\/pikadigital.eu\/hr\/proizvod\/google-oglasevanje\/","title":{"rendered":"Google oglas"},"content":{"rendered":"<p>Google ogla\u0161evanje cilja kupce, ki so v zadnji fazi prodaje &#8211; fazi nakupa. Identificiramo najbolj pogoste klju\u010dne izraze ter ustvarimo oglase z naslovi in besedili, ki izstopajo od va\u0161e konkurence.<\/p>\n<p>&nbsp;<\/p>\n<p><strong>Pove\u010dajte verjetnost, da iskalci na Googlu kliknejo na vas. Privabite \u017ee zainteresirane kupce. Pove\u010dajte konverzijo svoje spletne strani.<\/strong><\/p>","protected":false},"excerpt":{"rendered":"<h3>GOOGLE PPC OGLAS:<\/h3>\n<ul>\n<li>6 razli\u010dnih naslovov (do 30 znakov)<\/li>\n<li>2 opisa (do 90 znakov)<\/li>\n<li>Iskanje klju\u010dnih izrazov za optimizacijo<\/li>\n<li>Hitra izdelava: manj\u0161a naro\u010dila \u017ee v 3 dneh<\/li>\n<\/ul>","protected":false},"featured_media":9105,"comment_status":"open","ping_status":"closed","template":"","meta":[],"product_brand":[],"product_cat":[55],"product_tag":[],"class_list":{"0":"post-11692","1":"product","2":"type-product","3":"status-publish","4":"has-post-thumbnail","6":"product_cat-google","8":"first","9":"instock","10":"virtual","11":"taxable","12":"purchasable","13":"product-type-simple"},"jetpack_sharing_enabled":true,"_links":{"self":[{"href":"https:\/\/pikadigital.eu\/hr\/wp-json\/wp\/v2\/product\/11692","targetHints":{"allow":["GET"]}}],"collection":[{"href":"https:\/\/pikadigital.eu\/hr\/wp-json\/wp\/v2\/product"}],"about":[{"href":"https:\/\/pikadigital.eu\/hr\/wp-json\/wp\/v2\/types\/product"}],"replies":[{"embeddable":true,"href":"https:\/\/pikadigital.eu\/hr\/wp-json\/wp\/v2\/comments?post=11692"}],"wp:featuredmedia":[{"embeddable":true,"href":"https:\/\/pikadigital.eu\/hr\/wp-json\/wp\/v2\/media\/9105"}],"wp:attachment":[{"href":"https:\/\/pikadigital.eu\/hr\/wp-json\/wp\/v2\/media?parent=11692"}],"wp:term":[{"taxonomy":"product_brand","embeddable":true,"href":"https:\/\/pikadigital.eu\/hr\/wp-json\/wp\/v2\/product_brand?post=11692"},{"taxonomy":"product_cat","embeddable":true,"href":"https:\/\/pikadigital.eu\/hr\/wp-json\/wp\/v2\/product_cat?post=11692"},{"taxonomy":"product_tag","embeddable":true,"href":"https:\/\/pikadigital.eu\/hr\/wp-json\/wp\/v2\/product_tag?post=11692"}],"curies":[{"name":"wp","href":"https:\/\/api.w.org\/{rel}","templated":true}]}}