{"id":2423,"date":"2023-08-10T12:01:35","date_gmt":"2023-08-10T10:01:35","guid":{"rendered":"https:\/\/pikadigital.eu\/?page_id=2423"},"modified":"2023-10-24T19:45:57","modified_gmt":"2023-10-24T17:45:57","slug":"cs-natashaspace","status":"publish","type":"page","link":"https:\/\/pikadigital.eu\/sl\/cs-natashaspace\/","title":{"rendered":"CS NatashaSPAce"},"content":{"rendered":"<div data-elementor-type=\"wp-page\" data-elementor-id=\"2423\" class=\"elementor elementor-2423\" data-elementor-post-type=\"page\">\n\t\t\t\t<div class=\"elementor-element elementor-element-e2e9842 e-flex e-con-boxed e-con e-parent\" data-id=\"e2e9842\" data-element_type=\"container\" data-settings=\"{&quot;jet_parallax_layout_list&quot;:[],&quot;background_background&quot;:&quot;classic&quot;}\">\n\t\t\t\t\t<div class=\"e-con-inner\">\n\t\t<div class=\"elementor-element elementor-element-03802ec e-con-full e-flex e-con e-child\" data-id=\"03802ec\" data-element_type=\"container\" data-settings=\"{&quot;jet_parallax_layout_list&quot;:[]}\">\n\t\t\t\t<div class=\"elementor-element elementor-element-ac57c89 elementor-widget-mobile__width-initial elementor-widget elementor-widget-text-editor\" data-id=\"ac57c89\" data-element_type=\"widget\" data-widget_type=\"text-editor.default\">\n\t\t\t\t<div class=\"elementor-widget-container\">\n\t\t\t\t\t\t\t\t\t<div class=\"text\"><div class=\"text text\">\u0160tudija primera<\/div><\/div>\t\t\t\t\t\t\t\t<\/div>\n\t\t\t\t<\/div>\n\t\t\t\t<div class=\"elementor-element elementor-element-6a335d8 elementor-widget-mobile__width-initial elementor-widget__width-initial elementor-widget elementor-widget-heading\" data-id=\"6a335d8\" data-element_type=\"widget\" data-widget_type=\"heading.default\">\n\t\t\t\t<div class=\"elementor-widget-container\">\n\t\t\t\t\t<h1 class=\"elementor-heading-title elementor-size-default translation-block\">Z <b>UGC oglasi <\/b>do zavidljivih rezultatov<\/h1>\t\t\t\t<\/div>\n\t\t\t\t<\/div>\n\t\t\t\t<\/div>\n\t\t\t\t\t<\/div>\n\t\t\t\t<\/div>\n\t\t<div class=\"elementor-element elementor-element-07bd77f e-flex e-con-boxed e-con e-parent\" data-id=\"07bd77f\" data-element_type=\"container\" data-settings=\"{&quot;jet_parallax_layout_list&quot;:[]}\">\n\t\t\t\t\t<div class=\"e-con-inner\">\n\t\t<div class=\"elementor-element elementor-element-4be6f81 e-con-full e-flex e-con e-child\" data-id=\"4be6f81\" data-element_type=\"container\" data-settings=\"{&quot;jet_parallax_layout_list&quot;:[]}\">\n\t\t\t\t<div class=\"elementor-element elementor-element-7920946 elementor-widget__width-initial elementor-widget elementor-widget-text-editor\" data-id=\"7920946\" data-element_type=\"widget\" data-widget_type=\"text-editor.default\">\n\t\t\t\t<div class=\"elementor-widget-container\">\n\t\t\t\t\t\t\t\t\t<p class=\"translation-block\">Podjetje NatashaSPAce, je nastalo leta 2000 kot domovanje sprostilnih in lepotnih ritualov. <b>Od takrat se je spremenilo \u017ee veliko. <\/b><\/p><p class=\"translation-block\"><b>V 23. letu delovanja<\/b> postopno nastaja tudi lastna, skrbno izbrana kolekcija<b> visoko kvalitetnih pripomo\u010dkov,<\/b> preparatov in prehranskih dopolnil za nego ko\u017ee doma.<\/p>\n<p class=\"translation-block\">V podjetju so \u017eeleli<b> predstaviti luksuzni masa\u017eni pripomo\u010dek <\/b>z mikrotokovi za masa\u017eo, limfno drena\u017eo in lifting ko\u017ee obraza, vratu in podro\u010dja okoli o\u010di.<\/p>\n<p class=\"translation-block\">Cilj digitalne kampanje je bil ustvariti<b> ozave\u0161\u010denost o izdelku<\/b> in proslaviti kar dve stvari hkrati - drugo leto njenega obstoja, prav tako pa se lahko pohvali s sodelovanjem na presti\u017enem izboru<b> Grazia Beauty Awards 2023.<\/b><\/p>\t\t\t\t\t\t\t\t<\/div>\n\t\t\t\t<\/div>\n\t\t\t\t<\/div>\n\t\t\t\t\t<\/div>\n\t\t\t\t<\/div>\n\t\t<div class=\"elementor-element elementor-element-dc6a2e2 e-flex e-con-boxed e-con e-parent\" data-id=\"dc6a2e2\" data-element_type=\"container\" data-settings=\"{&quot;jet_parallax_layout_list&quot;:[]}\">\n\t\t\t\t\t<div class=\"e-con-inner\">\n\t\t<div class=\"elementor-element elementor-element-86133d3 e-con-full e-flex e-con e-child\" data-id=\"86133d3\" data-element_type=\"container\" data-settings=\"{&quot;jet_parallax_layout_list&quot;:[]}\">\n\t\t\t\t<div class=\"elementor-element elementor-element-b9bf1fc elementor-widget elementor-widget-heading\" data-id=\"b9bf1fc\" data-element_type=\"widget\" data-widget_type=\"heading.default\">\n\t\t\t\t<div class=\"elementor-widget-container\">\n\t\t\t\t\t<h5 class=\"elementor-heading-title elementor-size-default\">Digitalne strategije<\/h5>\t\t\t\t<\/div>\n\t\t\t\t<\/div>\n\t\t\t\t<div class=\"elementor-element elementor-element-42311cf elementor-widget-mobile__width-initial elementor-widget__width-initial elementor-widget elementor-widget-heading\" data-id=\"42311cf\" data-element_type=\"widget\" data-widget_type=\"heading.default\">\n\t\t\t\t<div class=\"elementor-widget-container\">\n\t\t\t\t\t<h2 class=\"elementor-heading-title elementor-size-default translation-block\">Izzivi, s katerimi smo se soo\u010dili <b>pred za\u010detkom kampanje<\/b><\/h2>\t\t\t\t<\/div>\n\t\t\t\t<\/div>\n\t\t\t\t<\/div>\n\t\t\t\t\t<\/div>\n\t\t\t\t<\/div>\n\t\t<div class=\"elementor-element elementor-element-b2815c5 animated-slow e-flex e-con-boxed elementor-invisible e-con e-parent\" data-id=\"b2815c5\" data-element_type=\"container\" data-settings=\"{&quot;jet_parallax_layout_list&quot;:[],&quot;animation&quot;:&quot;fadeIn&quot;,&quot;animation_delay&quot;:350}\">\n\t\t\t\t\t<div class=\"e-con-inner\">\n\t\t<div class=\"elementor-element elementor-element-32f9504 e-con-full e-flex e-con e-child\" data-id=\"32f9504\" data-element_type=\"container\" data-settings=\"{&quot;jet_parallax_layout_list&quot;:[]}\">\n\t\t\t\t<div class=\"elementor-element elementor-element-3c1d5b7 elementor-widget elementor-widget-heading\" data-id=\"3c1d5b7\" data-element_type=\"widget\" data-widget_type=\"heading.default\">\n\t\t\t\t<div class=\"elementor-widget-container\">\n\t\t\t\t\t<h2 class=\"elementor-heading-title elementor-size-default translation-block\">UGC kampanje v <b>sodelovanju z influencerji<\/b><\/h2>\t\t\t\t<\/div>\n\t\t\t\t<\/div>\n\t\t\t\t<div class=\"elementor-element elementor-element-2edafa4 elementor-widget elementor-widget-heading\" data-id=\"2edafa4\" data-element_type=\"widget\" data-widget_type=\"heading.default\">\n\t\t\t\t<div class=\"elementor-widget-container\">\n\t\t\t\t\t<h2 class=\"elementor-heading-title elementor-size-default\">Informativne objave<\/h2>\t\t\t\t<\/div>\n\t\t\t\t<\/div>\n\t\t\t\t<div class=\"elementor-element elementor-element-7058f4e elementor-widget__width-initial elementor-widget elementor-widget-heading\" data-id=\"7058f4e\" data-element_type=\"widget\" data-widget_type=\"heading.default\">\n\t\t\t\t<div class=\"elementor-widget-container\">\n\t\t\t\t\t<h2 class=\"elementor-heading-title elementor-size-default translation-block\"><b>Izpostaviti sodelovanje <\/b>na presti\u017enem izboru Grazia Beauty Awards 2023 in proslaviti drugi rojstni dan Zlate Guashe<\/h2>\t\t\t\t<\/div>\n\t\t\t\t<\/div>\n\t\t\t\t<\/div>\n\t\t<div class=\"elementor-element elementor-element-3d8bd4c e-con-full e-flex e-con e-child\" data-id=\"3d8bd4c\" data-element_type=\"container\" data-settings=\"{&quot;jet_parallax_layout_list&quot;:[]}\">\n\t\t\t\t<div class=\"elementor-element elementor-element-85ae0d9 elementor-widget elementor-widget-text-editor\" data-id=\"85ae0d9\" data-element_type=\"widget\" data-widget_type=\"text-editor.default\">\n\t\t\t\t<div class=\"elementor-widget-container\">\n\t\t\t\t\t\t\t\t\t<p class=\"translation-block\"><b>Predstaviti izdelek. <\/b>\u0160tevilne potencialne stranke niso poznale koncepta uporabe Zlate Guashe za nego ko\u017ee, zato je bilo zelo pomembno, da smo v kampanji <b>izpostavili njene prednosti<\/b><\/p><p class=\"translation-block\"><b>Konkurenca na trgu. <\/b>Trg lepote in izdelkov za nego ko\u017ee je kar nekaj, kar pomeni, da je trg prepojen, zato smo morali najti pravi na\u010din, kako pridobiti pozornost strank.<\/p>\t\t\t\t\t\t\t\t<\/div>\n\t\t\t\t<\/div>\n\t\t\t\t<\/div>\n\t\t\t\t\t<\/div>\n\t\t\t\t<\/div>\n\t\t<div class=\"elementor-element elementor-element-4f1bd31 e-flex e-con-boxed e-con e-parent\" data-id=\"4f1bd31\" data-element_type=\"container\" data-settings=\"{&quot;jet_parallax_layout_list&quot;:[]}\">\n\t\t\t\t\t<div class=\"e-con-inner\">\n\t\t<div class=\"elementor-element elementor-element-836fc69 e-con-full e-flex e-con e-child\" data-id=\"836fc69\" data-element_type=\"container\" data-settings=\"{&quot;jet_parallax_layout_list&quot;:[]}\">\n\t\t\t\t<div class=\"elementor-element elementor-element-c127c41 elementor-widget elementor-widget-text-editor\" data-id=\"c127c41\" data-element_type=\"widget\" data-widget_type=\"text-editor.default\">\n\t\t\t\t<div class=\"elementor-widget-container\">\n\t\t\t\t\t\t\t\t\t<p class=\"translation-block\"><b>UGC kreative<\/b> so vedno bolj pomembne<\/p>\t\t\t\t\t\t\t\t<\/div>\n\t\t\t\t<\/div>\n\t\t\t\t<div class=\"elementor-element elementor-element-29588ad elementor-widget__width-initial elementor-widget elementor-widget-text-editor\" data-id=\"29588ad\" data-element_type=\"widget\" data-widget_type=\"text-editor.default\">\n\t\t\t\t<div class=\"elementor-widget-container\">\n\t\t\t\t\t\t\t\t\t<p class=\"translation-block\">Za re\u0161evanje izzivov in doseganje \u017eelenih rezultatov smo zasnovali <b>ve\u010dplastno ogla\u0161evalsko strategijo, <\/b>osredoto\u010deno na vsebine, ki jih ustvarjajo uporabniki<b> (UGC), <\/b>in strate\u0161ke umestitve oglasov.<\/p><p class=\"translation-block\">Naslednji korak je bila <b>strate\u0161ka umestitev oglasov. <\/b>Na\u0161a ekipa strokovnjakov je opredelila klju\u010dne platforme, na katerih je ciljno ob\u010dinstvo naro\u010dnika najbolj aktivno in s pomo\u010djo teh podatkov optimizirala kampanjo.<\/p><p class=\"translation-block\">Pri izdelku Purity soni\u010dne silikonske \u0161\u010detke za globinsko \u010di\u0161\u010denje obraza, masa\u017eo o\u010di in odstranjevanje o\u010desnega make-upa, smo kampanjo postavili na vsebino, ki jo je ustvarila<b> influencerka Lara Nastran. <\/b><\/p>\t\t\t\t\t\t\t\t<\/div>\n\t\t\t\t<\/div>\n\t\t\t\t<\/div>\n\t\t<div class=\"elementor-element elementor-element-3b8cf26 e-con-full e-flex e-con e-child\" data-id=\"3b8cf26\" data-element_type=\"container\" data-settings=\"{&quot;jet_parallax_layout_list&quot;:[]}\">\n\t\t\t\t<div class=\"elementor-element elementor-element-7aeef0e elementor-widget elementor-widget-image\" data-id=\"7aeef0e\" data-element_type=\"widget\" data-widget_type=\"image.default\">\n\t\t\t\t<div class=\"elementor-widget-container\">\n\t\t\t\t\t\t\t\t\t\t\t\t\t\t\t<img fetchpriority=\"high\" decoding=\"async\" width=\"684\" height=\"1024\" src=\"https:\/\/pikadigital.eu\/wp-content\/uploads\/2023\/08\/natasha.png\" class=\"attachment-large size-large wp-image-2425\" alt=\"\" srcset=\"https:\/\/pikadigital.eu\/wp-content\/uploads\/2023\/08\/natasha.png 684w, https:\/\/pikadigital.eu\/wp-content\/uploads\/2023\/08\/natasha-600x898.png 600w, https:\/\/pikadigital.eu\/wp-content\/uploads\/2023\/08\/natasha-200x300.png 200w, https:\/\/pikadigital.eu\/wp-content\/uploads\/2023\/08\/natasha-8x12.png 8w\" sizes=\"(max-width: 684px) 100vw, 684px\" \/>\t\t\t\t\t\t\t\t\t\t\t\t\t\t\t<\/div>\n\t\t\t\t<\/div>\n\t\t\t\t<\/div>\n\t\t\t\t\t<\/div>\n\t\t\t\t<\/div>\n\t\t<div class=\"elementor-element elementor-element-9a788b0 e-flex e-con-boxed e-con e-parent\" data-id=\"9a788b0\" data-element_type=\"container\" data-settings=\"{&quot;jet_parallax_layout_list&quot;:[]}\">\n\t\t\t\t\t<div class=\"e-con-inner\">\n\t\t<div class=\"elementor-element elementor-element-ad24001 e-con-full e-flex elementor-invisible e-con e-child\" data-id=\"ad24001\" data-element_type=\"container\" data-settings=\"{&quot;jet_parallax_layout_list&quot;:[],&quot;animation&quot;:&quot;fadeIn&quot;,&quot;animation_delay&quot;:350}\">\n\t\t\t\t<div class=\"elementor-element elementor-element-9cef39f elementor-widget elementor-widget-heading\" data-id=\"9cef39f\" data-element_type=\"widget\" data-widget_type=\"heading.default\">\n\t\t\t\t<div class=\"elementor-widget-container\">\n\t\t\t\t\t<h5 class=\"elementor-heading-title elementor-size-default\">Pa rezultati?<\/h5>\t\t\t\t<\/div>\n\t\t\t\t<\/div>\n\t\t\t\t<div class=\"elementor-element elementor-element-d052efc elementor-widget__width-inherit elementor-widget elementor-widget-heading\" data-id=\"d052efc\" data-element_type=\"widget\" data-widget_type=\"heading.default\">\n\t\t\t\t<div class=\"elementor-widget-container\">\n\t\t\t\t\t<h2 class=\"elementor-heading-title elementor-size-default translation-block\">Kampanja je <b>trajala en mesec<\/b> in prinesla osupljive rezultate!<\/h2>\t\t\t\t<\/div>\n\t\t\t\t<\/div>\n\t\t\t\t<div class=\"elementor-element elementor-element-25f6dcd elementor-widget__width-initial elementor-widget elementor-widget-text-editor\" data-id=\"25f6dcd\" data-element_type=\"widget\" data-widget_type=\"text-editor.default\">\n\t\t\t\t<div class=\"elementor-widget-container\">\n\t\t\t\t\t\t\t\t\t<p class=\"translation-block\">Dosegli smo visoko donosnost glede na porabljen ogla\u0161evalski prora\u010dun (ROAS). <b>Strate\u0161ka kombinacija <\/b>UGC in ciljno usmerjeno ogla\u0161evanje je prinesla izjemno donosnost,<b> ROAS je zna\u0161al kar 16.<\/b><\/p>\n<p class=\"translation-block\">Kampanja z osredoto\u010deno UGC vsebino je znatno <b>pove\u010dala prepoznavnost blagovne znamke, <\/b>dosegla \u0161ir\u0161e ob\u010dinstvo, ustvarila<b> \u201corganski marketing\u201d <\/b>od ust do ust in pove\u010dala prodajo.<\/p>\n<p class=\"translation-block\">Uspe\u0161na ogla\u0161evalska kampanja naro\u010dnika je pokazala<b> mo\u010d oblikovane UGC vsebine, <\/b>strate\u0161kih ogla\u0161evalskih mest in partnerstev z influencerji pri doseganju izjemnih rezultatov v kratkem \u010dasu.<\/p>\n<p><span style=\"font-weight: 400;\">Nas veseli, da smo lahko bili del \u0161e ene uspe\u0161ne zgodbe.<\/span><\/p>\t\t\t\t\t\t\t\t<\/div>\n\t\t\t\t<\/div>\n\t\t\t\t<\/div>\n\t\t\t\t\t<\/div>\n\t\t\t\t<\/div>\n\t\t<div class=\"elementor-element elementor-element-9a8ad39 e-flex e-con-boxed e-con e-parent\" data-id=\"9a8ad39\" data-element_type=\"container\" data-settings=\"{&quot;jet_parallax_layout_list&quot;:[]}\">\n\t\t\t\t\t<div class=\"e-con-inner\">\n\t\t\t\t<div class=\"elementor-element elementor-element-8256ca7 elementor-widget__width-inherit elementor-widget elementor-widget-heading\" data-id=\"8256ca7\" data-element_type=\"widget\" data-widget_type=\"heading.default\">\n\t\t\t\t<div class=\"elementor-widget-container\">\n\t\t\t\t\t<h2 class=\"elementor-heading-title elementor-size-default translation-block\"><b> Preberi ve\u010d <\/b><br> \u0161tudij primerov<\/h2>\t\t\t\t<\/div>\n\t\t\t\t<\/div>\n\t\t\t\t<div class=\"elementor-element elementor-element-53d7369 elementor-align-center elementor-widget elementor-widget-button\" data-id=\"53d7369\" data-element_type=\"widget\" data-widget_type=\"button.default\">\n\t\t\t\t<div class=\"elementor-widget-container\">\n\t\t\t\t\t\t\t\t\t<div class=\"elementor-button-wrapper\">\n\t\t\t\t\t<a class=\"elementor-button elementor-button-link elementor-size-lg\" href=\"https:\/\/pikadigital.eu\/sl\/zakladnica-znanja\/\">\n\t\t\t\t\t\t<span class=\"elementor-button-content-wrapper\">\n\t\t\t\t\t\t\t\t\t<span class=\"elementor-button-text\">Nazaj na zakladnico znanja<\/span>\n\t\t\t\t\t<\/span>\n\t\t\t\t\t<\/a>\n\t\t\t\t<\/div>\n\t\t\t\t\t\t\t\t<\/div>\n\t\t\t\t<\/div>\n\t\t\t\t\t<\/div>\n\t\t\t\t<\/div>\n\t\t\t\t<\/div>","protected":false},"excerpt":{"rendered":"<p>Case study UGC ads deliver impressive results NatashaSPAce was established in 2000 as a home for relaxation and beauty rituals. Since then, a lot has changed.&nbsp;&nbsp; Now in its 23rd year, the company is gradually creating its carefully curated collection of high-quality home skincare tools, preparations and nutritional supplements. The company wanted to introduce a [&hellip;]<\/p>","protected":false},"author":3,"featured_media":0,"parent":0,"menu_order":0,"comment_status":"closed","ping_status":"closed","template":"","meta":{"footnotes":""},"class_list":["post-2423","page","type-page","status-publish","hentry"],"jetpack_sharing_enabled":true,"_links":{"self":[{"href":"https:\/\/pikadigital.eu\/sl\/wp-json\/wp\/v2\/pages\/2423","targetHints":{"allow":["GET"]}}],"collection":[{"href":"https:\/\/pikadigital.eu\/sl\/wp-json\/wp\/v2\/pages"}],"about":[{"href":"https:\/\/pikadigital.eu\/sl\/wp-json\/wp\/v2\/types\/page"}],"author":[{"embeddable":true,"href":"https:\/\/pikadigital.eu\/sl\/wp-json\/wp\/v2\/users\/3"}],"replies":[{"embeddable":true,"href":"https:\/\/pikadigital.eu\/sl\/wp-json\/wp\/v2\/comments?post=2423"}],"version-history":[{"count":0,"href":"https:\/\/pikadigital.eu\/sl\/wp-json\/wp\/v2\/pages\/2423\/revisions"}],"wp:attachment":[{"href":"https:\/\/pikadigital.eu\/sl\/wp-json\/wp\/v2\/media?parent=2423"}],"curies":[{"name":"wp","href":"https:\/\/api.w.org\/{rel}","templated":true}]}}