{"id":2719,"date":"2023-11-22T16:55:49","date_gmt":"2023-11-22T15:55:49","guid":{"rendered":"https:\/\/pikadigital.eu\/?page_id=2719"},"modified":"2025-08-05T16:41:17","modified_gmt":"2025-08-05T14:41:17","slug":"thank-you","status":"publish","type":"page","link":"https:\/\/pikadigital.eu\/sl\/thank-you\/","title":{"rendered":"Thank you!"},"content":{"rendered":"<div data-elementor-type=\"wp-page\" data-elementor-id=\"2719\" class=\"elementor elementor-2719\" data-elementor-post-type=\"page\">\n\t\t\t\t<div class=\"elementor-element elementor-element-ba5dd18 e-flex e-con-boxed e-con e-parent\" data-id=\"ba5dd18\" data-element_type=\"container\" data-settings=\"{&quot;background_background&quot;:&quot;classic&quot;,&quot;jet_parallax_layout_list&quot;:[]}\">\n\t\t\t\t\t<div class=\"e-con-inner\">\n\t\t\t\t<div class=\"elementor-element elementor-element-4eb6815 elementor-widget-mobile__width-initial elementor-widget elementor-widget-text-editor\" data-id=\"4eb6815\" data-element_type=\"widget\" data-widget_type=\"text-editor.default\">\n\t\t\t\t<div class=\"elementor-widget-container\">\n\t\t\t\t\t\t\t\t\t<div class=\"text-30\"><div class=\"text-30 text-30\"><p data-pm-slice=\"1 1 []\">Ste na pravi poti do uspeha!<\/p><\/div><\/div>\t\t\t\t\t\t\t\t<\/div>\n\t\t\t\t<\/div>\n\t\t\t\t<div class=\"elementor-element elementor-element-14454dc elementor-widget-mobile__width-initial elementor-widget elementor-widget-heading\" data-id=\"14454dc\" data-element_type=\"widget\" data-widget_type=\"heading.default\">\n\t\t\t\t<div class=\"elementor-widget-container\">\n\t\t\t\t\t<h1 class=\"elementor-heading-title elementor-size-default\">Hvala za<br><b>va\u0161e zanimanje!<\/b><\/h1>\t\t\t\t<\/div>\n\t\t\t\t<\/div>\n\t\t\t\t<div class=\"elementor-element elementor-element-fa7c194 elementor-widget__width-initial elementor-widget-mobile__width-initial elementor-widget elementor-widget-text-editor\" data-id=\"fa7c194\" data-element_type=\"widget\" data-widget_type=\"text-editor.default\">\n\t\t\t\t<div class=\"elementor-widget-container\">\n\t\t\t\t\t\t\t\t\t<p>Kmalu boste prejeli na\u0161 e-mail z vsemi informacijami in podrobnostmi. Pogovor si lahko tudi rezervirate s klikom na spodnji gumb.<\/p>\t\t\t\t\t\t\t\t<\/div>\n\t\t\t\t<\/div>\n\t\t<div class=\"elementor-element elementor-element-08f2d7c e-con-full e-flex elementor-invisible e-con e-child\" data-id=\"08f2d7c\" data-element_type=\"container\" data-settings=\"{&quot;jet_parallax_layout_list&quot;:[],&quot;animation&quot;:&quot;fadeInUp&quot;,&quot;animation_delay&quot;:500}\">\n\t\t\t\t<div class=\"elementor-element elementor-element-3226938 elementor-align-left elementor-widget__width-auto elementor-widget elementor-widget-button\" data-id=\"3226938\" data-element_type=\"widget\" data-widget_type=\"button.default\">\n\t\t\t\t<div class=\"elementor-widget-container\">\n\t\t\t\t\t\t\t\t\t<div class=\"elementor-button-wrapper\">\n\t\t\t\t\t<a class=\"elementor-button elementor-button-link elementor-size-sm\" href=\"https:\/\/calendly.com\/teja-pikadigital\/30min?back=1\">\n\t\t\t\t\t\t<span class=\"elementor-button-content-wrapper\">\n\t\t\t\t\t\t\t\t\t<span class=\"elementor-button-text\">POKLI\u010cITE NAS<\/span>\n\t\t\t\t\t<\/span>\n\t\t\t\t\t<\/a>\n\t\t\t\t<\/div>\n\t\t\t\t\t\t\t\t<\/div>\n\t\t\t\t<\/div>\n\t\t\t\t<\/div>\n\t\t<div class=\"elementor-element elementor-element-b6088c8 e-con-full e-flex elementor-invisible e-con e-child\" data-id=\"b6088c8\" data-element_type=\"container\" data-settings=\"{&quot;jet_parallax_layout_list&quot;:[],&quot;animation&quot;:&quot;fadeIn&quot;,&quot;animation_delay&quot;:350}\">\n\t\t\t\t<div class=\"elementor-element elementor-element-8decd8e elementor-widget elementor-widget-heading\" data-id=\"8decd8e\" data-element_type=\"widget\" data-widget_type=\"heading.default\">\n\t\t\t\t<div class=\"elementor-widget-container\">\n\t\t\t\t\t<h5 class=\"elementor-heading-title elementor-size-default\">FAQ<\/h5>\t\t\t\t<\/div>\n\t\t\t\t<\/div>\n\t\t\t\t<div class=\"elementor-element elementor-element-9524715 elementor-widget__width-initial elementor-widget elementor-widget-heading\" data-id=\"9524715\" data-element_type=\"widget\" data-widget_type=\"heading.default\">\n\t\t\t\t<div class=\"elementor-widget-container\">\n\t\t\t\t\t<h2 class=\"elementor-heading-title elementor-size-default\">Pogosta vpra\u0161anja<\/h2>\t\t\t\t<\/div>\n\t\t\t\t<\/div>\n\t\t\t\t<div class=\"elementor-element elementor-element-753db4d elementor-widget elementor-widget-accordion\" data-id=\"753db4d\" data-element_type=\"widget\" data-widget_type=\"accordion.default\">\n\t\t\t\t<div class=\"elementor-widget-container\">\n\t\t\t\t\t\t\t<div class=\"elementor-accordion\">\n\t\t\t\t\t\t\t<div class=\"elementor-accordion-item\">\n\t\t\t\t\t<div id=\"elementor-tab-title-1221\" class=\"elementor-tab-title\" data-tab=\"1\" role=\"button\" aria-controls=\"elementor-tab-content-1221\" aria-expanded=\"false\">\n\t\t\t\t\t\t\t\t\t\t\t\t\t<span class=\"elementor-accordion-icon elementor-accordion-icon-right\" aria-hidden=\"true\">\n\t\t\t\t\t\t\t\t\t\t\t\t\t\t\t<span class=\"elementor-accordion-icon-closed\"><svg class=\"e-font-icon-svg e-fas-angle-down\" viewbox=\"0 0 320 512\" xmlns=\"http:\/\/www.w3.org\/2000\/svg\"><path d=\"M143 352.3L7 216.3c-9.4-9.4-9.4-24.6 0-33.9l22.6-22.6c9.4-9.4 24.6-9.4 33.9 0l96.4 96.4 96.4-96.4c9.4-9.4 24.6-9.4 33.9 0l22.6 22.6c9.4 9.4 9.4 24.6 0 33.9l-136 136c-9.2 9.4-24.4 9.4-33.8 0z\"><\/path><\/svg><\/span>\n\t\t\t\t\t\t\t\t<span class=\"elementor-accordion-icon-opened\"><svg class=\"e-font-icon-svg e-fas-angle-up\" viewbox=\"0 0 320 512\" xmlns=\"http:\/\/www.w3.org\/2000\/svg\"><path d=\"M177 159.7l136 136c9.4 9.4 9.4 24.6 0 33.9l-22.6 22.6c-9.4 9.4-24.6 9.4-33.9 0L160 255.9l-96.4 96.4c-9.4 9.4-24.6 9.4-33.9 0L7 329.7c-9.4-9.4-9.4-24.6 0-33.9l136-136c9.4-9.5 24.6-9.5 34-.1z\"><\/path><\/svg><\/span>\n\t\t\t\t\t\t\t\t\t\t\t\t\t\t<\/span>\n\t\t\t\t\t\t\t\t\t\t\t\t<a class=\"elementor-accordion-title\" tabindex=\"0\">Kako vam uspe v svetu digitalnega marketinga ohraniti luksuzno podobo na\u0161e blagovne znamke?<\/a>\n\t\t\t\t\t<\/div>\n\t\t\t\t\t<div id=\"elementor-tab-content-1221\" class=\"elementor-tab-content elementor-clearfix\" data-tab=\"1\" role=\"region\" aria-labelledby=\"elementor-tab-title-1221\"><p>Ohranjanje podobe in ugleda va\u0161e blagovne znamke je ena izmed na\u0161ih glavnih prioritet. V tesnem sodelovanju z na\u0161imi partnerji se maksimalno potrudimo, da se vrednote, estetika in sporo\u010dilo va\u0161e blagovne znamke ujema z na\u0161o strategijo. Na vsaki sti\u010dni to\u010dki ohranjamo in dodatno krepimo luksuzno podobo va\u0161ega podjetja v digitalnem svetu. Prednost dajemo kvalitetnim fotografijam, informativni in zanimivi vsebini ter personaliziranim izku\u0161njam, ki nagovarjajo luksuzno ob\u010dinstvo.<\/p><\/div>\n\t\t\t\t<\/div>\n\t\t\t\t\t\t\t<div class=\"elementor-accordion-item\">\n\t\t\t\t\t<div id=\"elementor-tab-title-1222\" class=\"elementor-tab-title\" data-tab=\"2\" role=\"button\" aria-controls=\"elementor-tab-content-1222\" aria-expanded=\"false\">\n\t\t\t\t\t\t\t\t\t\t\t\t\t<span class=\"elementor-accordion-icon elementor-accordion-icon-right\" aria-hidden=\"true\">\n\t\t\t\t\t\t\t\t\t\t\t\t\t\t\t<span class=\"elementor-accordion-icon-closed\"><svg class=\"e-font-icon-svg e-fas-angle-down\" viewbox=\"0 0 320 512\" xmlns=\"http:\/\/www.w3.org\/2000\/svg\"><path d=\"M143 352.3L7 216.3c-9.4-9.4-9.4-24.6 0-33.9l22.6-22.6c9.4-9.4 24.6-9.4 33.9 0l96.4 96.4 96.4-96.4c9.4-9.4 24.6-9.4 33.9 0l22.6 22.6c9.4 9.4 9.4 24.6 0 33.9l-136 136c-9.2 9.4-24.4 9.4-33.8 0z\"><\/path><\/svg><\/span>\n\t\t\t\t\t\t\t\t<span class=\"elementor-accordion-icon-opened\"><svg class=\"e-font-icon-svg e-fas-angle-up\" viewbox=\"0 0 320 512\" xmlns=\"http:\/\/www.w3.org\/2000\/svg\"><path d=\"M177 159.7l136 136c9.4 9.4 9.4 24.6 0 33.9l-22.6 22.6c-9.4 9.4-24.6 9.4-33.9 0L160 255.9l-96.4 96.4c-9.4 9.4-24.6 9.4-33.9 0L7 329.7c-9.4-9.4-9.4-24.6 0-33.9l136-136c9.4-9.5 24.6-9.5 34-.1z\"><\/path><\/svg><\/span>\n\t\t\t\t\t\t\t\t\t\t\t\t\t\t<\/span>\n\t\t\t\t\t\t\t\t\t\t\t\t<a class=\"elementor-accordion-title\" tabindex=\"0\">Ali lahko delite nekaj primerov podjetij, ki so v sodelovanju z vami dosegli zavidljive rezultate?<\/a>\n\t\t\t\t\t<\/div>\n\t\t\t\t\t<div id=\"elementor-tab-content-1222\" class=\"elementor-tab-content elementor-clearfix\" data-tab=\"2\" role=\"region\" aria-labelledby=\"elementor-tab-title-1222\"><p data-pm-slice=\"1 1 []\">Z na\u0161o premi\u0161ljeno marketin\u0161ko strategijo smo pomagali \u017ee ve\u010d kot 20 blagovnim znamkam dose\u010di izjemno rast in uspeh. V sodelovanju z vrhunsko kozmeti\u010dno znamko smo ustvarili personalizirano vsebino za dru\u017ebena omre\u017eja, ki je nagovarjala targetirano ob\u010dinstvo ter prinesla izjemne rezultate sodelovanja. S kvalitetnimi fotografijami, privla\u010dno vsebino in personalizirano izku\u0161njo smo s svojim pristopom pove\u010dali bruto prodajo za 1,5-krat, v samo enem letu. Da bi pove\u010dali u\u010dinkovitost kampanje smo izbrali pristop, ki temelji na podatkih in analizi trga, ta pa nam je omogo\u010dil vpogled v potrebe kupcev, optimizacijo vsebine in opredelitev potencialnih podro\u010dij za izbolj\u0161avo.<\/p><\/div>\n\t\t\t\t<\/div>\n\t\t\t\t\t\t\t<div class=\"elementor-accordion-item\">\n\t\t\t\t\t<div id=\"elementor-tab-title-1223\" class=\"elementor-tab-title\" data-tab=\"3\" role=\"button\" aria-controls=\"elementor-tab-content-1223\" aria-expanded=\"false\">\n\t\t\t\t\t\t\t\t\t\t\t\t\t<span class=\"elementor-accordion-icon elementor-accordion-icon-right\" aria-hidden=\"true\">\n\t\t\t\t\t\t\t\t\t\t\t\t\t\t\t<span class=\"elementor-accordion-icon-closed\"><svg class=\"e-font-icon-svg e-fas-angle-down\" viewbox=\"0 0 320 512\" xmlns=\"http:\/\/www.w3.org\/2000\/svg\"><path d=\"M143 352.3L7 216.3c-9.4-9.4-9.4-24.6 0-33.9l22.6-22.6c9.4-9.4 24.6-9.4 33.9 0l96.4 96.4 96.4-96.4c9.4-9.4 24.6-9.4 33.9 0l22.6 22.6c9.4 9.4 9.4 24.6 0 33.9l-136 136c-9.2 9.4-24.4 9.4-33.8 0z\"><\/path><\/svg><\/span>\n\t\t\t\t\t\t\t\t<span class=\"elementor-accordion-icon-opened\"><svg class=\"e-font-icon-svg e-fas-angle-up\" viewbox=\"0 0 320 512\" xmlns=\"http:\/\/www.w3.org\/2000\/svg\"><path d=\"M177 159.7l136 136c9.4 9.4 9.4 24.6 0 33.9l-22.6 22.6c-9.4 9.4-24.6 9.4-33.9 0L160 255.9l-96.4 96.4c-9.4 9.4-24.6 9.4-33.9 0L7 329.7c-9.4-9.4-9.4-24.6 0-33.9l136-136c9.4-9.5 24.6-9.5 34-.1z\"><\/path><\/svg><\/span>\n\t\t\t\t\t\t\t\t\t\t\t\t\t\t<\/span>\n\t\t\t\t\t\t\t\t\t\t\t\t<a class=\"elementor-accordion-title\" tabindex=\"0\">Kako prilagodite va\u0161o strategijo, \u0161e tako zahtevnemu ob\u010dinstvu?<\/a>\n\t\t\t\t\t<\/div>\n\t\t\t\t\t<div id=\"elementor-tab-content-1223\" class=\"elementor-tab-content elementor-clearfix\" data-tab=\"3\" role=\"region\" aria-labelledby=\"elementor-tab-title-1223\"><p data-pm-slice=\"1 1 []\">Da bi razumeli preference, interese in potrebe ob\u010dinstva najprej za\u010dnemo s poglobljeno raziskavo trga. Nato razvijemo prilagojeno kampanjo, s poudarkom na vsebini, personalizirani izku\u0161nji in sporo\u010dilu, ki nagovarja \u017eivljenjski slog ob\u010dinstva. S strategijo, ki temelji na podatkih, tako u\u010dinkovito dose\u017eemo ob\u010dinstvo preko razli\u010dnih kanalov in platform.<\/p><\/div>\n\t\t\t\t<\/div>\n\t\t\t\t\t\t\t<div class=\"elementor-accordion-item\">\n\t\t\t\t\t<div id=\"elementor-tab-title-1224\" class=\"elementor-tab-title\" data-tab=\"4\" role=\"button\" aria-controls=\"elementor-tab-content-1224\" aria-expanded=\"false\">\n\t\t\t\t\t\t\t\t\t\t\t\t\t<span class=\"elementor-accordion-icon elementor-accordion-icon-right\" aria-hidden=\"true\">\n\t\t\t\t\t\t\t\t\t\t\t\t\t\t\t<span class=\"elementor-accordion-icon-closed\"><svg class=\"e-font-icon-svg e-fas-angle-down\" viewbox=\"0 0 320 512\" xmlns=\"http:\/\/www.w3.org\/2000\/svg\"><path d=\"M143 352.3L7 216.3c-9.4-9.4-9.4-24.6 0-33.9l22.6-22.6c9.4-9.4 24.6-9.4 33.9 0l96.4 96.4 96.4-96.4c9.4-9.4 24.6-9.4 33.9 0l22.6 22.6c9.4 9.4 9.4 24.6 0 33.9l-136 136c-9.2 9.4-24.4 9.4-33.8 0z\"><\/path><\/svg><\/span>\n\t\t\t\t\t\t\t\t<span class=\"elementor-accordion-icon-opened\"><svg class=\"e-font-icon-svg e-fas-angle-up\" viewbox=\"0 0 320 512\" xmlns=\"http:\/\/www.w3.org\/2000\/svg\"><path d=\"M177 159.7l136 136c9.4 9.4 9.4 24.6 0 33.9l-22.6 22.6c-9.4 9.4-24.6 9.4-33.9 0L160 255.9l-96.4 96.4c-9.4 9.4-24.6 9.4-33.9 0L7 329.7c-9.4-9.4-9.4-24.6 0-33.9l136-136c9.4-9.5 24.6-9.5 34-.1z\"><\/path><\/svg><\/span>\n\t\t\t\t\t\t\t\t\t\t\t\t\t\t<\/span>\n\t\t\t\t\t\t\t\t\t\t\t\t<a class=\"elementor-accordion-title\" tabindex=\"0\">Kako poskrbite, da je sodelovanje z vplivne\u017ei v skladu z vrednotami in podobo na\u0161e blagovne znamke?<\/a>\n\t\t\t\t\t<\/div>\n\t\t\t\t\t<div id=\"elementor-tab-content-1224\" class=\"elementor-tab-content elementor-clearfix\" data-tab=\"4\" role=\"region\" aria-labelledby=\"elementor-tab-title-1224\"><p data-pm-slice=\"1 1 []\">K sodelovanju povabimo izklju\u010dno tiste vplivne\u017ee, ki so v skladu z vrednotami in vizijo va\u0161ega podjetja. Najprej izvedemo obse\u017eno raziskavo in se osredoto\u010dimo na tiste, ki nagovarjajo targetirano ob\u010dinstvo ter s svojo vsebino in sporo\u010dilom sovpadajo s storitvami in izdelki, ki jih ponuja va\u0161a blagovna znamka.  Pri delu z vplivne\u017ei cenimo transparentnost in pristnost. Tako zagotovimo, da so njihove vrednote skladne z va\u0161imi, njihovo ob\u010dinstvo pa dovzetno za va\u0161e storitve in izdelke.<\/p><\/div>\n\t\t\t\t<\/div>\n\t\t\t\t\t\t\t<div class=\"elementor-accordion-item\">\n\t\t\t\t\t<div id=\"elementor-tab-title-1225\" class=\"elementor-tab-title\" data-tab=\"5\" role=\"button\" aria-controls=\"elementor-tab-content-1225\" aria-expanded=\"false\">\n\t\t\t\t\t\t\t\t\t\t\t\t\t<span class=\"elementor-accordion-icon elementor-accordion-icon-right\" aria-hidden=\"true\">\n\t\t\t\t\t\t\t\t\t\t\t\t\t\t\t<span class=\"elementor-accordion-icon-closed\"><svg class=\"e-font-icon-svg e-fas-angle-down\" viewbox=\"0 0 320 512\" xmlns=\"http:\/\/www.w3.org\/2000\/svg\"><path d=\"M143 352.3L7 216.3c-9.4-9.4-9.4-24.6 0-33.9l22.6-22.6c9.4-9.4 24.6-9.4 33.9 0l96.4 96.4 96.4-96.4c9.4-9.4 24.6-9.4 33.9 0l22.6 22.6c9.4 9.4 9.4 24.6 0 33.9l-136 136c-9.2 9.4-24.4 9.4-33.8 0z\"><\/path><\/svg><\/span>\n\t\t\t\t\t\t\t\t<span class=\"elementor-accordion-icon-opened\"><svg class=\"e-font-icon-svg e-fas-angle-up\" viewbox=\"0 0 320 512\" xmlns=\"http:\/\/www.w3.org\/2000\/svg\"><path d=\"M177 159.7l136 136c9.4 9.4 9.4 24.6 0 33.9l-22.6 22.6c-9.4 9.4-24.6 9.4-33.9 0L160 255.9l-96.4 96.4c-9.4 9.4-24.6 9.4-33.9 0L7 329.7c-9.4-9.4-9.4-24.6 0-33.9l136-136c9.4-9.5 24.6-9.5 34-.1z\"><\/path><\/svg><\/span>\n\t\t\t\t\t\t\t\t\t\t\t\t\t\t<\/span>\n\t\t\t\t\t\t\t\t\t\t\t\t<a class=\"elementor-accordion-title\" tabindex=\"0\">Kako sledite vsem novostim v digitalnem marketingu in jih hkrati uspe\u0161no vklju\u010dite v va\u0161o strategijo?<\/a>\n\t\t\t\t\t<\/div>\n\t\t\t\t\t<div id=\"elementor-tab-content-1225\" class=\"elementor-tab-content elementor-clearfix\" data-tab=\"5\" role=\"region\" aria-labelledby=\"elementor-tab-title-1225\"><p data-pm-slice=\"1 1 []\">Spremljanje najnovej\u0161ih trendov in inovacij na podro\u010dju digitalnega marketinga je klju\u010dni del na\u0161ega pristopa. Mo\u010dno spodbujamo redna izobra\u017eevanja in strokovni razvoj \u010dlanov na\u0161e ekipe, ki se udele\u017eujejo raznih konferenc in sodelujejo v programih usposabljanja. Prav tako izvajamo temeljite raziskave in analize trga, saj tako zelo hitro prepoznamo prihajajo\u010de trende in novosti, ki so lahko klju\u010dni za na\u0161e partnerje. Vse podatke vklju\u010dimo v na\u0161o strategijo s ciljem zagotavljanja rasti in razvoja va\u0161e blagovne znamke.<\/p><\/div>\n\t\t\t\t<\/div>\n\t\t\t\t\t\t\t\t\t\t<script type=\"application\/ld+json\">{\n    \"@context\": \"https:\\\/\\\/schema.org\",\n    \"@type\": \"FAQPage\",\n    \"mainEntity\": [\n        {\n            \"@type\": \"Question\",\n            \"name\": \"How do you maintain our brand's luxury image in digital marketing?\",\n            \"acceptedAnswer\": {\n                \"@type\": \"Answer\",\n                \"text\": \"<p>We understand the importance of maintaining a luxury brand\\u2019s image and reputation throughout the digital marketing process. We work closely with our clients to understand their brand values, esthetics and messaging to ensure this. We then develop a digital marketing strategy that aligns with these values and reinforces the luxury image at every touchpoint. We prioritise high-quality imagery, engaging content and personalised experiences that appeal to luxury audiences.<\\\/p>\"\n            }\n        },\n        {\n            \"@type\": \"Question\",\n            \"name\": \"Can you share examples of assisting premium brands in becoming industry thought leaders?\",\n            \"acceptedAnswer\": {\n                \"@type\": \"Answer\",\n                \"text\": \"<p data-pm-slice=\\\"1 1 []\\\">We have helped several premium brands achieve exceptional growth through our digital marketing strategies. For example, we worked with a premium beauty brand to develop an outstanding social media content strategy that resonated with its audience and drove results. Through high-quality imagery, engaging content, and personalised experiences, we helped this brand increase its gross sales by 1.5 times in just one year. Our data-driven approach allowed us to analyse audience behaviour, optimise content delivery, and identify areas for improvement to maximise campaign effectiveness.<\\\/p>\"\n            }\n        },\n        {\n            \"@type\": \"Question\",\n            \"name\": \"How do you tailor digital marketing for high-net-worth audiences?\",\n            \"acceptedAnswer\": {\n                \"@type\": \"Answer\",\n                \"text\": \"<p data-pm-slice=\\\"1 1 []\\\">To effectively target a high-net-worth audience, we conduct extensive research to understand their preferences, interests, and behaviours. We then develop tailored campaigns that appeal to this audience, emphasising high-quality imagery, personalised experiences, and luxury lifestyle messaging. We also use data-driven targeting techniques to reach this audience across the most effective channels and platforms.<\\\/p>\"\n            }\n        },\n        {\n            \"@type\": \"Question\",\n            \"name\": \"How do you ensure influencer marketing for premium brands aligns with their values and image?\",\n            \"acceptedAnswer\": {\n                \"@type\": \"Answer\",\n                \"text\": \"<p data-pm-slice=\\\"1 1 []\\\">Our approach to influencer marketing for premium brands focuses on identifying influencers who align with the brand\\u2019s values and vision. We conduct extensive research to identify influencers with affluent audiences and a demonstrated interest in the brand\\u2019s products or services. We then work with these influencers to develop customised campaigns that align with the brand\\u2019s messaging and aesthetic. We also emphasise transparency and authenticity when working with influencers. In this way, we ensure that the influencers\\u2019 values align with the brand&#8217;s and that their audience is receptive to the brand\\u2019s messaging.<\\\/p>\"\n            }\n        },\n        {\n            \"@type\": \"Question\",\n            \"name\": \"How do you stay updated on digital marketing trends and integrate them into premium brand strategies?\",\n            \"acceptedAnswer\": {\n                \"@type\": \"Answer\",\n                \"text\": \"<p data-pm-slice=\\\"1 1 []\\\">Keeping up with the latest trends and innovations in the digital marketing landscape is a key part of our approach to working with premium brands. We strongly emphasise ongoing education and professional development for our team members, attending industry conferences and participating in training programs to keep up with the latest trends and technologies. We also conduct ongoing research and analysis to identify emerging trends and innovations that may be relevant to our clients. We incorporate these insights into our digital marketing strategies for premium brands.<\\\/p>\"\n            }\n        }\n    ]\n}<\/script>\n\t\t\t\t\t<\/div>\n\t\t\t\t\t\t<\/div>\n\t\t\t\t<\/div>\n\t\t\t\t<\/div>\n\t\t\t\t\t<\/div>\n\t\t\t\t<\/div>\n\t\t\t\t<\/div>","protected":false},"excerpt":{"rendered":"<p>You&#8217;re on the right path to success! Thank youfor your interest! You will receive an email from us soon, with all the information and details. You can also schedule a call by clicking the button below. SCHEDULE A CALL FAQ Find the Answers on Frequently Asked questions How do you maintain our brand&#8217;s luxury image [&hellip;]<\/p>","protected":false},"author":3,"featured_media":0,"parent":0,"menu_order":0,"comment_status":"closed","ping_status":"closed","template":"elementor_header_footer","meta":{"footnotes":""},"class_list":["post-2719","page","type-page","status-publish","hentry"],"jetpack_sharing_enabled":true,"_links":{"self":[{"href":"https:\/\/pikadigital.eu\/sl\/wp-json\/wp\/v2\/pages\/2719","targetHints":{"allow":["GET"]}}],"collection":[{"href":"https:\/\/pikadigital.eu\/sl\/wp-json\/wp\/v2\/pages"}],"about":[{"href":"https:\/\/pikadigital.eu\/sl\/wp-json\/wp\/v2\/types\/page"}],"author":[{"embeddable":true,"href":"https:\/\/pikadigital.eu\/sl\/wp-json\/wp\/v2\/users\/3"}],"replies":[{"embeddable":true,"href":"https:\/\/pikadigital.eu\/sl\/wp-json\/wp\/v2\/comments?post=2719"}],"version-history":[{"count":3,"href":"https:\/\/pikadigital.eu\/sl\/wp-json\/wp\/v2\/pages\/2719\/revisions"}],"predecessor-version":[{"id":15594,"href":"https:\/\/pikadigital.eu\/sl\/wp-json\/wp\/v2\/pages\/2719\/revisions\/15594"}],"wp:attachment":[{"href":"https:\/\/pikadigital.eu\/sl\/wp-json\/wp\/v2\/media?parent=2719"}],"curies":[{"name":"wp","href":"https:\/\/api.w.org\/{rel}","templated":true}]}}