{"id":3,"date":"2023-03-29T11:49:53","date_gmt":"2023-03-29T11:49:53","guid":{"rendered":"https:\/\/pika360.si\/?page_id=3"},"modified":"2024-11-11T23:06:35","modified_gmt":"2024-11-11T22:06:35","slug":"privacy-policy","status":"publish","type":"page","link":"https:\/\/pikadigital.eu\/sl\/privacy-policy\/","title":{"rendered":"Pravilnik o zasebnosti"},"content":{"rendered":"<div data-elementor-type=\"wp-page\" data-elementor-id=\"3\" class=\"elementor elementor-3\" data-elementor-post-type=\"page\">\n\t\t\t\t<div class=\"elementor-element elementor-element-a4bd6fe e-flex e-con-boxed e-con e-parent\" data-id=\"a4bd6fe\" data-element_type=\"container\" data-settings=\"{&quot;jet_parallax_layout_list&quot;:[]}\">\n\t\t\t\t\t<div class=\"e-con-inner\">\n\t\t<div class=\"elementor-element elementor-element-d1bc72a e-flex e-con-boxed e-con e-child\" data-id=\"d1bc72a\" data-element_type=\"container\" data-settings=\"{&quot;jet_parallax_layout_list&quot;:[]}\">\n\t\t\t\t\t<div class=\"e-con-inner\">\n\t\t\t\t<div class=\"elementor-element elementor-element-c9d6bd7 elementor-widget elementor-widget-text-editor\" data-id=\"c9d6bd7\" data-element_type=\"widget\" id=\"manjsiTextPolitika\" data-widget_type=\"text-editor.default\">\n\t\t\t\t<div class=\"elementor-widget-container\">\n\t\t\t\t\t\t\t\t\t<h1><span style=\"font-weight: 400;\">Pravilnik o zasebnosti<\/span><\/h1><h4><span style=\"font-weight: 400;\">O politiki zasebnosti<\/span><\/h4><p><span style=\"font-weight: 400;\">Namen politike zasebnosti podjetja PIKA. DIGITAL D.O.O. (v nadaljevanju \"Politika zasebnosti\") je seznaniti uporabnike storitev podjetja PIKA. DIGITAL D.O.O. in druge posameznike (v nadaljevanju tudi \"posamezniki\") z nameni in podlago obdelave osebnih podatkov s strani podjetja PIKA. DIGITAL D.O.O., Topni\u0161ka ulica 33A, 1000 Ljubljana (v nadaljevanju \"Podjetje\"), ter z njihovimi pravicami na tem podro\u010dju.<\/span><\/p><p><span style=\"font-weight: 400;\">Podjetje posve\u010da posebno skrb varnosti va\u0161ih osebnih podatkov. Vse posredovane osebne podatke obravnavamo zaupno in jih uporabljamo le za namen, za katerega so bili pridobljeni. Va\u0161e osebne podatke obravnavamo z najve\u010djo skrbnostjo, upo\u0161tevajo\u010d veljavno zakonodajo in najvi\u0161je standarde njihove obdelave. Za varnost va\u0161ih osebnih podatkov skrbimo z ustrezno organizacijskimi ukrepi, postopki dela in naprednimi tehnolo\u0161kimi re\u0161itvami. S sodelovanjem z zunanjimi strokovnjaki \u017eelimo dose\u010di \u010dim bolj\u0161o za\u0161\u010dito va\u0161ih osebnih podatkov. Uporabljamo ustrezne ravni za\u0161\u010dite ter razumne fizi\u010dne, elektronske in administrativne ukrepe, ki prepre\u010dujejo nenamerno ali nezakonito uni\u010denje, izgubo, spreminjanje, nepoobla\u0161\u010deno razkritje osebnih podatkov ali nepoobla\u0161\u010den dostop do osebnih podatkov, ki so bili preneseni, shranjeni ali kako druga\u010de obdelani.<\/span><\/p><p><span style=\"font-weight: 400;\">Politika zasebnosti dodatno pojasnjuje tudi pogoje va\u0161e privolitve za obdelavo va\u0161ih osebnih podatkov. V skladu z Uredbo (EU) 2016\/679 Evropskega parlamenta in Sveta z dne 27. aprila 2016 o varstvu posameznikov pri obdelavi osebnih podatkov in o prostem pretoku takih podatkov ter o razveljavitvi Direktive 95\/46\/ES (v nadaljevanju: \"Splo\u0161na uredba o varstvu podatkov\") ta politika zasebnosti vklju\u010duje naslednje informacije: kontaktne informacije podjetja, namene, pravne podlage in vrste obdelave razli\u010dnih vrst osebnih podatkov posameznikov, \u010das hrambe posameznih vrst osebnih podatkov, pravice posameznikov v zvezi z obdelavo osebnih podatkov, pravica do vlo\u017eitve prito\u017ebe v zvezi z obdelavo osebnih podatkov, veljavnost politike zasebnosti.<\/span><\/p><h4><span style=\"font-weight: 400;\">Zbiranje osebnih podatkov s strani podjetja<\/span><\/h4><p><span style=\"font-weight: 400;\">\u010ce ste zgolj obiskovalec na\u0161e spletne strani, bomo va\u0161e podatke zbrali samo z uporabo pi\u0161kotkov. V primeru, da ste uporabnik na\u0161ih storitev ali naro\u010dnik, zbiramo tudi druge osebne podatke, ki so potrebni za izvajanje storitev, ki ste jih naro\u010dili ali jih uporabljate. Ti osebni podatki vklju\u010dujejo:<\/span><\/p><ul><li style=\"font-weight: 400;\" aria-level=\"1\"><span style=\"font-weight: 400;\">ime in priimek,<\/span><\/li><li style=\"font-weight: 400;\" aria-level=\"1\"><span style=\"font-weight: 400;\">kontaktni e-po\u0161tni naslov,<\/span><\/li><li style=\"font-weight: 400;\" aria-level=\"1\"><span style=\"font-weight: 400;\">kontaktno telefonsko \u0161tevilko,<\/span><\/li><li style=\"font-weight: 400;\" aria-level=\"1\"><span style=\"font-weight: 400;\">IP naslov,<\/span><\/li><li style=\"font-weight: 400;\" aria-level=\"1\"><span style=\"font-weight: 400;\">IP naslov,\npodatke za izdajo ponudbe, ki so potrebni glede na va\u0161e povpra\u0161evanje (npr. naslov, dav\u010dna \u0161tevilka).<\/span><\/li><\/ul><h4><span style=\"font-weight: 400;\">Upravljavec osebnih podatkov<\/span><\/h4><p><span style=\"font-weight: 400;\">Upravljavec osebnih podatkov v povezavi s tem pravilnikom o zasebnosti je PIKA. DIGITAL D.O.O., Topni\u0161ka Ulica 33A, 1000 Ljubljana.<\/span><\/p><h4><span style=\"font-weight: 400;\">Kategorije posameznikov, katerih osebni podatki se obdelujejo<\/span><\/h4><p><span style=\"font-weight: 400;\">Ta Pravilnik o zasebnosti je namenjen vsem, ki ste naro\u010dili in\/ali uporabljate na\u0161e storitve, ali oddali povpra\u0161evanje kot tudi tistim, ki obi\u0161\u010dete na\u0161o spletno stran.<\/span><\/p><h4><span style=\"font-weight: 400;\">Nameni obdelave in pravne podlage za obdelavo podatkov<\/span><\/h4><h5><b>5.1. Obdelava na podlagi pogodbe:<\/b><\/h5><p><span style=\"font-weight: 400;\">V okviru izvajanja pogodbenih pravic in izpolnjevanja pogodbenih obveznosti, podjetje obdeluje va\u0161e osebne podatke za naslednje namene: identifikacijo posameznika, pripravo ponudbe, sklenitev pogodbe, zagotavljanje naro\u010denih storitev, obve\u0161\u010danje o morebitnih spremembah, dodatnih podrobnostih in navodilih za uporabo storitev, re\u0161evanje morebitnih tehni\u010dnih te\u017eav, ugovorov ali reklamacij, obra\u010dunavanje storitev ter druge namene, ki so potrebni za izvajanje ali sklepanje pogodbenega razmerja med podjetjem in posameznikom.<\/span><\/p><p><span style=\"font-weight: 400;\">Pri obra\u010dunavanju storitev v skladu z dav\u010dno zakonodajo, pridobimo in obdelujemo tudi va\u0161 naslov za pravilno izdajo ra\u010duna.<\/span><\/p><h5><b>5.2. Obdelava na podlagi zakona:<\/b><\/h5><p><span style=\"font-weight: 400;\">Na podlagi zakonitega interesa uporabljamo va\u0161e osebne podatke za zaznavanje in prepre\u010devanje goljufive uporabe in zlorabe storitev. Prav tako jih uporabljamo za zagotavljanje stabilnega in varnega delovanja na\u0161ega sistema ter storitev, izvajanje ukrepov za informacijsko varnost, izpolnjevanje zahtev glede kakovosti storitev ter odkrivanje tehni\u010dnih okvar sistemov in storitev.<\/span><\/p><p><span style=\"font-weight: 400;\">Na podlagi zakonitega interesa uporabljamo va\u0161e osebne podatke tudi za morebitne izvr\u0161be, sodne in izvensodne izterjave.<\/span><\/p><p><span style=\"font-weight: 400;\">V skladu s Splo\u0161no uredbo lahko v primeru suma zlorab v primernem in sorazmernem obsegu obdelujemo podatke o posameznikih za namen identifikacije in prepre\u010devanja morebitnih prevar ali zlorab. \u010ce je primerno, lahko te podatke posredujemo drugim ponudnikom tovrstnih storitev, poslovnim partnerjem, policiji, dr\u017eavnemu to\u017eilstvu ali drugim pristojnim organom. Za namen prepre\u010devanja prihodnjih zlorab ali prevar se podatki o preteklih ugotovljenih zlorabah ali prevarah v povezavi s posameznikom, vklju\u010dno z informacijami o naro\u010dni\u0161kem razmerju in IP naslovom, lahko hranijo \u0161e pet let po prenehanju poslovnega razmerja.<\/span><\/p><h5><b>5.3. Obdelava na podlagi soglasja za obdelavo osebnih podatkov:<\/b><\/h5><p><span style=\"font-weight: 400;\">Obdelava podatkov lahko temelji tudi na va\u0161em soglasju, ki ste ga podali podjetju.<\/span><\/p><p><span style=\"font-weight: 400;\">Soglasje se lahko nana\u0161a na razli\u010dne namene, na primer obve\u0161\u010danje o ponudbah, ugodnostih in izbolj\u0161avah storitev, ki jih podjetje ponuja. Namen tak\u0161nega obve\u0161\u010danja je, da se storitve \u010dim bolj prilagodijo va\u0161im potrebam in \u017eeljam ter da se pove\u010da njihova uporabna vrednost za vas. Obve\u0161\u010danje se izvaja prek kanalov, ki ste jih izbrali v soglasju. Kadarkoli lahko prekli\u010dete soglasje za obve\u0161\u010danje v skladu s postopkom, dolo\u010denim v Pravilniku o zasebnosti.<\/span><\/p><p><span style=\"font-weight: 400;\">Va\u0161e soglasje lahko kadarkoli prekli\u010dete ali spremenite na enak na\u010din, kot ste ga podali, ali na drug na\u010din, ki ga dolo\u010da Pravilnik o zasebnosti. Pri tem si podjetje pridr\u017euje pravico do preverjanja va\u0161e identitete. Spremembo soglasja lahko uredite prek elektronskega sporo\u010dila na naslov hello@pikadigital.eu ali s pisno zahtevo, poslano na naslov sede\u017ea podjetja.<\/span><\/p><p><span style=\"font-weight: 400;\">Preklic ali sprememba soglasja se nana\u0161a samo na podatke, ki se obdelujejo na podlagi va\u0161ega soglasja. Veljavno je va\u0161e zadnje prejeto podano soglasje. Preklic soglasja ne vpliva na \u017ee izvedene obdelave podatkov v \u010dasu, ko je soglasje veljalo. Mo\u017enost preklica soglasja ne pomeni odstopa od morebitnega poslovnega razmerja med vami in podjetjem.<\/span><\/p><p><span style=\"font-weight: 400;\">Podatki, za katere je bilo podano soglasje, se v primeru, da soglasje ni preklicano, obdelujejo do dve leti po prenehanju poslovnega razmerja s podjetjem.<\/span><\/p><h4><span style=\"font-weight: 400;\">Omejitve posredovanja osebnih podatkov<\/span><\/h4><p><span style=\"font-weight: 400;\">Po potrebi bomo za izvajanje dolo\u010denih nalog, ki prispevajo k na\u0161im storitvam, pooblastili druge podjetja in posameznike. V takih primerih lahko podjetje posreduje osebne podatke izbranim zunanjim obdelovalcem, s katerimi bo sklenilo pogodbo o obdelavi osebnih podatkov ali drug dogovor, ki ima enako vsebino in je zavezujo\u010d (v nadaljevanju: \"Pogodba o obdelavi\"). Podatke bomo posredovali zunanjim obdelovalcem samo v obsegu, ki je potreben za dolo\u010den namen. Zunanji obdelovalci ne smejo uporabljati teh podatkov za druge namene in morajo izpolnjevati vse standarde za obdelavo osebnih podatkov, kot jih zahteva veljavna zakonodaja. Zunanji obdelovalci so pogodbeno zavezani k varovanju zaupnosti va\u0161ih osebnih podatkov.<\/span><\/p><p><span style=\"font-weight: 400;\">Podjetje lahko na podlagi utemeljenih zahtev posreduje osebne podatke pristojnim dr\u017eavnim organom, ki imajo za to ustrezno zakonsko podlago. Na primer, podjetje PIKA. DIGITAL d.o.o. bo odgovorilo na zahteve sodi\u0161\u010d, organov pregona in drugih dr\u017eavnih organov, vklju\u010dno s pristojnimi organi druge dr\u017eave \u010dlanice EU.<\/span><\/p><h4><span style=\"font-weight: 400;\">Obdobje hrambe osebnih podatkov<\/span><\/h4><p><span style=\"font-weight: 400;\">Obdobje hrambe podatkov je dolo\u010deno glede na kategorijo posameznih podatkov. Podatke hranimo najve\u010d toliko \u010dasa, kot je potrebno za dosego namena, za katerega so bili zbrani ali nadalje obdelani ali do poteka zastaranih rokov za izpolnitev obveznosti ali zakonsko predpisanega roka hrambe.<\/span><\/p><p><span style=\"font-weight: 400;\">Obra\u010dunski podatki in povezani kontaktni podatki posameznikov se lahko hranijo za namen izpolnjevanja pogodbenih obveznosti do popolnega pla\u010dila storitve ali najdlje do poteka zastaralnih rokov za posamezno terjatev, ki lahko po zakonu zna\u0161ajo od enega do petih let. Ra\u010duni se hranijo \u0161e 10 let po poteku leta, na katerega se ra\u010dun nana\u0161a, v skladu z zakonom, ki ureja davek na dodano vrednost.<\/span><\/p><p><span style=\"font-weight: 400;\">Drugi podatki, pridobljeni na podlagi va\u0161ega soglasja, se hranijo za \u010das trajanja poslovnega razmerja in \u0161e 2 leti po prenehanju, razen \u010de zakon dolo\u010da dalj\u0161i rok hrambe. \u010ce posameznik, ki je dal soglasje za obdelavo osebnih podatkov, ni vzpostavil poslovnega razmerja z nami, velja njegovo soglasje 2 leti od podaje ali do preklica.<\/span><\/p><p><span style=\"font-weight: 400;\">Po poteku obdobja hrambe se podatki izbri\u0161ejo, uni\u010dijo, blokirajo, ali anonimizirajo, razen \u010de zakon za dolo\u010deno vrsto podatkov ne dolo\u010da druga\u010de.<\/span><\/p><h4><span style=\"font-weight: 400;\">Pravice posameznikov v zvezi z obdelovanjem osebnih podatkov<\/span><\/h4><p><span style=\"font-weight: 400;\">Zagotavljamo vam uresni\u010devanje va\u0161ih pravic v zvezi z obdelovanjem va\u0161ih osebnih podatkov brez nepotrebnega odla\u0161anja. O va\u0161i zahtevi bomo odlo\u010dili v enem mesecu po prejemu. V primeru kompleksnosti ali ve\u010djega \u0161tevila zahtev lahko ta rok podalj\u0161amo za najve\u010d dva dodatna meseca. \u010ce podalj\u0161amo rok, vas bomo o tem obvestili v enem mesecu po prejemu zahtevka skupaj z razlogi za zamudo.<\/span><\/p><p><span style=\"font-weight: 400;\">Va\u0161e zahteve glede uresni\u010devanja pravic sprejemamo na elektronski naslov hello@pikadigital.eu ali po po\u0161ti na naslov PIKA. DIGITAL D.O.O., Topni\u0161ka ulica 33A, 1000 Ljubljana.<\/span><\/p><p><span style=\"font-weight: 400;\">Ko zahtevo vlo\u017eite z elektronskimi sredstvi, bomo, \u010de je mogo\u010de, informacije zagotovili v elektronski obliki, razen \u010de zahtevate druga\u010de.<\/span><\/p><p><span style=\"font-weight: 400;\">\u010ce obstaja upravi\u010den dvom o identiteti posameznika, ki vlo\u017ei zahtevo v zvezi s svojimi pravicami, lahko zahtevamo dodatne informacije, potrebne za potrditev identitete posameznika, na katerega se nana\u0161ajo osebni podatki.<\/span><\/p><p><span style=\"font-weight: 400;\">\u010ce so zahteve posameznika, na katerega se nana\u0161ajo osebni podatki, o\u010ditno neutemeljene ali pretirane, \u0161e posebej \u010de se ponavljajo, lahko podjetje:<\/span><\/p><p><span style=\"font-weight: 400;\">zara\u010duna razumno pristojbino, ki upo\u0161teva administrativne stro\u0161ke za posredovanje informacij ali izvajanje zahtevanih ukrepov ali zavrne izpolnitev zahteve.<\/span><\/p><p>Imate naslednje pravice v vezi z obdelavo va\u0161ih osebnih podatkov:<\/p><p><b>1. Pravica do dostopa do podatkov:<\/b><\/p><p><span style=\"font-weight: 400;\">Imate pravico biti obve\u0161\u010deni, \u010de se va\u0161i osebni podatki obdelujejo, ter dostop do osebnih podatkov in naslednjih informacij:<\/span><\/p><ul><li style=\"font-weight: 400;\" aria-level=\"1\"><span style=\"font-weight: 400;\">namen obdelave,<\/span><\/li><li style=\"font-weight: 400;\" aria-level=\"1\"><span style=\"font-weight: 400;\">vrste osebnih podatkov, ki se obdelujejo,<\/span><\/li><li style=\"font-weight: 400;\" aria-level=\"1\"><span style=\"font-weight: 400;\">uporabnike ali kategorije uporabnikov, ki so jim bili ali bodo razkriti osebni podatki,<\/span><\/li><li style=\"font-weight: 400;\" aria-level=\"1\"><span style=\"font-weight: 400;\">predvideno obdobje hrambe osebnih podatkov ali, \u010de to ni mogo\u010de, merila, ki se uporabijo za dolo\u010ditev tega obdobja,<\/span><\/li><li style=\"font-weight: 400;\" aria-level=\"1\"><span style=\"font-weight: 400;\">obstoj pravice do popravka ali izbrisa osebnih podatkov ali omejitve obdelave ali pravice do ugovora zoper tak\u0161no obdelavo,<\/span><\/li><li style=\"font-weight: 400;\" aria-level=\"1\"><span style=\"font-weight: 400;\">pravica do vlo\u017eitve prito\u017ebe pri nadzornem organu,<\/span><\/li><li style=\"font-weight: 400;\" aria-level=\"1\"><span style=\"font-weight: 400;\">kadar osebni podatki niso zbrani od vas, vse razpolo\u017eljive informacije glede njihovega vira.<\/span><\/li><\/ul><p><b>2. Pravica do popravka:<\/b><\/p><p><span style=\"font-weight: 400;\">Imate pravico do popravka napa\u010dnih osebnih podatkov, ki se nana\u0161ajo na vas. Ob upo\u0161tevanju namena obdelave, imate pravico do dopolnitve nepopolnih osebnih podatkov tudi s predlo\u017eitvijo dopolnilne izjave.<\/span><\/p><p><b>3. Pravica do izbrisa (\u00bbpravica do pozabe\u00ab):<\/b><\/p><p><span style=\"font-weight: 400;\">Imate pravico do izbrisa va\u0161ih osebnih podatkov brez nepotrebnega odla\u0161anja, \u010de velja eden od naslednjih razlogov:<\/span><\/p><ul><li style=\"font-weight: 400;\" aria-level=\"1\"><span style=\"font-weight: 400;\">osebni podatki niso ve\u010d potrebni za namene, za katere so bili zbrani ali kako druga\u010de obdelani,<\/span><\/li><li style=\"font-weight: 400;\" aria-level=\"1\"><span style=\"font-weight: 400;\">prekli\u010dete privolitev, na podlagi katere poteka obdelava, in za obdelavo ni druge pravne podlage,<\/span><\/li><li style=\"font-weight: 400;\" aria-level=\"1\"><span style=\"font-weight: 400;\">ugovarjate obdelavi podatkov, ki temelji na zakonitem interesu podjetja, in ni nobenega prevladujo\u010dega zakonitega razloga za obdelavo,<\/span><\/li><li style=\"font-weight: 400;\" aria-level=\"1\"><span style=\"font-weight: 400;\">osebni podatki so bili obdelani nezakonito,<\/span><\/li><li style=\"font-weight: 400;\" aria-level=\"1\"><span style=\"font-weight: 400;\">osebne podatke je treba izbrisati zaradi izpolnitve pravne obveznosti v skladu s pravom EU ali slovenskim pravnim redom.<\/span><\/li><\/ul><p><b>4. Pravica do omejitve obdelave:<\/b><\/p><p><span style=\"font-weight: 400;\">Imate pravico dose\u010di omejitev obdelave va\u0161ih osebnih podatkov, \u010de velja eden od naslednjih primerov:<\/span><\/p><ul><li style=\"font-weight: 400;\" aria-level=\"1\"><span style=\"font-weight: 400;\">oporekate to\u010dnosti osebnih podatkov, in sicer za obdobje, ki nam omogo\u010da preveriti to\u010dnost osebnih podatkov,<\/span><\/li><li style=\"font-weight: 400;\" aria-level=\"1\"><span style=\"font-weight: 400;\">je obdelava nezakonita, vi pa nasprotujete izbrisu osebnih podatkov ter namesto tega zahtevate omejitev njihove uporabe,<\/span><\/li><li style=\"font-weight: 400;\" aria-level=\"1\"><span style=\"font-weight: 400;\">osebnih podatkov ne potrebujemo ve\u010d za namene obdelave, vi pa jih potrebujete za uveljavljanje, izvajanje ali obrambo pravnih zahtevkov,<\/span><\/li><li style=\"font-weight: 400;\" aria-level=\"1\"><span style=\"font-weight: 400;\">ste vlo\u017eili ugovor zoper obdelavo, ki temelji na zakonitem interesu podjetja, medtem ko preverjamo ali na\u0161i zakoniti razlogi prevladajo nad va\u0161imi razlogi.<\/span><\/li><\/ul><p><span style=\"font-weight: 400;\">Kadar je obdelava va\u0161ih osebnih podatkov omejena v skladu z zgoraj navedenim, se tak\u0161ni podatki, razen njihovega hranjenja, obdelujejo le z va\u0161o privolitvijo ali za uveljavljanje, izvajanje ali obrambo pravnih zahtevkov ali za varstvo pravic druge fizi\u010dne ali pravne osebe. Pred preklicem omejitve obdelave va\u0161ih osebnih podatkov vas bomo obvestili.<\/span><\/p><p><b>5. Pravica do prenosljivosti podatkov:<\/b><\/p><p><span style=\"font-weight: 400;\">Imate pravico do prejetja osebnih podatkov v strukturirani, splo\u0161no uporabljeni in strojno berljivi obliki. Prav tako imate pravico, da te podatke posredujete drugemu upravljalcu, ne da bi vas podjetje pri tem oviralo, kadar obdelava temelji na va\u0161i privolitvi in se izvaja z avtomatiziranimi sredstvi. Na va\u0161o zahtevo, kadar je tehni\u010dno izvedljivo, se lahko osebni podatki neposredno prenesejo drugemu upravljavcu.<\/span><\/p><p><b>6. Pravica do ugovora:<\/b><\/p><p><span style=\"font-weight: 400;\">Kadar obdelujemo va\u0161e podatke na podlagi zakonitega interesa za namene tr\u017eenja, lahko kadar koli ugovarjate tak\u0161ni obdelavi. Va\u0161e osebne podatke bomo prenehali obdelovati, razen \u010de lahko doka\u017eemo nujne legitimne razloge za obdelavo, ki prevladajo nad va\u0161imi interesi, pravicami in svobo\u0161\u010dinami, ali za uveljavljanje, izvajanje ali obrambo pravnih zahtevkov.<\/span><\/p><h4><span style=\"font-weight: 400;\">Prito\u017ebe<\/span><\/h4><p><span style=\"font-weight: 400;\">\u010ce imate kakr\u0161nekoli prito\u017ebe glede upravljanja z va\u0161imi osebnimi podatki, jih lahko posredujete na e-po\u0161tni naslov hello@pikadigital.eu ali preko po\u0161te na naslov PIKA. DIGITAL d.o.o., Topni\u0161ka ulica 33A, 1000.<\/span><\/p><p><span style=\"font-weight: 400;\">\u010ce ne odlo\u010dimo o va\u0161i zahtevi v zakonskem roku ali va\u0161o zahtevo zavrnemo, imate pravico vlo\u017eiti prito\u017ebo pri Informacijskem poobla\u0161\u010dencu.<\/span><\/p><p><span style=\"font-weight: 400;\">Prav tako imate pravico, da neposredno vlo\u017eite prito\u017ebo pri Informacijskem poobla\u0161\u010dencu, \u010de menite, da obdelava va\u0161ih osebnih podatkov kr\u0161i slovenske predpise ali predpise EU na podro\u010dju varstva osebnih podatkov.<\/span><\/p><p><span style=\"font-weight: 400;\">\u010ce ste uveljavljali pravico do dostopa do podatkov in po prejeti odlo\u010ditvi menite, da prejeti podatki niso tisti, ki ste jih zahtevali ali da niste prejeli vseh zahtevanih osebnih podatkov, lahko pred vlo\u017eitvijo prito\u017ebe pri Informacijskem poobla\u0161\u010dencu vlo\u017eite obrazlo\u017eeno prito\u017ebo pri podjetju v roku 15 dni. O va\u0161i prito\u017ebi bomo odlo\u010dili kot o novi zahtevi v petih delovnih dneh.<\/span><\/p><h4><span style=\"font-weight: 400;\">Kon\u010dne dolo\u010dbe<\/span><\/h4><p><span style=\"font-weight: 400;\">Za vsa vpra\u0161anja, ki niso urejena s tem Pravilnikom o zasebnosti, se uporablja veljavna zakonodaja.<\/span><\/p><p><span style=\"font-weight: 400;\">Podjetje si pridr\u017euje pravico do spremembe tega Pravilnika o zasebnosti. O vsaki spremembi vas bomo obvestili preko objave na uradni spletni strani podjetja PIKA. DIGITAL D.O.O. najmanj 30 dni pred za\u010detkom njene veljavnosti.<\/span><\/p><p class=\"translation-block\">\u010ce imate kakr\u0161na koli vpra\u0161anja v zvezi s Pravilnikom o zasebnosti ali podatki, ki jih hranimo o vas, nas lahko kontaktirate na e-po\u0161tni naslov hello@pikadigital.eu.<\/p><p><span style=\"font-weight: 400;\">Ta Pravilnik o zasebnosti je objavljen na spletni strani PIKA. DIGITAL d.o.o. in za\u010dne veljati 28.6.2023.<\/span><\/p>\t\t\t\t\t\t\t\t<\/div>\n\t\t\t\t<\/div>\n\t\t\t\t\t<\/div>\n\t\t\t\t<\/div>\n\t\t\t\t\t<\/div>\n\t\t\t\t<\/div>\n\t\t\t\t<\/div>","protected":false},"excerpt":{"rendered":"<p>Privacy Policy About the Privacy Policy The purpose of the privacy policy of PIKA. DIGITAL D.O.O. (hereinafter referred to as the &#8220;Privacy Policy&#8221;) is to inform the users of services provided by PIKA. DIGITAL D.O.O. and other individuals (hereinafter also referred to as &#8220;individuals&#8221;) about the purposes and legal basis for the processing of personal [&hellip;]<\/p>","protected":false},"author":3,"featured_media":0,"parent":0,"menu_order":0,"comment_status":"closed","ping_status":"open","template":"","meta":{"footnotes":""},"class_list":["post-3","page","type-page","status-publish","hentry"],"jetpack_sharing_enabled":true,"_links":{"self":[{"href":"https:\/\/pikadigital.eu\/sl\/wp-json\/wp\/v2\/pages\/3","targetHints":{"allow":["GET"]}}],"collection":[{"href":"https:\/\/pikadigital.eu\/sl\/wp-json\/wp\/v2\/pages"}],"about":[{"href":"https:\/\/pikadigital.eu\/sl\/wp-json\/wp\/v2\/types\/page"}],"author":[{"embeddable":true,"href":"https:\/\/pikadigital.eu\/sl\/wp-json\/wp\/v2\/users\/3"}],"replies":[{"embeddable":true,"href":"https:\/\/pikadigital.eu\/sl\/wp-json\/wp\/v2\/comments?post=3"}],"version-history":[{"count":0,"href":"https:\/\/pikadigital.eu\/sl\/wp-json\/wp\/v2\/pages\/3\/revisions"}],"wp:attachment":[{"href":"https:\/\/pikadigital.eu\/sl\/wp-json\/wp\/v2\/media?parent=3"}],"curies":[{"name":"wp","href":"https:\/\/api.w.org\/{rel}","templated":true}]}}