{"id":5595,"date":"2024-07-26T10:02:40","date_gmt":"2024-07-26T08:02:40","guid":{"rendered":"https:\/\/pikadigital.eu\/?page_id=5595"},"modified":"2024-09-15T13:23:10","modified_gmt":"2024-09-15T11:23:10","slug":"cs-abp-sport","status":"publish","type":"page","link":"https:\/\/pikadigital.eu\/sl\/cs-abp-sport\/","title":{"rendered":"CS ABP Sport"},"content":{"rendered":"<div data-elementor-type=\"wp-page\" data-elementor-id=\"5595\" class=\"elementor elementor-5595\" data-elementor-post-type=\"page\">\n\t\t\t\t<div class=\"elementor-element elementor-element-6096c04 e-flex e-con-boxed e-con e-parent\" data-id=\"6096c04\" data-element_type=\"container\" data-settings=\"{&quot;jet_parallax_layout_list&quot;:[]}\">\n\t\t\t\t\t<div class=\"e-con-inner\">\n\t\t\t\t<div class=\"elementor-element elementor-element-0714273 elementor-widget-mobile__width-initial elementor-widget elementor-widget-text-editor\" data-id=\"0714273\" data-element_type=\"widget\" data-widget_type=\"text-editor.default\">\n\t\t\t\t<div class=\"elementor-widget-container\">\n\t\t\t\t\t\t\t\t\t<div class=\"text\"><div class=\"text text\">\u0160tudija primera<\/div><\/div>\t\t\t\t\t\t\t\t<\/div>\n\t\t\t\t<\/div>\n\t\t\t\t<div class=\"elementor-element elementor-element-956a790 elementor-widget elementor-widget-text-editor\" data-id=\"956a790\" data-element_type=\"widget\" data-widget_type=\"text-editor.default\">\n\t\t\t\t<div class=\"elementor-widget-container\">\n\t\t\t\t\t\t\t\t\t<p><strong>April = novi december<\/strong><\/p>\t\t\t\t\t\t\t\t<\/div>\n\t\t\t\t<\/div>\n\t\t<div class=\"elementor-element elementor-element-9e7255a e-con-full e-flex e-con e-child\" data-id=\"9e7255a\" data-element_type=\"container\" data-settings=\"{&quot;jet_parallax_layout_list&quot;:[]}\">\n\t\t<div class=\"elementor-element elementor-element-45072e8 e-con-full e-flex e-con e-child\" data-id=\"45072e8\" data-element_type=\"container\" data-settings=\"{&quot;jet_parallax_layout_list&quot;:[]}\">\n\t\t\t\t<div class=\"elementor-element elementor-element-fb89945 elementor-widget elementor-widget-text-editor\" data-id=\"fb89945\" data-element_type=\"widget\" data-widget_type=\"text-editor.default\">\n\t\t\t\t<div class=\"elementor-widget-container\">\n\t\t\t\t\t\t\t\t\t<p class=\"translation-block\"><b>Rekordni<\/b> mesec prodaje<\/p>\t\t\t\t\t\t\t\t<\/div>\n\t\t\t\t<\/div>\n\t\t\t\t<div class=\"elementor-element elementor-element-c49c5e6 elementor-widget elementor-widget-text-editor\" data-id=\"c49c5e6\" data-element_type=\"widget\" data-widget_type=\"text-editor.default\">\n\t\t\t\t<div class=\"elementor-widget-container\">\n\t\t\t\t\t\t\t\t\t<p>Najbolj\u0161i mesec za prodajo je...<\/p>\t\t\t\t\t\t\t\t<\/div>\n\t\t\t\t<\/div>\n\t\t\t\t<div class=\"elementor-element elementor-element-0cb67a0 elementor-widget elementor-widget-text-editor\" data-id=\"0cb67a0\" data-element_type=\"widget\" data-widget_type=\"text-editor.default\">\n\t\t\t\t<div class=\"elementor-widget-container\">\n\t\t\t\t\t\t\t\t\t<p>December!<\/p><p>\u00a0<\/p><p>Ne.<\/p><p>\u00a0<\/p><p>APRIL!<\/p>\t\t\t\t\t\t\t\t<\/div>\n\t\t\t\t<\/div>\n\t\t\t\t<div class=\"elementor-element elementor-element-1c0e00d elementor-widget elementor-widget-text-editor\" data-id=\"1c0e00d\" data-element_type=\"widget\" data-widget_type=\"text-editor.default\">\n\t\t\t\t<div class=\"elementor-widget-container\">\n\t\t\t\t\t\t\t\t\t<p>Zakaj april?<\/p>\t\t\t\t\t\t\t\t<\/div>\n\t\t\t\t<\/div>\n\t\t\t\t<div class=\"elementor-element elementor-element-4fdb918 elementor-widget elementor-widget-text-editor\" data-id=\"4fdb918\" data-element_type=\"widget\" data-widget_type=\"text-editor.default\">\n\t\t\t\t<div class=\"elementor-widget-container\">\n\t\t\t\t\t\t\t\t\t<p>ABP prosport prodaja \u0161portne prehranske dodatke - proteine, vitamine ipd.<\/p><p>\u00a0<\/p><p class=\"translation-block\">Splo\u0161no velja, da je decembra prodaja ve\u010dja, po novem letu pa upade.<\/p><p>\u00a0<\/p><p class=\"translation-block\">A \u010de vemo, kaj delamo, lahko ta vzorec spremenimo.<\/p>\t\t\t\t\t\t\t\t<\/div>\n\t\t\t\t<\/div>\n\t\t\t\t<\/div>\n\t\t<div class=\"elementor-element elementor-element-f4d3f06 e-con-full e-flex e-con e-child\" data-id=\"f4d3f06\" data-element_type=\"container\" data-settings=\"{&quot;jet_parallax_layout_list&quot;:[]}\">\n\t\t\t\t<div class=\"elementor-element elementor-element-c752693 elementor-widget elementor-widget-image\" data-id=\"c752693\" data-element_type=\"widget\" data-widget_type=\"image.default\">\n\t\t\t\t<div class=\"elementor-widget-container\">\n\t\t\t\t\t\t\t\t\t\t\t\t\t\t\t<img fetchpriority=\"high\" decoding=\"async\" width=\"478\" height=\"749\" src=\"https:\/\/pikadigital.eu\/wp-content\/uploads\/2024\/07\/Prva-slika-1.png\" class=\"attachment-large size-large wp-image-5597\" alt=\"\" srcset=\"https:\/\/pikadigital.eu\/wp-content\/uploads\/2024\/07\/Prva-slika-1.png 478w, https:\/\/pikadigital.eu\/wp-content\/uploads\/2024\/07\/Prva-slika-1-191x300.png 191w, https:\/\/pikadigital.eu\/wp-content\/uploads\/2024\/07\/Prva-slika-1-8x12.png 8w\" sizes=\"(max-width: 478px) 100vw, 478px\" \/>\t\t\t\t\t\t\t\t\t\t\t\t\t\t\t<\/div>\n\t\t\t\t<\/div>\n\t\t\t\t<\/div>\n\t\t\t\t<\/div>\n\t\t\t\t\t<\/div>\n\t\t\t\t<\/div>\n\t\t<div class=\"elementor-element elementor-element-978c7b4 e-flex e-con-boxed e-con e-parent\" data-id=\"978c7b4\" data-element_type=\"container\" data-settings=\"{&quot;jet_parallax_layout_list&quot;:[]}\">\n\t\t\t\t\t<div class=\"e-con-inner\">\n\t\t\t\t<div class=\"elementor-element elementor-element-3f04cea elementor-widget elementor-widget-image\" data-id=\"3f04cea\" data-element_type=\"widget\" id=\"grafslo\" data-widget_type=\"image.default\">\n\t\t\t\t<div class=\"elementor-widget-container\">\n\t\t\t\t\t\t\t\t\t\t\t\t\t\t\t<img decoding=\"async\" width=\"800\" height=\"274\" src=\"https:\/\/pikadigital.eu\/wp-content\/uploads\/2024\/07\/Group-4992-1024x351.png\" class=\"attachment-large size-large wp-image-5598\" alt=\"\" srcset=\"https:\/\/pikadigital.eu\/wp-content\/uploads\/2024\/07\/Group-4992-1024x351.png 1024w, https:\/\/pikadigital.eu\/wp-content\/uploads\/2024\/07\/Group-4992-600x206.png 600w, https:\/\/pikadigital.eu\/wp-content\/uploads\/2024\/07\/Group-4992-300x103.png 300w, https:\/\/pikadigital.eu\/wp-content\/uploads\/2024\/07\/Group-4992-768x264.png 768w, https:\/\/pikadigital.eu\/wp-content\/uploads\/2024\/07\/Group-4992-18x6.png 18w, https:\/\/pikadigital.eu\/wp-content\/uploads\/2024\/07\/Group-4992.png 1154w\" sizes=\"(max-width: 800px) 100vw, 800px\" \/>\t\t\t\t\t\t\t\t\t\t\t\t\t\t\t<\/div>\n\t\t\t\t<\/div>\n\t\t\t\t<div class=\"elementor-element elementor-element-32dc105 elementor-widget elementor-widget-image\" data-id=\"32dc105\" data-element_type=\"widget\" id=\"grafeng\" data-widget_type=\"image.default\">\n\t\t\t\t<div class=\"elementor-widget-container\">\n\t\t\t\t\t\t\t\t\t\t\t\t\t\t\t<img decoding=\"async\" width=\"800\" height=\"440\" src=\"https:\/\/pikadigital.eu\/wp-content\/uploads\/2024\/07\/EN_graf-1024x563.png\" class=\"attachment-large size-large wp-image-5629\" alt=\"\" srcset=\"https:\/\/pikadigital.eu\/wp-content\/uploads\/2024\/07\/EN_graf-1024x563.png 1024w, https:\/\/pikadigital.eu\/wp-content\/uploads\/2024\/07\/EN_graf-600x330.png 600w, https:\/\/pikadigital.eu\/wp-content\/uploads\/2024\/07\/EN_graf-300x165.png 300w, https:\/\/pikadigital.eu\/wp-content\/uploads\/2024\/07\/EN_graf-768x422.png 768w, https:\/\/pikadigital.eu\/wp-content\/uploads\/2024\/07\/EN_graf-1536x844.png 1536w, https:\/\/pikadigital.eu\/wp-content\/uploads\/2024\/07\/EN_graf-18x10.png 18w, https:\/\/pikadigital.eu\/wp-content\/uploads\/2024\/07\/EN_graf.png 1608w\" sizes=\"(max-width: 800px) 100vw, 800px\" \/>\t\t\t\t\t\t\t\t\t\t\t\t\t\t\t<\/div>\n\t\t\t\t<\/div>\n\t\t\t\t<div class=\"elementor-element elementor-element-e7684d2 elementor-widget elementor-widget-html\" data-id=\"e7684d2\" data-element_type=\"widget\" data-widget_type=\"html.default\">\n\t\t\t\t<div class=\"elementor-widget-container\">\n\t\t\t\t\t<script>\ndocument.addEventListener(\"DOMContentLoaded\", function() {\n    if (window.location.pathname == '\/en\/cs-abp-sport\/') {\n        document.getElementById('grafeng').style.display = 'block';\n    }\n});\n<\/script>\n\n<script>\ndocument.addEventListener(\"DOMContentLoaded\", function() {\n    if (window.location.pathname == '\/sl\/cs-abp-sport\/') {\n        document.getElementById('grafslo').style.display = 'block';\n    }\n});\n<\/script>\n\n<script>\ndocument.addEventListener(\"DOMContentLoaded\", function() {\n    if (window.location.pathname == '\/hr\/cs-abp-sport\/') {\n        document.getElementById('grafeng').style.display = 'block';\n    }\n});\n<\/script>\t\t\t\t<\/div>\n\t\t\t\t<\/div>\n\t\t\t\t\t<\/div>\n\t\t\t\t<\/div>\n\t\t<div class=\"elementor-element elementor-element-3dd35be e-flex e-con-boxed e-con e-parent\" data-id=\"3dd35be\" data-element_type=\"container\" data-settings=\"{&quot;jet_parallax_layout_list&quot;:[]}\">\n\t\t\t\t\t<div class=\"e-con-inner\">\n\t\t\t\t<div class=\"elementor-element elementor-element-3e12e7e elementor-widget-mobile__width-initial elementor-widget elementor-widget-text-editor\" data-id=\"3e12e7e\" data-element_type=\"widget\" data-widget_type=\"text-editor.default\">\n\t\t\t\t<div class=\"elementor-widget-container\">\n\t\t\t\t\t\t\t\t\t<div class=\"text\"><div class=\"text text\">Kreativni pristop<\/div><\/div>\t\t\t\t\t\t\t\t<\/div>\n\t\t\t\t<\/div>\n\t\t\t\t<div class=\"elementor-element elementor-element-d26100f elementor-widget elementor-widget-text-editor\" data-id=\"d26100f\" data-element_type=\"widget\" data-widget_type=\"text-editor.default\">\n\t\t\t\t<div class=\"elementor-widget-container\">\n\t\t\t\t\t\t\t\t\t<p class=\"translation-block\">Kako za vraga smo aprila dosegli ve\u010djo prodajo kot decembra?<\/p>\t\t\t\t\t\t\t\t<\/div>\n\t\t\t\t<\/div>\n\t\t<div class=\"elementor-element elementor-element-d9235cd e-con-full e-flex e-con e-child\" data-id=\"d9235cd\" data-element_type=\"container\" data-settings=\"{&quot;jet_parallax_layout_list&quot;:[]}\">\n\t\t\t\t<div class=\"elementor-element elementor-element-058ac3b elementor-widget elementor-widget-text-editor\" data-id=\"058ac3b\" data-element_type=\"widget\" data-widget_type=\"text-editor.default\">\n\t\t\t\t<div class=\"elementor-widget-container\">\n\t\t\t\t\t\t\t\t\t<p class=\"translation-block\">1. Dejstvo - vsi imamo radi darila<\/p>\t\t\t\t\t\t\t\t<\/div>\n\t\t\t\t<\/div>\n\t\t\t\t<div class=\"elementor-element elementor-element-8271080 elementor-widget elementor-widget-text-editor\" data-id=\"8271080\" data-element_type=\"widget\" data-widget_type=\"text-editor.default\">\n\t\t\t\t<div class=\"elementor-widget-container\">\n\t\t\t\t\t\t\t\t\t<p class=\"translation-block\">Ve\u010dina ljudi ima kot popust raje darilo, tudi \u010de je vrednost darila manj\u0161a.<\/p><p class=\"translation-block\">Zato smo od avgusta do februarja izpostavljali akcije.<\/p><p class=\"translation-block\">Marca in aprila pa ponudili darilo ob nakupu.<\/p><p><span style=\"font-weight: 400;\">A moramo paziti na eno pomembno stvar..<\/span><\/p>\t\t\t\t\t\t\t\t<\/div>\n\t\t\t\t<\/div>\n\t\t\t\t<div class=\"elementor-element elementor-element-0d47d64 elementor-widget elementor-widget-image\" data-id=\"0d47d64\" data-element_type=\"widget\" data-widget_type=\"image.default\">\n\t\t\t\t<div class=\"elementor-widget-container\">\n\t\t\t\t\t\t\t\t\t\t\t\t\t\t\t<img loading=\"lazy\" decoding=\"async\" width=\"792\" height=\"345\" src=\"https:\/\/pikadigital.eu\/wp-content\/uploads\/2024\/07\/akcije-1-1.png\" class=\"attachment-large size-large wp-image-5600\" alt=\"\" srcset=\"https:\/\/pikadigital.eu\/wp-content\/uploads\/2024\/07\/akcije-1-1.png 792w, https:\/\/pikadigital.eu\/wp-content\/uploads\/2024\/07\/akcije-1-1-600x261.png 600w, https:\/\/pikadigital.eu\/wp-content\/uploads\/2024\/07\/akcije-1-1-300x131.png 300w, https:\/\/pikadigital.eu\/wp-content\/uploads\/2024\/07\/akcije-1-1-768x335.png 768w, https:\/\/pikadigital.eu\/wp-content\/uploads\/2024\/07\/akcije-1-1-18x8.png 18w\" sizes=\"(max-width: 792px) 100vw, 792px\" \/>\t\t\t\t\t\t\t\t\t\t\t\t\t\t\t<\/div>\n\t\t\t\t<\/div>\n\t\t\t\t<\/div>\n\t\t<div class=\"elementor-element elementor-element-4934eaa e-con-full e-flex e-con e-child\" data-id=\"4934eaa\" data-element_type=\"container\" data-settings=\"{&quot;jet_parallax_layout_list&quot;:[]}\">\n\t\t\t\t<div class=\"elementor-element elementor-element-7b6b928 elementor-widget elementor-widget-text-editor\" data-id=\"7b6b928\" data-element_type=\"widget\" data-widget_type=\"text-editor.default\">\n\t\t\t\t<div class=\"elementor-widget-container\">\n\t\t\t\t\t\t\t\t\t<p>2. Dejstvo - kupci se na akcije \u201cnavadijo\u201d<\/p>\t\t\t\t\t\t\t\t<\/div>\n\t\t\t\t<\/div>\n\t\t\t\t<div class=\"elementor-element elementor-element-0415f26 elementor-widget__width-initial elementor-widget elementor-widget-text-editor\" data-id=\"0415f26\" data-element_type=\"widget\" data-widget_type=\"text-editor.default\">\n\t\t\t\t<div class=\"elementor-widget-container\">\n\t\t\t\t\t\t\t\t\t<p class=\"translation-block\">To je \u0161e posebej nevarno, \u010de prodajate izdelke, ki se kupijo le enkrat.<\/p><p><strong>A se ABP tej nevarnosti izogne:<\/strong><\/p><ul><li>Prehranske dodatke se porabi, kar spodbudi nov nakup.<\/li><li>Razli\u010dne znamke so podobne - kupci radi preizkusijo nove izdelke.<\/li><li style=\"font-weight: 400;\" aria-level=\"1\">Akcije za kupce zmanj\u0161ajo paralizo izbire.<\/li><\/ul>\t\t\t\t\t\t\t\t<\/div>\n\t\t\t\t<\/div>\n\t\t\t\t<div class=\"elementor-element elementor-element-1db9b9e elementor-widget elementor-widget-image\" data-id=\"1db9b9e\" data-element_type=\"widget\" data-widget_type=\"image.default\">\n\t\t\t\t<div class=\"elementor-widget-container\">\n\t\t\t\t\t\t\t\t\t\t\t\t\t\t\t<img loading=\"lazy\" decoding=\"async\" width=\"792\" height=\"345\" src=\"https:\/\/pikadigital.eu\/wp-content\/uploads\/2024\/07\/akcije-2-1.png\" class=\"attachment-large size-large wp-image-5601\" alt=\"\" srcset=\"https:\/\/pikadigital.eu\/wp-content\/uploads\/2024\/07\/akcije-2-1.png 792w, https:\/\/pikadigital.eu\/wp-content\/uploads\/2024\/07\/akcije-2-1-600x261.png 600w, https:\/\/pikadigital.eu\/wp-content\/uploads\/2024\/07\/akcije-2-1-300x131.png 300w, https:\/\/pikadigital.eu\/wp-content\/uploads\/2024\/07\/akcije-2-1-768x335.png 768w, https:\/\/pikadigital.eu\/wp-content\/uploads\/2024\/07\/akcije-2-1-18x8.png 18w\" sizes=\"(max-width: 792px) 100vw, 792px\" \/>\t\t\t\t\t\t\t\t\t\t\t\t\t\t\t<\/div>\n\t\t\t\t<\/div>\n\t\t\t\t<div class=\"elementor-element elementor-element-ac1b77e elementor-widget elementor-widget-text-editor\" data-id=\"ac1b77e\" data-element_type=\"widget\" data-widget_type=\"text-editor.default\">\n\t\t\t\t<div class=\"elementor-widget-container\">\n\t\t\t\t\t\t\t\t\t<p><span style=\"font-weight: 400;\">In \u0161e najbolj pomembno!<\/span><\/p>\t\t\t\t\t\t\t\t<\/div>\n\t\t\t\t<\/div>\n\t\t\t\t<\/div>\n\t\t<div class=\"elementor-element elementor-element-5aebb55 e-con-full e-flex e-con e-child\" data-id=\"5aebb55\" data-element_type=\"container\" data-settings=\"{&quot;jet_parallax_layout_list&quot;:[]}\">\n\t\t\t\t<div class=\"elementor-element elementor-element-2da83bb elementor-widget elementor-widget-text-editor\" data-id=\"2da83bb\" data-element_type=\"widget\" data-widget_type=\"text-editor.default\">\n\t\t\t\t<div class=\"elementor-widget-container\">\n\t\t\t\t\t\t\t\t\t<p>3. Dejstvo - \u0161porta se pomladi<\/p>\t\t\t\t\t\t\t\t<\/div>\n\t\t\t\t<\/div>\n\t\t\t\t<div class=\"elementor-element elementor-element-81d455e elementor-widget__width-initial elementor-widget elementor-widget-text-editor\" data-id=\"81d455e\" data-element_type=\"widget\" data-widget_type=\"text-editor.default\">\n\t\t\t\t<div class=\"elementor-widget-container\">\n\t\t\t\t\t\t\t\t\t<p><span style=\"font-weight: 400;\">Prvi val nakupov je bil decembra, kar je tipi\u010dno.<\/span><\/p><p><b>Kar ni normalno, je drugi val nakupov aprila.<\/b><\/p><p><span style=\"font-weight: 400;\">Razlog za na\u0161 uspeh je:<\/span><\/p><ul><li><span style=\"font-weight: 400;\">Poznavanje navad kupcev - spomladi za\u010dnemo telovaditi<\/span><\/li><li style=\"font-weight: 400;\" aria-level=\"1\"><span style=\"font-weight: 400;\">Res privla\u010dne akcije z darili<\/span><\/li><li style=\"font-weight: 400;\" aria-level=\"1\"><span style=\"font-weight: 400;\">Ogla\u0161evanje na ve\u010d kanalih hkrati<\/span><\/li><\/ul>\t\t\t\t\t\t\t\t<\/div>\n\t\t\t\t<\/div>\n\t\t\t\t<div class=\"elementor-element elementor-element-c2f954d elementor-widget elementor-widget-image\" data-id=\"c2f954d\" data-element_type=\"widget\" data-widget_type=\"image.default\">\n\t\t\t\t<div class=\"elementor-widget-container\">\n\t\t\t\t\t\t\t\t\t\t\t\t\t\t\t<img loading=\"lazy\" decoding=\"async\" width=\"792\" height=\"345\" src=\"https:\/\/pikadigital.eu\/wp-content\/uploads\/2024\/07\/oglasi_od_aprila-1.png\" class=\"attachment-large size-large wp-image-5602\" alt=\"\" srcset=\"https:\/\/pikadigital.eu\/wp-content\/uploads\/2024\/07\/oglasi_od_aprila-1.png 792w, https:\/\/pikadigital.eu\/wp-content\/uploads\/2024\/07\/oglasi_od_aprila-1-600x261.png 600w, https:\/\/pikadigital.eu\/wp-content\/uploads\/2024\/07\/oglasi_od_aprila-1-300x131.png 300w, https:\/\/pikadigital.eu\/wp-content\/uploads\/2024\/07\/oglasi_od_aprila-1-768x335.png 768w, https:\/\/pikadigital.eu\/wp-content\/uploads\/2024\/07\/oglasi_od_aprila-1-18x8.png 18w\" sizes=\"(max-width: 792px) 100vw, 792px\" \/>\t\t\t\t\t\t\t\t\t\t\t\t\t\t\t<\/div>\n\t\t\t\t<\/div>\n\t\t\t\t<\/div>\n\t\t\t\t\t<\/div>\n\t\t\t\t<\/div>\n\t\t<div class=\"elementor-element elementor-element-8f86aa5 e-flex e-con-boxed e-con e-parent\" data-id=\"8f86aa5\" data-element_type=\"container\" data-settings=\"{&quot;jet_parallax_layout_list&quot;:[]}\">\n\t\t\t\t\t<div class=\"e-con-inner\">\n\t\t<div class=\"elementor-element elementor-element-0efbb35 e-con-full e-flex e-con e-child\" data-id=\"0efbb35\" data-element_type=\"container\" data-settings=\"{&quot;jet_parallax_layout_list&quot;:[]}\">\n\t\t\t\t<div class=\"elementor-element elementor-element-4753e89 elementor-widget__width-initial elementor-widget elementor-widget-text-editor\" data-id=\"4753e89\" data-element_type=\"widget\" data-widget_type=\"text-editor.default\">\n\t\t\t\t<div class=\"elementor-widget-container\">\n\t\t\t\t\t\t\t\t\t<p><span style=\"font-weight: 400;\">Prodajali smo z e-maili.<\/span><\/p>\t\t\t\t\t\t\t\t<\/div>\n\t\t\t\t<\/div>\n\t\t\t\t<div class=\"elementor-element elementor-element-c5955d5 elementor-widget elementor-widget-image\" data-id=\"c5955d5\" data-element_type=\"widget\" data-widget_type=\"image.default\">\n\t\t\t\t<div class=\"elementor-widget-container\">\n\t\t\t\t\t\t\t\t\t\t\t\t\t\t\t<img loading=\"lazy\" decoding=\"async\" width=\"339\" height=\"583\" src=\"https:\/\/pikadigital.eu\/wp-content\/uploads\/2024\/07\/mail-1.png\" class=\"attachment-large size-large wp-image-5604\" alt=\"\" srcset=\"https:\/\/pikadigital.eu\/wp-content\/uploads\/2024\/07\/mail-1.png 339w, https:\/\/pikadigital.eu\/wp-content\/uploads\/2024\/07\/mail-1-174x300.png 174w, https:\/\/pikadigital.eu\/wp-content\/uploads\/2024\/07\/mail-1-7x12.png 7w\" sizes=\"(max-width: 339px) 100vw, 339px\" \/>\t\t\t\t\t\t\t\t\t\t\t\t\t\t\t<\/div>\n\t\t\t\t<\/div>\n\t\t\t\t<div class=\"elementor-element elementor-element-81f3334 elementor-widget elementor-widget-text-editor\" data-id=\"81f3334\" data-element_type=\"widget\" data-widget_type=\"text-editor.default\">\n\t\t\t\t<div class=\"elementor-widget-container\">\n\t\t\t\t\t\t\t\t\t<p><span style=\"font-weight: 400;\">In dru\u017ebenimi omre\u017eji.<\/span><\/p>\t\t\t\t\t\t\t\t<\/div>\n\t\t\t\t<\/div>\n\t\t\t\t<\/div>\n\t\t<div class=\"elementor-element elementor-element-5c56bda e-con-full e-flex e-con e-child\" data-id=\"5c56bda\" data-element_type=\"container\" data-settings=\"{&quot;jet_parallax_layout_list&quot;:[]}\">\n\t\t\t\t<div class=\"elementor-element elementor-element-40194a0 elementor-hidden-tablet elementor-hidden-mobile elementor-widget elementor-widget-text-editor\" data-id=\"40194a0\" data-element_type=\"widget\" data-widget_type=\"text-editor.default\">\n\t\t\t\t<div class=\"elementor-widget-container\">\n\t\t\t\t\t\t\t\t\t<p><span style=\"font-weight: 400;\">Z Meta oglasi.<\/span><\/p>\t\t\t\t\t\t\t\t<\/div>\n\t\t\t\t<\/div>\n\t\t\t\t<div class=\"elementor-element elementor-element-1ee4b2c elementor-widget elementor-widget-image\" data-id=\"1ee4b2c\" data-element_type=\"widget\" data-widget_type=\"image.default\">\n\t\t\t\t<div class=\"elementor-widget-container\">\n\t\t\t\t\t\t\t\t\t\t\t\t\t\t\t<img loading=\"lazy\" decoding=\"async\" width=\"318\" height=\"523\" src=\"https:\/\/pikadigital.eu\/wp-content\/uploads\/2024\/07\/Meta_oglas-1.png\" class=\"attachment-large size-large wp-image-5605\" alt=\"\" srcset=\"https:\/\/pikadigital.eu\/wp-content\/uploads\/2024\/07\/Meta_oglas-1.png 318w, https:\/\/pikadigital.eu\/wp-content\/uploads\/2024\/07\/Meta_oglas-1-182x300.png 182w, https:\/\/pikadigital.eu\/wp-content\/uploads\/2024\/07\/Meta_oglas-1-7x12.png 7w\" sizes=\"(max-width: 318px) 100vw, 318px\" \/>\t\t\t\t\t\t\t\t\t\t\t\t\t\t\t<\/div>\n\t\t\t\t<\/div>\n\t\t\t\t<\/div>\n\t\t\t\t\t<\/div>\n\t\t\t\t<\/div>\n\t\t<div class=\"elementor-element elementor-element-cf471c8 e-flex e-con-boxed e-con e-child\" data-id=\"cf471c8\" data-element_type=\"container\" data-settings=\"{&quot;jet_parallax_layout_list&quot;:[]}\">\n\t\t\t\t\t<div class=\"e-con-inner\">\n\t\t<div class=\"elementor-element elementor-element-2740439 e-con-full e-flex e-con e-child\" data-id=\"2740439\" data-element_type=\"container\" data-settings=\"{&quot;jet_parallax_layout_list&quot;:[]}\">\n\t\t\t\t<div class=\"elementor-element elementor-element-c5a57aa elementor-widget elementor-widget-image\" data-id=\"c5a57aa\" data-element_type=\"widget\" data-widget_type=\"image.default\">\n\t\t\t\t<div class=\"elementor-widget-container\">\n\t\t\t\t\t\t\t\t\t\t\t\t\t\t\t<img loading=\"lazy\" decoding=\"async\" width=\"360\" height=\"544\" src=\"https:\/\/pikadigital.eu\/wp-content\/uploads\/2024\/07\/oglas2-1.png\" class=\"attachment-large size-large wp-image-5603\" alt=\"\" srcset=\"https:\/\/pikadigital.eu\/wp-content\/uploads\/2024\/07\/oglas2-1.png 360w, https:\/\/pikadigital.eu\/wp-content\/uploads\/2024\/07\/oglas2-1-199x300.png 199w, https:\/\/pikadigital.eu\/wp-content\/uploads\/2024\/07\/oglas2-1-8x12.png 8w\" sizes=\"(max-width: 360px) 100vw, 360px\" \/>\t\t\t\t\t\t\t\t\t\t\t\t\t\t\t<\/div>\n\t\t\t\t<\/div>\n\t\t\t\t<\/div>\n\t\t<div class=\"elementor-element elementor-element-3ea5a4f e-con-full e-flex e-con e-child\" data-id=\"3ea5a4f\" data-element_type=\"container\" data-settings=\"{&quot;jet_parallax_layout_list&quot;:[]}\">\n\t\t\t\t<div class=\"elementor-element elementor-element-068ff60 elementor-widget-mobile__width-initial elementor-widget elementor-widget-text-editor\" data-id=\"068ff60\" data-element_type=\"widget\" data-widget_type=\"text-editor.default\">\n\t\t\t\t<div class=\"elementor-widget-container\">\n\t\t\t\t\t\t\t\t\t<div class=\"text\"><div class=\"text text\">Cilj kampanje<\/div><\/div>\t\t\t\t\t\t\t\t<\/div>\n\t\t\t\t<\/div>\n\t\t\t\t<div class=\"elementor-element elementor-element-811db8b elementor-widget elementor-widget-text-editor\" data-id=\"811db8b\" data-element_type=\"widget\" data-widget_type=\"text-editor.default\">\n\t\t\t\t<div class=\"elementor-widget-container\">\n\t\t\t\t\t\t\t\t\t<p><b>Akcija je uspela, ker smo se mi prilagodili kupcem.<\/b><\/p>\t\t\t\t\t\t\t\t<\/div>\n\t\t\t\t<\/div>\n\t\t\t\t<div class=\"elementor-element elementor-element-2cc4b29 elementor-widget elementor-widget-text-editor\" data-id=\"2cc4b29\" data-element_type=\"widget\" data-widget_type=\"text-editor.default\">\n\t\t\t\t<div class=\"elementor-widget-container\">\n\t\t\t\t\t\t\t\t\t<p>Namesto da upamo, da bodo \u010dude\u017eno odprli svoje denarnice.<\/p><p class=\"translation-block\">Smo jih o\u010darali s pomladno kampanjo, ki se je ujemala z njihovimi navadami.<\/p>\t\t\t\t\t\t\t\t<\/div>\n\t\t\t\t<\/div>\n\t\t\t\t<div class=\"elementor-element elementor-element-a7754ca elementor-widget elementor-widget-text-editor\" data-id=\"a7754ca\" data-element_type=\"widget\" data-widget_type=\"text-editor.default\">\n\t\t\t\t<div class=\"elementor-widget-container\">\n\t\t\t\t\t\t\t\t\t<p class=\"translation-block\">To je razlika med dobro ali vrhunsko kampanjo.<\/p>\t\t\t\t\t\t\t\t<\/div>\n\t\t\t\t<\/div>\n\t\t\t\t<\/div>\n\t\t\t\t\t<\/div>\n\t\t\t\t<\/div>\n\t\t<div class=\"elementor-element elementor-element-384aac7 e-flex e-con-boxed e-con e-parent\" data-id=\"384aac7\" data-element_type=\"container\" data-settings=\"{&quot;jet_parallax_layout_list&quot;:[]}\">\n\t\t\t\t\t<div class=\"e-con-inner\">\n\t\t\t\t<div class=\"elementor-element elementor-element-f70b578 elementor-widget__width-inherit elementor-widget elementor-widget-heading\" data-id=\"f70b578\" data-element_type=\"widget\" data-widget_type=\"heading.default\">\n\t\t\t\t<div class=\"elementor-widget-container\">\n\t\t\t\t\t<h2 class=\"elementor-heading-title elementor-size-default translation-block\">\u017delite ustvariti naslednjo zgodbo o uspehu?<\/h2>\t\t\t\t<\/div>\n\t\t\t\t<\/div>\n\t\t\t\t<div class=\"elementor-element elementor-element-3d3ce7e elementor-align-center elementor-widget elementor-widget-button\" data-id=\"3d3ce7e\" data-element_type=\"widget\" data-widget_type=\"button.default\">\n\t\t\t\t<div class=\"elementor-widget-container\">\n\t\t\t\t\t\t\t\t\t<div class=\"elementor-button-wrapper\">\n\t\t\t\t\t<a class=\"elementor-button elementor-button-link elementor-size-lg\" href=\"https:\/\/pikadigital.eu\/sl\/contact\/\">\n\t\t\t\t\t\t<span class=\"elementor-button-content-wrapper\">\n\t\t\t\t\t\t\t\t\t<span class=\"elementor-button-text\">Pi\u0161ite nam!<\/span>\n\t\t\t\t\t<\/span>\n\t\t\t\t\t<\/a>\n\t\t\t\t<\/div>\n\t\t\t\t\t\t\t\t<\/div>\n\t\t\t\t<\/div>\n\t\t\t\t\t<\/div>\n\t\t\t\t<\/div>\n\t\t\t\t<\/div>","protected":false},"excerpt":{"rendered":"<p>Case study April = The New December Record sales month The best month for sales is.. December \u00a0 No! \u00a0 APRIL! Why april? ABP prosport sells sport nutrition supplements &#8211; proteins, vitamins etc. \u00a0 Generally, in December, sales are higher and rapidly drop after new years. \u00a0 But if you know what you\u2019re doing, you [&hellip;]<\/p>","protected":false},"author":3,"featured_media":0,"parent":0,"menu_order":0,"comment_status":"closed","ping_status":"closed","template":"","meta":{"footnotes":""},"class_list":["post-5595","page","type-page","status-publish","hentry"],"jetpack_sharing_enabled":true,"_links":{"self":[{"href":"https:\/\/pikadigital.eu\/sl\/wp-json\/wp\/v2\/pages\/5595","targetHints":{"allow":["GET"]}}],"collection":[{"href":"https:\/\/pikadigital.eu\/sl\/wp-json\/wp\/v2\/pages"}],"about":[{"href":"https:\/\/pikadigital.eu\/sl\/wp-json\/wp\/v2\/types\/page"}],"author":[{"embeddable":true,"href":"https:\/\/pikadigital.eu\/sl\/wp-json\/wp\/v2\/users\/3"}],"replies":[{"embeddable":true,"href":"https:\/\/pikadigital.eu\/sl\/wp-json\/wp\/v2\/comments?post=5595"}],"version-history":[{"count":0,"href":"https:\/\/pikadigital.eu\/sl\/wp-json\/wp\/v2\/pages\/5595\/revisions"}],"wp:attachment":[{"href":"https:\/\/pikadigital.eu\/sl\/wp-json\/wp\/v2\/media?parent=5595"}],"curies":[{"name":"wp","href":"https:\/\/api.w.org\/{rel}","templated":true}]}}