{"id":980,"date":"2023-04-06T10:31:13","date_gmt":"2023-04-06T10:31:13","guid":{"rendered":"https:\/\/pika360.si\/?page_id=980"},"modified":"2024-11-11T23:06:49","modified_gmt":"2024-11-11T22:06:49","slug":"cookie-policy","status":"publish","type":"page","link":"https:\/\/pikadigital.eu\/sl\/cookie-policy\/","title":{"rendered":"Politika pi\u0161kotkov"},"content":{"rendered":"<div data-elementor-type=\"wp-page\" data-elementor-id=\"980\" class=\"elementor elementor-980\" data-elementor-post-type=\"page\">\n\t\t\t\t<div class=\"elementor-element elementor-element-3ccd220 e-flex e-con-boxed e-con e-parent\" data-id=\"3ccd220\" data-element_type=\"container\" data-settings=\"{&quot;jet_parallax_layout_list&quot;:[]}\">\n\t\t\t\t\t<div class=\"e-con-inner\">\n\t\t\t\t<div class=\"elementor-element elementor-element-357204b elementor-widget elementor-widget-text-editor\" data-id=\"357204b\" data-element_type=\"widget\" id=\"manjsiTextPolitika\" data-widget_type=\"text-editor.default\">\n\t\t\t\t<div class=\"elementor-widget-container\">\n\t\t\t\t\t\t\t\t\t<style>\n    a.cky-banner-element {\n    font-size: 16px;\n    font-weight: bold;\n    text-transform: uppercase;\n    text-decoration: none;\n    line-height: 22px;\n    letter-spacing: 1px;\n    fill: #FFFFFF;\n    color: #FFFFFF;\n    background-color: #FFFFFF00;\n    border-style: solid;\n    border-width: 2px 2px 2px 2px;\n    border-radius: 50px 50px 50px 50px;\n    padding: 15px 40px 15px 40px;\n}\n<\/style>\n<h1 class=\"cookie-policy-h1\">Politika pi\u0161kotkov<\/h1>\n<p>\n    Veljavno od: 06-Apr-2023 <br>\n    Nazadnje posodobljeno: 06-Apr-2023\n<\/p>\n\n&nbsp;\n<h5>Kaj so spletni pi\u0161kotki?<\/h5>\n<div class=\"cookie-policy-p\"><p>Ta pravilnik o pi\u0161kotkih pojasnjuje, kaj so pi\u0161kotki in kako jih uporabljamo, katere vrste pi\u0161kotkov uporabljamo, tj. katere podatke zbiramo s pi\u0161kotki in kako jih uporabljamo, ter kako upravljati nastavitve pi\u0161kotkov.<\/p> <p>Pi\u0161kotki so majhne besedilne datoteke, ki se uporabljajo za shranjevanje majhnih informacij. V va\u0161o napravo se shranijo, ko se spletno mesto nalo\u017ei v va\u0161 brskalnik. Ti pi\u0161kotki nam pomagajo, da spletno mesto pravilno deluje, da je bolj varno, da zagotovimo bolj\u0161o uporabni\u0161ko izku\u0161njo in da razumemo, kako spletno mesto deluje, ter analiziramo, kaj deluje in kje so potrebne izbolj\u0161ave.<\/p><\/div>\n\n&nbsp;\n<h5>Kako uporabljamo pi\u0161kotke?<\/h5>\n<div class=\"cookie-policy-p\"><p>Kot ve\u010dina spletnih storitev tudi na\u0161e spletno mesto uporablja pi\u0161kotke prve in tretje osebe za razli\u010dne namene. Pi\u0161kotki prve strani so ve\u010dinoma potrebni za pravilno delovanje spletnega mesta in ne zbirajo nobenih va\u0161ih osebnih podatkov.<\/p> <p>Pi\u0161kotki tretjih oseb, ki se uporabljajo na na\u0161em spletnem mestu, so v glavnem namenjeni razumevanju delovanja spletnega mesta in va\u0161e interakcije z njim, zagotavljanju varnosti na\u0161ih storitev, zagotavljanju oglasov, ki so za vas pomembni, ter zagotavljanju bolj\u0161e in izbolj\u0161ane uporabni\u0161ke izku\u0161nje in pospe\u0161evanju va\u0161ih prihodnjih interakcij z na\u0161im spletnim mestom.<\/p><\/div>\n\n&nbsp;\n    <h5>Vrste spletnih pi\u0161kotkov, ki jih uporabljamo<\/h5>\n\n    <div class=\"cky-audit-table-element\"><\/div>\n\n&nbsp;\n    <h5 style=\"margin-bottom:20px;\">Upravljanje spletnih pi\u0161kotkov<\/h5>\n<br\/>\n    <a class=\"cky-banner-element\">Nastavitve pi\u0161kotkov<\/a> <br\/>\n<br\/><br\/>\n    <div><p>Izbira, ali \u017eelite uporabljati pi\u0161kotke ali ne, je vedno va\u0161a. V primeru, da uporabo zavrnete, se trajni pi\u0161kotki v va\u0161 brskalnik ne bodo nalo\u017eili. Nalo\u017eili se bodo le lastni\/obvezni pi\u0161kotki. S tem vam ne moremo zagotoviti, da boste lahko uporabljali spletno stran z vsemi lastnostmi. <\/p> <p>Razli\u010dni brskalniki omogo\u010dajo razli\u010dne na\u010dine blokiranja in brisanja pi\u0161kotkov, ki jih uporabljajo spletne strani. Za blokiranje\/izbris pi\u0161kotkov lahko spremenite nastavitve brskalnika. \nSpodaj so navedene povezave do podpornih dokumentov o upravljanju in brisanju pi\u0161kotkov iz glavnih spletnih brskalnikov.<\/p> <p>Chrome: <a href=\"https:\/\/support.google.com\/accounts\/answer\/32050\" target=\"_blank\">https:\/\/support.google.com\/accounts\/answer\/32050<\/a><\/p><p>Safari: <a href=\"https:\/\/support.apple.com\/en-in\/guide\/safari\/sfri11471\/mac\" target=\"_blank\">https:\/\/support.apple.com\/en-in\/guide\/safari\/sfri11471\/mac<\/a><\/p><p>Firefox: <a href=\"https:\/\/support.mozilla.org\/en-US\/kb\/clear-cookies-and-site-data-firefox?redirectslug=delete-cookies-remove-info-websites-stored&#038;redirectlocale=en-US\" target=\"_blank\">https:\/\/support.mozilla.org\/en-US\/kb\/clear-cookies-and-site-data-firefox?redirectslug=delete-cookies-remove-info-websites-stored&#038;redirectlocale=en-US<\/a><\/p><p>Internet Explorer: <a href=\"https:\/\/support.microsoft.com\/en-us\/topic\/how-to-delete-cookie-files-in-internet-explorer-bca9446f-d873-78de-77ba-d42645fa52fc\" target=\"_blank\">https:\/\/support.microsoft.com\/en-us\/topic\/how-to-delete-cookie-files-in-internet-explorer-bca9446f-d873-78de-77ba-d42645fa52fc<\/a><\/p><p>\u010ce uporabljate katerikoli drug spletni brskalnik, poi\u0161\u010dite uradne dokumente za podporo va\u0161ega brskalnika.<\/p><\/div>\n<\/p>\t\t\t\t\t\t\t\t<\/div>\n\t\t\t\t<\/div>\n\t\t\t\t\t<\/div>\n\t\t\t\t<\/div>\n\t\t\t\t<\/div>","protected":false},"excerpt":{"rendered":"<p>Cookie Policy Effective Date: 06-Apr-2023 Last Updated: 06-Apr-2023 &nbsp; What are cookies? This Cookie Policy explains what cookies are and how we use them, the types of cookies we use i.e, the information we collect using cookies and how that information is used, and how to manage the cookie settings. Cookies are small text files [&hellip;]<\/p>","protected":false},"author":3,"featured_media":0,"parent":0,"menu_order":0,"comment_status":"closed","ping_status":"closed","template":"","meta":{"footnotes":""},"class_list":["post-980","page","type-page","status-publish","hentry"],"jetpack_sharing_enabled":true,"_links":{"self":[{"href":"https:\/\/pikadigital.eu\/sl\/wp-json\/wp\/v2\/pages\/980","targetHints":{"allow":["GET"]}}],"collection":[{"href":"https:\/\/pikadigital.eu\/sl\/wp-json\/wp\/v2\/pages"}],"about":[{"href":"https:\/\/pikadigital.eu\/sl\/wp-json\/wp\/v2\/types\/page"}],"author":[{"embeddable":true,"href":"https:\/\/pikadigital.eu\/sl\/wp-json\/wp\/v2\/users\/3"}],"replies":[{"embeddable":true,"href":"https:\/\/pikadigital.eu\/sl\/wp-json\/wp\/v2\/comments?post=980"}],"version-history":[{"count":0,"href":"https:\/\/pikadigital.eu\/sl\/wp-json\/wp\/v2\/pages\/980\/revisions"}],"wp:attachment":[{"href":"https:\/\/pikadigital.eu\/sl\/wp-json\/wp\/v2\/media?parent=980"}],"curies":[{"name":"wp","href":"https:\/\/api.w.org\/{rel}","templated":true}]}}