{"id":11691,"date":"2024-10-03T20:39:32","date_gmt":"2024-10-03T18:39:32","guid":{"rendered":"https:\/\/pikadigital.eu\/?post_type=product&#038;p=11691"},"modified":"2024-11-21T13:24:21","modified_gmt":"2024-11-21T12:24:21","slug":"socialna-omrezja","status":"publish","type":"product","link":"https:\/\/pikadigital.eu\/sl\/izdelek\/socialna-omrezja\/","title":{"rendered":"Objava na socialnih omre\u017ejih"},"content":{"rendered":"<p>Sodobni marketing se vrti okoli dru\u017ebenih omre\u017eij. Danes niso ve\u010d samo domena mlaj\u0161ih generacij, zato je vodenje, priprava kreativ in ustreznih besedil klju\u010dna za ve\u010danje dosega va\u0161e blagovne znamke.<\/p>\n<p>&nbsp;<\/p>\n<p><strong>Izkoristite trende. Aktivirajte svoje sledilce. Organsko raz\u0161irite svoj doseg BREZ dodatnih stro\u0161kov ogla\u0161evanja.<\/strong><\/p>","protected":false},"excerpt":{"rendered":"<h3>STATI\u010cNA OBJAVA<\/h3>\n<ul>\n<li>Grafi\u010dno oblikovanje kreative (za FB, IG ali LinkedIn)<\/li>\n<li>Pisanje besedila<\/li>\n<li>Hitra izdelava: manj\u0161a naro\u010dila \u017ee v 3 dneh<\/li>\n<\/ul>","protected":false},"featured_media":9101,"comment_status":"open","ping_status":"closed","template":"","meta":[],"product_brand":[],"product_cat":[57],"product_tag":[],"class_list":{"0":"post-11691","1":"product","2":"type-product","3":"status-publish","4":"has-post-thumbnail","6":"product_cat-social","8":"first","9":"instock","10":"virtual","11":"taxable","12":"purchasable","13":"product-type-simple"},"jetpack_sharing_enabled":true,"_links":{"self":[{"href":"https:\/\/pikadigital.eu\/sl\/wp-json\/wp\/v2\/product\/11691","targetHints":{"allow":["GET"]}}],"collection":[{"href":"https:\/\/pikadigital.eu\/sl\/wp-json\/wp\/v2\/product"}],"about":[{"href":"https:\/\/pikadigital.eu\/sl\/wp-json\/wp\/v2\/types\/product"}],"replies":[{"embeddable":true,"href":"https:\/\/pikadigital.eu\/sl\/wp-json\/wp\/v2\/comments?post=11691"}],"wp:featuredmedia":[{"embeddable":true,"href":"https:\/\/pikadigital.eu\/sl\/wp-json\/wp\/v2\/media\/9101"}],"wp:attachment":[{"href":"https:\/\/pikadigital.eu\/sl\/wp-json\/wp\/v2\/media?parent=11691"}],"wp:term":[{"taxonomy":"product_brand","embeddable":true,"href":"https:\/\/pikadigital.eu\/sl\/wp-json\/wp\/v2\/product_brand?post=11691"},{"taxonomy":"product_cat","embeddable":true,"href":"https:\/\/pikadigital.eu\/sl\/wp-json\/wp\/v2\/product_cat?post=11691"},{"taxonomy":"product_tag","embeddable":true,"href":"https:\/\/pikadigital.eu\/sl\/wp-json\/wp\/v2\/product_tag?post=11691"}],"curies":[{"name":"wp","href":"https:\/\/api.w.org\/{rel}","templated":true}]}}