{"id":11693,"date":"2024-10-03T20:39:38","date_gmt":"2024-10-03T18:39:38","guid":{"rendered":"https:\/\/pikadigital.eu\/?post_type=product&#038;p=11693"},"modified":"2024-11-21T13:23:16","modified_gmt":"2024-11-21T12:23:16","slug":"meta-fb-oglasevanje","status":"publish","type":"product","link":"https:\/\/pikadigital.eu\/sl\/izdelek\/meta-fb-oglasevanje\/","title":{"rendered":"Meta oglas"},"content":{"rendered":"<p>Facebook in Instagram imata skupaj ve\u010d kot 4 milijarde uporabnikov. Va\u0161i potencialni kupci so med njimi. Izkoristite mo\u010d Mete s kreativnimi, profesionalno oblikovanimi oglasi, ki s pomo\u010djo oblikovalskih in psiholo\u0161kih na\u010del pritegnejo pozornost va\u0161ih idealnih kupcev.<\/p>\n<p>&nbsp;<\/p>\n<p><strong>Pove\u010dajte prodajo. Izbolj\u0161ajte prepoznavnost svoje blagovne znamke. Komunicirajte s svojimi kupci.<\/strong><\/p>","protected":false},"excerpt":{"rendered":"<h3>FB\/IG STATI\u010cEN OGLAS:<\/h3>\n<ul>\n<li>Oblikovanje kreative (feed + story)<\/li>\n<li>Pisanje besedila<\/li>\n<li>Hitra izdelava: manj\u0161a naro\u010dila \u017ee v 3 dneh<\/li>\n<\/ul>","protected":false},"featured_media":9104,"comment_status":"open","ping_status":"closed","template":"","meta":[],"product_brand":[],"product_cat":[56],"product_tag":[],"class_list":{"0":"post-11693","1":"product","2":"type-product","3":"status-publish","4":"has-post-thumbnail","6":"product_cat-meta","8":"first","9":"instock","10":"virtual","11":"taxable","12":"purchasable","13":"product-type-simple"},"jetpack_sharing_enabled":true,"_links":{"self":[{"href":"https:\/\/pikadigital.eu\/sl\/wp-json\/wp\/v2\/product\/11693","targetHints":{"allow":["GET"]}}],"collection":[{"href":"https:\/\/pikadigital.eu\/sl\/wp-json\/wp\/v2\/product"}],"about":[{"href":"https:\/\/pikadigital.eu\/sl\/wp-json\/wp\/v2\/types\/product"}],"replies":[{"embeddable":true,"href":"https:\/\/pikadigital.eu\/sl\/wp-json\/wp\/v2\/comments?post=11693"}],"wp:featuredmedia":[{"embeddable":true,"href":"https:\/\/pikadigital.eu\/sl\/wp-json\/wp\/v2\/media\/9104"}],"wp:attachment":[{"href":"https:\/\/pikadigital.eu\/sl\/wp-json\/wp\/v2\/media?parent=11693"}],"wp:term":[{"taxonomy":"product_brand","embeddable":true,"href":"https:\/\/pikadigital.eu\/sl\/wp-json\/wp\/v2\/product_brand?post=11693"},{"taxonomy":"product_cat","embeddable":true,"href":"https:\/\/pikadigital.eu\/sl\/wp-json\/wp\/v2\/product_cat?post=11693"},{"taxonomy":"product_tag","embeddable":true,"href":"https:\/\/pikadigital.eu\/sl\/wp-json\/wp\/v2\/product_tag?post=11693"}],"curies":[{"name":"wp","href":"https:\/\/api.w.org\/{rel}","templated":true}]}}